{"id":44,"date":"2025-11-12T11:31:30","date_gmt":"2025-11-12T10:31:30","guid":{"rendered":"https:\/\/www.uni-weimar.de\/projekte\/smartliving-wellbeing\/?page_id=44"},"modified":"2025-11-12T11:35:28","modified_gmt":"2025-11-12T10:35:28","slug":"das-projekt","status":"publish","type":"page","link":"https:\/\/www.uni-weimar.de\/projekte\/smartliving-wellbeing\/das-projekt\/","title":{"rendered":"Das Projekt"},"content":{"rendered":"\n<div class=\"wp-block-group alignwide is-vertical is-layout-flex wp-container-core-group-is-layout-fe9cc265 wp-block-group-is-layout-flex\">\n<p>Dieses Promotionsprojekt entsteht im Rahmen des <strong>Graduiertenkollegs \u201eGewohnter Wandel\u201c<\/strong> an der <strong>Bauhaus-Universit\u00e4t Weimar<\/strong>. Das Kolleg untersucht, wie sich allt\u00e4gliche Lebens- und Wohnformen unter dem Einfluss gesellschaftlicher, technologischer und \u00f6kologischer Ver\u00e4nderungen wandeln.<\/p>\n\n\n\n<p>Im Kontext dieses Forschungsrahmens besch\u00e4ftigt sich das Projekt mit der Frage, <strong>wie Smart-Home-Technologien den sozialen Alltag, die famili\u00e4ren Dynamiken und das Wohlbefinden der Bewohner*innen pr\u00e4gen<\/strong>.<\/p>\n\n\n\n<p><\/p>\n\n\n\n<h2 class=\"wp-block-heading\"><strong>Motivation \ud83c\udfe0\u2728<\/strong><\/h2>\n\n\n\n<p>Mit zunehmender Nutzung von Smart Homes stellt sich die Frage: Wie beeinflussen intelligente Technologien unser t\u00e4gliches Leben und unser Wohlbefinden? Meine Forschung untersucht diese Wechselwirkungen, insbesondere soziale Dynamiken, Familie und pers\u00f6nliche Autonomie.\u201d<\/p>\n\n\n\n<h2 class=\"wp-block-heading\"><strong>Forschungsfragen \u2753\ud83d\udc68\u200d\ud83d\udc69\u200d\ud83d\udc67\u200d\ud83d\udc66<\/strong><\/h2>\n\n\n\n<p><strong>Hauptfrage:<\/strong><\/p>\n\n\n\n<p>Wie beeinflussen Smart-Home-Technologien die soziale Lebensqualit\u00e4t von Haushaltsmitgliedern \u2013 insbesondere im Hinblick auf allt\u00e4gliche Interaktionen, Routinen und das wahrgenommene Wohlbefinden?<\/p>\n\n\n\n<p><strong>Teilfragen:<\/strong><\/p>\n\n\n\n<ul class=\"wp-block-list\">\n<li>Inwiefern ver\u00e4ndern Smart-Home-Technologien famili\u00e4re Rollen und Dynamiken? (z. B. wer \u00fcbernimmt Verantwortung, wie entstehen neue Formen der Zusammenarbeit oder Kontrolle?)<\/li>\n\n\n\n<li>Wie wirken sich Smart-Home-Technologien auf Gef\u00fchle von sozialer Verbundenheit und Einsamkeit im h\u00e4uslichen Umfeld aus?<\/li>\n<\/ul>\n\n\n\n<h2 class=\"wp-block-heading\"><strong>Methodologie \ud83d\udd2c\ud83d\udcca<\/strong><\/h2>\n\n\n\n<p>Die Forschung folgt einem <strong>Mixed-Methods-Ansatz<\/strong>, der <strong>qualitative Methoden<\/strong> kombinieren soll. Dadurch sollen umfassende Einblicke in die <strong>Faktoren gewonnen werden, die das Wohlbefinden und die Lebensqualit\u00e4t im Smart Home beeinflussen<\/strong>.<\/p>\n\n\n\n<p><\/p>\n\n\n\n<h2 class=\"wp-block-heading\"><strong>Beitrag \ud83c\udf1f\ud83d\udca1<\/strong><\/h2>\n\n\n\n<p>Die Forschung soll sich mit zentralen gesellschaftlichen Herausforderungen auseinandersetzen und dazu beitragen, <strong>Hindernisse bei der Nutzung und Akzeptanz von Smart-Home-Technologien<\/strong> zu identifizieren.<\/p>\n\n\n\n<p>Aus praktischer Perspektive soll das Projekt <strong>Empfehlungen f\u00fcr die Gestaltung und Umsetzung inklusiver, nutzerzentrierter Smart-Home-L\u00f6sungen<\/strong> liefern, die darauf abzielen, die <strong>Lebensqualit\u00e4t im Alltag zu verbessern<\/strong> und <strong>positive soziale Interaktionen im h\u00e4uslichen Umfeld zu f\u00f6rdern<\/strong>.<\/p>\n<\/div>\n\n\n\n<p><\/p>\n","protected":false},"excerpt":{"rendered":"<p>Dieses Promotionsprojekt entsteht im Rahmen des Graduiertenkollegs \u201eGewohnter Wandel\u201c an der Bauhaus-Universit\u00e4t Weimar. Das Kolleg untersucht, wie sich allt\u00e4gliche Lebens- und Wohnformen unter dem Einfluss gesellschaftlicher, technologischer und \u00f6kologischer Ver\u00e4nderungen wandeln. Im Kontext dieses Forschungsrahmens besch\u00e4ftigt sich das Projekt mit der Frage, wie Smart-Home-Technologien den sozialen Alltag, die famili\u00e4ren Dynamiken und das Wohlbefinden der Bewohner*innen [&hellip;]<\/p>\n","protected":false},"author":2,"featured_media":47,"parent":0,"menu_order":0,"comment_status":"closed","ping_status":"closed","template":"","meta":{"footnotes":""},"class_list":["post-44","page","type-page","status-publish","has-post-thumbnail","hentry"],"_links":{"self":[{"href":"https:\/\/www.uni-weimar.de\/projekte\/smartliving-wellbeing\/wp-json\/wp\/v2\/pages\/44","targetHints":{"allow":["GET"]}}],"collection":[{"href":"https:\/\/www.uni-weimar.de\/projekte\/smartliving-wellbeing\/wp-json\/wp\/v2\/pages"}],"about":[{"href":"https:\/\/www.uni-weimar.de\/projekte\/smartliving-wellbeing\/wp-json\/wp\/v2\/types\/page"}],"author":[{"embeddable":true,"href":"https:\/\/www.uni-weimar.de\/projekte\/smartliving-wellbeing\/wp-json\/wp\/v2\/users\/2"}],"replies":[{"embeddable":true,"href":"https:\/\/www.uni-weimar.de\/projekte\/smartliving-wellbeing\/wp-json\/wp\/v2\/comments?post=44"}],"version-history":[{"count":3,"href":"https:\/\/www.uni-weimar.de\/projekte\/smartliving-wellbeing\/wp-json\/wp\/v2\/pages\/44\/revisions"}],"predecessor-version":[{"id":48,"href":"https:\/\/www.uni-weimar.de\/projekte\/smartliving-wellbeing\/wp-json\/wp\/v2\/pages\/44\/revisions\/48"}],"wp:featuredmedia":[{"embeddable":true,"href":"https:\/\/www.uni-weimar.de\/projekte\/smartliving-wellbeing\/wp-json\/wp\/v2\/media\/47"}],"wp:attachment":[{"href":"https:\/\/www.uni-weimar.de\/projekte\/smartliving-wellbeing\/wp-json\/wp\/v2\/media?parent=44"}],"curies":[{"name":"wp","href":"https:\/\/api.w.org\/{rel}","templated":true}]}}