{"id":2620,"date":"2023-09-05T11:34:26","date_gmt":"2023-09-05T09:34:26","guid":{"rendered":"https:\/\/www.uni-weimar.de\/projekte\/radioartresidencyweimar\/?page_id=2620"},"modified":"2023-09-05T11:51:00","modified_gmt":"2023-09-05T09:51:00","slug":"esteban-ferro-2","status":"publish","type":"page","link":"https:\/\/www.uni-weimar.de\/projekte\/radioartresidencyweimar\/de\/esteban-ferro-2\/","title":{"rendered":"Esteban Ferro"},"content":{"rendered":"\n<div class=\"wp-block-cover alignfull has-white-background-color has-parallax has-custom-content-position is-position-top-center\" style=\"background-image:url(https:\/\/www.uni-weimar.de\/projekte\/radioartresidencyweimar\/wp-content\/uploads\/2022\/03\/BackGround.png);min-height:1401px\"><div class=\"wp-block-cover__inner-container\">\n<div style=\"height:111px\" aria-hidden=\"true\" class=\"wp-block-spacer\"><\/div>\n\n\n\n<div class=\"wp-block-group alignfull\"><div class=\"wp-block-group__inner-container\">\n<div class=\"wp-block-columns alignfull\">\n<div class=\"wp-block-column is-vertically-aligned-center\" style=\"flex-basis:100%\">\n<div class=\"wp-block-columns\">\n<div class=\"wp-block-column\" style=\"flex-basis:20%\"><\/div>\n\n\n\n<div class=\"wp-block-column\" style=\"flex-basis:60%\">\n<div class=\"wp-block-columns\">\n<div class=\"wp-block-column\">\n<div class=\"wp-block-image\"><figure class=\"aligncenter size-full\"><img loading=\"lazy\" width=\"566\" height=\"678\" src=\"https:\/\/www.uni-weimar.de\/projekte\/radioartresidencyweimar\/wp-content\/uploads\/2023\/09\/WP-ESTEBAN-1.png\" alt=\"\" class=\"wp-image-2634\" srcset=\"https:\/\/www.uni-weimar.de\/projekte\/radioartresidencyweimar\/wp-content\/uploads\/2023\/09\/WP-ESTEBAN-1.png 566w, https:\/\/www.uni-weimar.de\/projekte\/radioartresidencyweimar\/wp-content\/uploads\/2023\/09\/WP-ESTEBAN-1-250x300.png 250w\" sizes=\"(max-width: 566px) 100vw, 566px\" \/><\/figure><\/div>\n\n\n\n<div class=\"wp-block-buttons\">\n<div class=\"wp-block-button is-style-outline\"><a class=\"wp-block-button__link has-text-color has-background\" href=\"https:\/\/www.uni-weimar.de\/projekte\/radioartresidencyweimar\/de\/home_de\/\" style=\"background-color:#eadfdc;color:#4d836e\"><strong>0.1 Pressemitteilung<\/strong><\/a><\/div>\n<\/div>\n<\/div>\n\n\n\n<div class=\"wp-block-column\">\n<p><span style=\"color: #000000;\"><strong>Esteban Ferro<\/strong> ist ein K\u00fcnstler aus Bogot\u00e1, der in Mexiko-Stadt lebt. Er schloss sein Grundstudium der bildenden K\u00fcnste an der Nationalen Universit\u00e4t von Kolumbien ab und absolviert derzeit einen Masterstudiengang in bildenden K\u00fcnsten an der Nationalen Autonomen Universit\u00e4t von Mexiko (UNAM).<\/span><\/p>\n<p><span style=\"color: #000000;\">In seiner Arbeit untersucht er die Beziehungen zwischen Klang, Erinnerung und Fiktion in lateinamerikanischen sozio-politischen Kontexten. In seiner Praxis befasst er sich mit Prozessen des Zuh\u00f6rens, der Transkription und des Reenactments, indem er mit sozialen Diskursen experimentiert, die in der \u00d6ffentlichkeit und den Medien verbreitet werden. Seine Projekte haben einen multidisziplin\u00e4ren Charakter, da sie sich gleichzeitig in audiovisuellen, akustischen, redaktionellen und performativen Arbeiten materialisieren.<\/span><\/p>\n<p><span style=\"color: #000000;\">Seine Arbeiten wurden in Kollektivausstellungen und auf Festivals in Kolumbien, Mexiko und Deutschland gezeigt. Er hat auch k\u00fcnstlerische Aufenthalte an Orten wie dem Festival Auditum (Medellin), Puerto Contempor\u00e1neo para las Artes (Bogot\u00e1-Cartagena), INBA\/Museo Carrillo Gil und The Lab Program (Ciudad de M\u00e9xico) absolviert. Er hat mehrere Stipendien f\u00fcr k\u00fcnstlerische Produktionen erhalten, darunter den Independent Editorial Projects Grant 2021 und den CK Web Grant for Radio Projects, beide von IDARTES. Sein Projekt &#8220;Llamado de Guerra&#8221; wurde als einer der Gewinner des XIV. National Salon of Young Art in der Galerie Santa Fe im Jahr 2021 ausgew\u00e4hlt.<\/span><\/p>\n<\/div>\n<\/div>\n<\/div>\n\n\n\n<div class=\"wp-block-column\" style=\"flex-basis:20%\"><\/div>\n<\/div>\n<\/div>\n<\/div>\n<\/div><\/div>\n<\/div><\/div>\n","protected":false},"excerpt":{"rendered":"","protected":false},"author":8,"featured_media":0,"parent":0,"menu_order":0,"comment_status":"closed","ping_status":"closed","template":"","meta":[],"_links":{"self":[{"href":"https:\/\/www.uni-weimar.de\/projekte\/radioartresidencyweimar\/wp-json\/wp\/v2\/pages\/2620"}],"collection":[{"href":"https:\/\/www.uni-weimar.de\/projekte\/radioartresidencyweimar\/wp-json\/wp\/v2\/pages"}],"about":[{"href":"https:\/\/www.uni-weimar.de\/projekte\/radioartresidencyweimar\/wp-json\/wp\/v2\/types\/page"}],"author":[{"embeddable":true,"href":"https:\/\/www.uni-weimar.de\/projekte\/radioartresidencyweimar\/wp-json\/wp\/v2\/users\/8"}],"replies":[{"embeddable":true,"href":"https:\/\/www.uni-weimar.de\/projekte\/radioartresidencyweimar\/wp-json\/wp\/v2\/comments?post=2620"}],"version-history":[{"count":4,"href":"https:\/\/www.uni-weimar.de\/projekte\/radioartresidencyweimar\/wp-json\/wp\/v2\/pages\/2620\/revisions"}],"predecessor-version":[{"id":2651,"href":"https:\/\/www.uni-weimar.de\/projekte\/radioartresidencyweimar\/wp-json\/wp\/v2\/pages\/2620\/revisions\/2651"}],"wp:attachment":[{"href":"https:\/\/www.uni-weimar.de\/projekte\/radioartresidencyweimar\/wp-json\/wp\/v2\/media?parent=2620"}],"curies":[{"name":"wp","href":"https:\/\/api.w.org\/{rel}","templated":true}]}}