{"id":2158,"date":"2022-03-05T15:55:17","date_gmt":"2022-03-05T14:55:17","guid":{"rendered":"https:\/\/www.uni-weimar.de\/projekte\/radioartresidencyweimar\/?page_id=2158"},"modified":"2024-10-23T04:39:29","modified_gmt":"2024-10-23T02:39:29","slug":"home_de","status":"publish","type":"page","link":"https:\/\/www.uni-weimar.de\/projekte\/radioartresidencyweimar\/de\/home_de\/","title":{"rendered":"HOME"},"content":{"rendered":"\n<div class=\"wp-block-cover alignfull has-black-background-color has-custom-content-position is-position-center-left\" style=\"min-height:600px\"><img loading=\"lazy\" width=\"1430\" height=\"770\" class=\"wp-block-cover__image-background wp-image-1905\" alt=\"\" src=\"https:\/\/www.uni-weimar.de\/projekte\/radioartresidencyweimar\/wp-content\/uploads\/2022\/03\/Frame-8top-1.png\" style=\"object-position:54% 100%\" data-object-fit=\"cover\" data-object-position=\"54% 100%\" srcset=\"https:\/\/www.uni-weimar.de\/projekte\/radioartresidencyweimar\/wp-content\/uploads\/2022\/03\/Frame-8top-1.png 1430w, https:\/\/www.uni-weimar.de\/projekte\/radioartresidencyweimar\/wp-content\/uploads\/2022\/03\/Frame-8top-1-300x162.png 300w, https:\/\/www.uni-weimar.de\/projekte\/radioartresidencyweimar\/wp-content\/uploads\/2022\/03\/Frame-8top-1-1024x551.png 1024w, https:\/\/www.uni-weimar.de\/projekte\/radioartresidencyweimar\/wp-content\/uploads\/2022\/03\/Frame-8top-1-768x414.png 768w\" sizes=\"(max-width: 1430px) 100vw, 1430px\" \/><div class=\"wp-block-cover__inner-container\">\n<div class=\"wp-block-columns\">\n<div class=\"wp-block-column\" style=\"flex-basis:10%\"><\/div>\n\n\n\n<div class=\"wp-block-column\" style=\"flex-basis:66.66%\">\n<div class=\"wp-block-image\"><figure class=\"aligncenter size-full is-resized\"><img src=\"https:\/\/www.uni-weimar.de\/projekte\/radioartresidencyweimar\/wp-content\/uploads\/2022\/03\/radio-art-residency-weimartitle.png\" alt=\"\" class=\"wp-image-1906\" width=\"615\" srcset=\"https:\/\/www.uni-weimar.de\/projekte\/radioartresidencyweimar\/wp-content\/uploads\/2022\/03\/radio-art-residency-weimartitle.png 823w, https:\/\/www.uni-weimar.de\/projekte\/radioartresidencyweimar\/wp-content\/uploads\/2022\/03\/radio-art-residency-weimartitle-300x130.png 300w, https:\/\/www.uni-weimar.de\/projekte\/radioartresidencyweimar\/wp-content\/uploads\/2022\/03\/radio-art-residency-weimartitle-768x333.png 768w\" sizes=\"(max-width: 823px) 100vw, 823px\" \/><\/figure><\/div>\n<\/div>\n<\/div>\n<\/div><\/div>\n\n\n\n<div class=\"wp-block-cover alignfull has-white-background-color has-parallax has-custom-content-position is-position-top-center\" style=\"background-image:url(https:\/\/www.uni-weimar.de\/projekte\/radioartresidencyweimar\/wp-content\/uploads\/2022\/03\/BackGround.png);min-height:6183px\"><div class=\"wp-block-cover__inner-container\">\n<div class=\"wp-block-group alignfull\"><div class=\"wp-block-group__inner-container\">\n<div class=\"wp-block-columns alignfull\">\n<div class=\"wp-block-column is-vertically-aligned-center\" style=\"flex-basis:100%\">\n<div style=\"height:36px\" aria-hidden=\"true\" class=\"wp-block-spacer\"><\/div>\n\n\n\n<div class=\"wp-block-columns\">\n<div class=\"wp-block-column\" style=\"flex-basis:10%\"><\/div>\n\n\n\n<div class=\"wp-block-column\" style=\"flex-basis:66.66%\">\n<h2 class=\"alignwide has-text-align-left has-text-color has-huge-font-size\" style=\"color:#007074\">AKTUELLE NEUIGKEITEN<\/h2>\n<\/div>\n<\/div>\n\n\n\n<div style=\"height:20px\" aria-hidden=\"true\" class=\"wp-block-spacer\"><\/div>\n\n\n\n<div class=\"wp-block-columns\">\n<div class=\"wp-block-column\" style=\"flex-basis:25%\"><\/div>\n\n\n\n<div class=\"wp-block-column\" style=\"flex-basis:50%\">\n<div class=\"wp-block-query\"><ul class=\"wp-block-post-template\"><li>\n<h2 class=\"wp-block-post-title\"><a href=\"https:\/\/www.uni-weimar.de\/projekte\/radioartresidencyweimar\/vot-mot-canh-canh-chiem-bao-tran-dan-multichannel-audio-and-video-installation-by-ha-thuy-hang\/\" target=\"_self\" rel=\"   \">\u2026v\u1edbt m\u1ed9t canh c\u00e1nh chi\u00eam bao\u2026 (Tr\u1ea7n D\u1ea7n) &#8211; Multichannel audio and video installation by H\u00e0 Th\u00fay H\u1eb1ng.<\/a><\/h2>\n\n<figure class=\"alignwide wp-block-post-featured-image\"><a href=\"https:\/\/www.uni-weimar.de\/projekte\/radioartresidencyweimar\/vot-mot-canh-canh-chiem-bao-tran-dan-multichannel-audio-and-video-installation-by-ha-thuy-hang\/\"><img width=\"1200\" height=\"630\" src=\"https:\/\/www.uni-weimar.de\/projekte\/radioartresidencyweimar\/wp-content\/uploads\/2024\/10\/ngang-1.png\" class=\"attachment-post-thumbnail size-post-thumbnail wp-post-image\" alt=\"\" loading=\"lazy\" srcset=\"https:\/\/www.uni-weimar.de\/projekte\/radioartresidencyweimar\/wp-content\/uploads\/2024\/10\/ngang-1.png 1200w, https:\/\/www.uni-weimar.de\/projekte\/radioartresidencyweimar\/wp-content\/uploads\/2024\/10\/ngang-1-300x158.png 300w, https:\/\/www.uni-weimar.de\/projekte\/radioartresidencyweimar\/wp-content\/uploads\/2024\/10\/ngang-1-1024x538.png 1024w, https:\/\/www.uni-weimar.de\/projekte\/radioartresidencyweimar\/wp-content\/uploads\/2024\/10\/ngang-1-768x403.png 768w\" sizes=\"(max-width: 1200px) 100vw, 1200px\" \/><\/a><\/figure>\n\n<div class=\"has-text-color has-black-color wp-block-post-excerpt\"><p class=\"wp-block-post-excerpt__excerpt\">Place: SeaM (Studio for Electroacoustic Music) Room 011 Coudraystra\u00dfe 13A, 99423 WeimarOpening: October 25th, 2024 at 6pmFurther exhibition days and duration: October 26-27, 2024 from 4-8pm We hereby cordially invite you to the multichannel audio and video installation by H\u00e0 Th\u00fay H\u1eb1ng. About the exhibition \u2026v\u1edbt m\u1ed9t canh c\u00e1nh chi\u00eam bao\u2026 (Tr\u1ea7n D\u1ea7n)\u2026to grab a [&hellip;] <\/p><\/div>\n\n<div style=\"color: #007074;\" class=\"has-text-color wp-block-post-date\"><time datetime=\"2024-10-23T02:17:11+02:00\">23. October 2024<\/time><\/div>\n\n\n<hr class=\"wp-block-separator has-text-color has-background\" style=\"background-color:#007074;color:#007074\"\/>\n\n\n\n<p><\/p>\n\n<\/li><li>\n<h2 class=\"wp-block-post-title\"><a href=\"https:\/\/www.uni-weimar.de\/projekte\/radioartresidencyweimar\/the-pedagogy-of-the-oppressed-music-showcase-by-theo-pluto\/\" target=\"_self\" rel=\"   \">The Pedagogy Of The Oppressed &#8211; Music Showcase by Theo Pluto<\/a><\/h2>\n\n<figure class=\"alignwide wp-block-post-featured-image\"><a href=\"https:\/\/www.uni-weimar.de\/projekte\/radioartresidencyweimar\/the-pedagogy-of-the-oppressed-music-showcase-by-theo-pluto\/\"><img width=\"1587\" height=\"2245\" src=\"https:\/\/www.uni-weimar.de\/projekte\/radioartresidencyweimar\/wp-content\/uploads\/2024\/10\/Music-Series-Final-Poster.jpg\" class=\"attachment-post-thumbnail size-post-thumbnail wp-post-image\" alt=\"\" loading=\"lazy\" srcset=\"https:\/\/www.uni-weimar.de\/projekte\/radioartresidencyweimar\/wp-content\/uploads\/2024\/10\/Music-Series-Final-Poster.jpg 1587w, https:\/\/www.uni-weimar.de\/projekte\/radioartresidencyweimar\/wp-content\/uploads\/2024\/10\/Music-Series-Final-Poster-212x300.jpg 212w, https:\/\/www.uni-weimar.de\/projekte\/radioartresidencyweimar\/wp-content\/uploads\/2024\/10\/Music-Series-Final-Poster-724x1024.jpg 724w, https:\/\/www.uni-weimar.de\/projekte\/radioartresidencyweimar\/wp-content\/uploads\/2024\/10\/Music-Series-Final-Poster-768x1086.jpg 768w, https:\/\/www.uni-weimar.de\/projekte\/radioartresidencyweimar\/wp-content\/uploads\/2024\/10\/Music-Series-Final-Poster-1086x1536.jpg 1086w, https:\/\/www.uni-weimar.de\/projekte\/radioartresidencyweimar\/wp-content\/uploads\/2024\/10\/Music-Series-Final-Poster-1448x2048.jpg 1448w\" sizes=\"(max-width: 1587px) 100vw, 1587px\" \/><\/a><\/figure>\n\n<div class=\"has-text-color has-black-color wp-block-post-excerpt\"><p class=\"wp-block-post-excerpt__excerpt\">Place: Limona, Glass Building, Steubenstra\u00dfe 8, 99423 WeimarDates: October 25-27th, 2024 from 4-6pm We hereby cordially invite you to the three part music showcase by Theo Pluto. About the showcase The title &#8220;Pedagogy Of The Oppressed&#8221; is a borrowed from Paulo Freire&#8217;s rabble-rousing book of the same title which was also banned in South Africa [&hellip;] <\/p><\/div>\n\n<div style=\"color: #007074;\" class=\"has-text-color wp-block-post-date\"><time datetime=\"2024-10-23T02:02:25+02:00\">23. October 2024<\/time><\/div>\n\n\n<hr class=\"wp-block-separator has-text-color has-background\" style=\"background-color:#007074;color:#007074\"\/>\n\n\n\n<p><\/p>\n\n<\/li><li>\n<h2 class=\"wp-block-post-title\"><a href=\"https:\/\/www.uni-weimar.de\/projekte\/radioartresidencyweimar\/de\/vuvuzelas-and-sun-damage-by-warrick-swinney\/\" target=\"_self\" rel=\"   \">Vuvuzelas and Sun Damage by Warrick (Sony) Swinney auf Deutschlandfunk Kultur am 24.02.2023<\/a><\/h2>\n\n\n\n<div class=\"has-text-color has-black-color wp-block-post-excerpt\"><p class=\"wp-block-post-excerpt__excerpt\">UrsendungVuvuzelas and Sun DamageVon Warrick Swinney Produktion: Deutschlandfunk Kultur\/Goethe-Institut\/Bauhaus-Universit\u00e4t Weimar 2023L\u00e4nge: ca. 54&#8217;30 Wei\u00dfer Pop gegen die Apartheid: Damit wurde der s\u00fcdafrikanische Musiker Warrick Swinney in den 1980er Jahren ber\u00fchmt. Sp\u00e4ter arbeitete er als Sound Designer und Toningenieur. Nun komponiert er eine akustische Autobiografie. Warrick Swinney ist in S\u00fcdafrika eine Legende. Seine Band Kalahari Surfers [&hellip;] <\/p><\/div>\n\n<div style=\"color: #007074;\" class=\"has-text-color wp-block-post-date\"><time datetime=\"2023-02-21T22:40:08+01:00\">21. February 2023<\/time><\/div>\n\n\n<hr class=\"wp-block-separator has-text-color has-background\" style=\"background-color:#007074;color:#007074\"\/>\n\n\n\n<p><\/p>\n\n<\/li><li>\n<h2 class=\"wp-block-post-title\"><a href=\"https:\/\/www.uni-weimar.de\/projekte\/radioartresidencyweimar\/vuvuzelas-and-sun-damage-by-warrick-sony-swinney-on-deutschlandfunk-kultur-february-24-2023\/\" target=\"_self\" rel=\"   \">Vuvuzelas and Sun Damage by Warrick (Sony) Swinney on Deutschlandfunk Kultur February 24, 2023<\/a><\/h2>\n\n\n\n<div class=\"has-text-color has-black-color wp-block-post-excerpt\"><p class=\"wp-block-post-excerpt__excerpt\">Original broadcastVuvuzelas and Sun DamageBy Warrick Swinney Production: Deutschlandfunk Kultur\/Goethe-Institut\/Bauhaus-Universit\u00e4t Weimar 2023 Length: approx. 54&#8217;30 White pop against apartheid: this is how the South African musician Warrick Swinney became famous in the 1980s. Later he worked as a sound designer and sound engineer. Now he is composing an acoustic autobiography. Warrick Swinney is a legend [&hellip;] <\/p><\/div>\n\n<div style=\"color: #007074;\" class=\"has-text-color wp-block-post-date\"><time datetime=\"2023-02-21T22:35:41+01:00\">21. February 2023<\/time><\/div>\n\n\n<hr class=\"wp-block-separator has-text-color has-background\" style=\"background-color:#007074;color:#007074\"\/>\n\n\n\n<p><\/p>\n\n<\/li><li>\n<h2 class=\"wp-block-post-title\"><a href=\"https:\/\/www.uni-weimar.de\/projekte\/radioartresidencyweimar\/mutant-farmyard-activities-video-sonic-art-by-warrick-swinney-sony-2\/\" target=\"_self\" rel=\"   \">MUTANT FARMYARD ACTIVITIES &#8211; VIDEO\/SONIC ART BY WARRICK SWINNEY (SONY)<\/a><\/h2>\n\n<figure class=\"alignwide wp-block-post-featured-image\"><a href=\"https:\/\/www.uni-weimar.de\/projekte\/radioartresidencyweimar\/mutant-farmyard-activities-video-sonic-art-by-warrick-swinney-sony-2\/\"><img width=\"1810\" height=\"2560\" src=\"https:\/\/www.uni-weimar.de\/projekte\/radioartresidencyweimar\/wp-content\/uploads\/2022\/11\/POSTER_WARRICK-scaled.jpg\" class=\"attachment-post-thumbnail size-post-thumbnail wp-post-image\" alt=\"\" loading=\"lazy\" srcset=\"https:\/\/www.uni-weimar.de\/projekte\/radioartresidencyweimar\/wp-content\/uploads\/2022\/11\/POSTER_WARRICK-scaled.jpg 1810w, https:\/\/www.uni-weimar.de\/projekte\/radioartresidencyweimar\/wp-content\/uploads\/2022\/11\/POSTER_WARRICK-212x300.jpg 212w, https:\/\/www.uni-weimar.de\/projekte\/radioartresidencyweimar\/wp-content\/uploads\/2022\/11\/POSTER_WARRICK-724x1024.jpg 724w, https:\/\/www.uni-weimar.de\/projekte\/radioartresidencyweimar\/wp-content\/uploads\/2022\/11\/POSTER_WARRICK-768x1086.jpg 768w, https:\/\/www.uni-weimar.de\/projekte\/radioartresidencyweimar\/wp-content\/uploads\/2022\/11\/POSTER_WARRICK-1086x1536.jpg 1086w, https:\/\/www.uni-weimar.de\/projekte\/radioartresidencyweimar\/wp-content\/uploads\/2022\/11\/POSTER_WARRICK-1448x2048.jpg 1448w\" sizes=\"(max-width: 1810px) 100vw, 1810px\" \/><\/a><\/figure>\n\n<div class=\"has-text-color has-black-color wp-block-post-excerpt\"><p class=\"wp-block-post-excerpt__excerpt\">place&nbsp;EIGENHEIM Weimar, Asbachstra\u00dfe 1, 99423 WeimarOpening&nbsp;03.Dec.2022 at 7 pm&nbsp;Performance&nbsp;09.Dec. at 19 o&#8217;clockDuration&nbsp;04.Dec. &#8211; 15.Dec.2022 We hereby cordially invite you to the exhibition of Warrick Swinney from South Africa. Warrick Swinney is the second participant in the Radio Art Residency Weimar in 2022. With a deep-rooted interest in sound, music, and politics, Warrick Swinney&#8217;s approach to [&hellip;] <\/p><\/div>\n\n<div style=\"color: #007074;\" class=\"has-text-color wp-block-post-date\"><time datetime=\"2022-11-30T17:03:56+01:00\">30. November 2022<\/time><\/div>\n\n\n<hr class=\"wp-block-separator has-text-color has-background\" style=\"background-color:#007074;color:#007074\"\/>\n\n\n\n<p><\/p>\n\n<\/li><li>\n<h2 class=\"wp-block-post-title\"><a href=\"https:\/\/www.uni-weimar.de\/projekte\/radioartresidencyweimar\/de\/mutant-farmyard-activities-video-sonic-art-by-warrick-swinney-sony\/\" target=\"_self\" rel=\"   \">MUTANT FARMYARD ACTIVITIES &#8211; VIDEO\/SONIC ART BY WARRICK SWINNEY (SONY)<\/a><\/h2>\n\n<figure class=\"alignwide wp-block-post-featured-image\"><a href=\"https:\/\/www.uni-weimar.de\/projekte\/radioartresidencyweimar\/de\/mutant-farmyard-activities-video-sonic-art-by-warrick-swinney-sony\/\"><img width=\"1810\" height=\"2560\" src=\"https:\/\/www.uni-weimar.de\/projekte\/radioartresidencyweimar\/wp-content\/uploads\/2022\/11\/POSTER_WARRICK-scaled.jpg\" class=\"attachment-post-thumbnail size-post-thumbnail wp-post-image\" alt=\"\" loading=\"lazy\" srcset=\"https:\/\/www.uni-weimar.de\/projekte\/radioartresidencyweimar\/wp-content\/uploads\/2022\/11\/POSTER_WARRICK-scaled.jpg 1810w, https:\/\/www.uni-weimar.de\/projekte\/radioartresidencyweimar\/wp-content\/uploads\/2022\/11\/POSTER_WARRICK-212x300.jpg 212w, https:\/\/www.uni-weimar.de\/projekte\/radioartresidencyweimar\/wp-content\/uploads\/2022\/11\/POSTER_WARRICK-724x1024.jpg 724w, https:\/\/www.uni-weimar.de\/projekte\/radioartresidencyweimar\/wp-content\/uploads\/2022\/11\/POSTER_WARRICK-768x1086.jpg 768w, https:\/\/www.uni-weimar.de\/projekte\/radioartresidencyweimar\/wp-content\/uploads\/2022\/11\/POSTER_WARRICK-1086x1536.jpg 1086w, https:\/\/www.uni-weimar.de\/projekte\/radioartresidencyweimar\/wp-content\/uploads\/2022\/11\/POSTER_WARRICK-1448x2048.jpg 1448w\" sizes=\"(max-width: 1810px) 100vw, 1810px\" \/><\/a><\/figure>\n\n<div class=\"has-text-color has-black-color wp-block-post-excerpt\"><p class=\"wp-block-post-excerpt__excerpt\">Ort&nbsp;EIGENHEIM Weimar, Asbachstra\u00dfe 1, 99423 WeimarEr\u00f6ffnung&nbsp;03.Dec.2022 um 19 Uhr&nbsp;Performance&nbsp;09.Dec. um 19 Uhr&nbsp;Dauer&nbsp;04.Dez. &#8211; 15.Dez.2022 Hiermit laden wir Sie herzlich zur Ausstellung von Warrick Swinney aus S\u00fcdafrika ein. Warrick Swinney ist der zweite Teilnehmer der Radio Art Residency Weimar im Jahr 2022. Mit einem tief verwurzelten Interesse an Klang, Musik und Politik ist Warrick Swinneys Zugang [&hellip;] <\/p><\/div>\n\n<div style=\"color: #007074;\" class=\"has-text-color wp-block-post-date\"><time datetime=\"2022-11-30T16:59:43+01:00\">30. November 2022<\/time><\/div>\n\n\n<hr class=\"wp-block-separator has-text-color has-background\" style=\"background-color:#007074;color:#007074\"\/>\n\n\n\n<p><\/p>\n\n<\/li><li>\n<h2 class=\"wp-block-post-title\"><a href=\"https:\/\/www.uni-weimar.de\/projekte\/radioartresidencyweimar\/de\/ein-gesprach-mit-warrick-swinney-auf-bauhaus-fm\/\" target=\"_self\" rel=\"   \">Ein Gespr\u00e4ch mit Warrick Swinney auf bauhaus.fm<\/a><\/h2>\n\n<figure class=\"alignwide wp-block-post-featured-image\"><a href=\"https:\/\/www.uni-weimar.de\/projekte\/radioartresidencyweimar\/de\/ein-gesprach-mit-warrick-swinney-auf-bauhaus-fm\/\"><img width=\"596\" height=\"594\" src=\"https:\/\/www.uni-weimar.de\/projekte\/radioartresidencyweimar\/wp-content\/uploads\/2022\/10\/mixcloud.jpg\" class=\"attachment-post-thumbnail size-post-thumbnail wp-post-image\" alt=\"\" loading=\"lazy\" srcset=\"https:\/\/www.uni-weimar.de\/projekte\/radioartresidencyweimar\/wp-content\/uploads\/2022\/10\/mixcloud.jpg 596w, https:\/\/www.uni-weimar.de\/projekte\/radioartresidencyweimar\/wp-content\/uploads\/2022\/10\/mixcloud-300x300.jpg 300w, https:\/\/www.uni-weimar.de\/projekte\/radioartresidencyweimar\/wp-content\/uploads\/2022\/10\/mixcloud-150x150.jpg 150w\" sizes=\"(max-width: 596px) 100vw, 596px\" \/><\/a><\/figure>\n\n<div class=\"has-text-color has-black-color wp-block-post-excerpt\"><p class=\"wp-block-post-excerpt__excerpt\">Ein Gespr\u00e4ch mit Warrick Swinney \u00fcber seine radiophonen Einfl\u00fcsse, seine Arbeit und was Sie in den n\u00e4chsten Wochen in Weimar erwartet. Moderation:Eleftherios KrysalisTechnik: Vivien Mercedes Jester <\/p><\/div>\n\n<div style=\"color: #007074;\" class=\"has-text-color wp-block-post-date\"><time datetime=\"2022-10-17T17:51:20+02:00\">17. October 2022<\/time><\/div>\n\n\n<hr class=\"wp-block-separator has-text-color has-background\" style=\"background-color:#007074;color:#007074\"\/>\n\n\n\n<p><\/p>\n\n<\/li><li>\n<h2 class=\"wp-block-post-title\"><a href=\"https:\/\/www.uni-weimar.de\/projekte\/radioartresidencyweimar\/a-talk-with-warrick-swinney-on-bauhaus-fm\/\" target=\"_self\" rel=\"   \">A talk with Warrick Swinney on bauhaus.fm<\/a><\/h2>\n\n<figure class=\"alignwide wp-block-post-featured-image\"><a href=\"https:\/\/www.uni-weimar.de\/projekte\/radioartresidencyweimar\/a-talk-with-warrick-swinney-on-bauhaus-fm\/\"><img width=\"596\" height=\"594\" src=\"https:\/\/www.uni-weimar.de\/projekte\/radioartresidencyweimar\/wp-content\/uploads\/2022\/10\/mixcloud.jpg\" class=\"attachment-post-thumbnail size-post-thumbnail wp-post-image\" alt=\"\" loading=\"lazy\" srcset=\"https:\/\/www.uni-weimar.de\/projekte\/radioartresidencyweimar\/wp-content\/uploads\/2022\/10\/mixcloud.jpg 596w, https:\/\/www.uni-weimar.de\/projekte\/radioartresidencyweimar\/wp-content\/uploads\/2022\/10\/mixcloud-300x300.jpg 300w, https:\/\/www.uni-weimar.de\/projekte\/radioartresidencyweimar\/wp-content\/uploads\/2022\/10\/mixcloud-150x150.jpg 150w\" sizes=\"(max-width: 596px) 100vw, 596px\" \/><\/a><\/figure>\n\n<div class=\"has-text-color has-black-color wp-block-post-excerpt\"><p class=\"wp-block-post-excerpt__excerpt\">A talk with Warrick Swinney about his radiophonic influences, his work and what to expect the next weeks in Weimar. Moderation: Eleftherios KrysalisTechnics: Vivien Mercedes Jester <\/p><\/div>\n\n<div style=\"color: #007074;\" class=\"has-text-color wp-block-post-date\"><time datetime=\"2022-10-17T17:49:41+02:00\">17. October 2022<\/time><\/div>\n\n\n<hr class=\"wp-block-separator has-text-color has-background\" style=\"background-color:#007074;color:#007074\"\/>\n\n\n\n<p><\/p>\n\n<\/li><\/ul><\/div>\n<\/div>\n\n\n\n<div class=\"wp-block-column\" style=\"flex-basis:25%\"><\/div>\n<\/div>\n<\/div>\n<\/div>\n<\/div><\/div>\n<\/div><\/div>\n","protected":false},"excerpt":{"rendered":"","protected":false},"author":7,"featured_media":0,"parent":0,"menu_order":0,"comment_status":"closed","ping_status":"closed","template":"","meta":[],"_links":{"self":[{"href":"https:\/\/www.uni-weimar.de\/projekte\/radioartresidencyweimar\/wp-json\/wp\/v2\/pages\/2158"}],"collection":[{"href":"https:\/\/www.uni-weimar.de\/projekte\/radioartresidencyweimar\/wp-json\/wp\/v2\/pages"}],"about":[{"href":"https:\/\/www.uni-weimar.de\/projekte\/radioartresidencyweimar\/wp-json\/wp\/v2\/types\/page"}],"author":[{"embeddable":true,"href":"https:\/\/www.uni-weimar.de\/projekte\/radioartresidencyweimar\/wp-json\/wp\/v2\/users\/7"}],"replies":[{"embeddable":true,"href":"https:\/\/www.uni-weimar.de\/projekte\/radioartresidencyweimar\/wp-json\/wp\/v2\/comments?post=2158"}],"version-history":[{"count":7,"href":"https:\/\/www.uni-weimar.de\/projekte\/radioartresidencyweimar\/wp-json\/wp\/v2\/pages\/2158\/revisions"}],"predecessor-version":[{"id":2728,"href":"https:\/\/www.uni-weimar.de\/projekte\/radioartresidencyweimar\/wp-json\/wp\/v2\/pages\/2158\/revisions\/2728"}],"wp:attachment":[{"href":"https:\/\/www.uni-weimar.de\/projekte\/radioartresidencyweimar\/wp-json\/wp\/v2\/media?parent=2158"}],"curies":[{"name":"wp","href":"https:\/\/api.w.org\/{rel}","templated":true}]}}