{"id":2036,"date":"2022-03-04T22:20:38","date_gmt":"2022-03-04T21:20:38","guid":{"rendered":"https:\/\/www.uni-weimar.de\/projekte\/radioartresidencyweimar\/?page_id=2036"},"modified":"2024-05-29T16:26:28","modified_gmt":"2024-05-29T14:26:28","slug":"marialuisa-capurso-de","status":"publish","type":"page","link":"https:\/\/www.uni-weimar.de\/projekte\/radioartresidencyweimar\/de\/marialuisa-capurso-de\/","title":{"rendered":"MARIALUISA CAPURSO"},"content":{"rendered":"\n<div class=\"wp-block-cover alignfull has-white-background-color has-parallax has-custom-content-position is-position-top-center\" style=\"background-image:url(https:\/\/www.uni-weimar.de\/projekte\/radioartresidencyweimar\/wp-content\/uploads\/2022\/03\/BackGround.png);min-height:2000px\"><div class=\"wp-block-cover__inner-container\">\n<div style=\"height:111px\" aria-hidden=\"true\" class=\"wp-block-spacer\"><\/div>\n\n\n\n<div class=\"wp-block-group alignfull\"><div class=\"wp-block-group__inner-container\">\n<div class=\"wp-block-columns alignfull\">\n<div class=\"wp-block-column is-vertically-aligned-center\" style=\"flex-basis:100%\">\n<div class=\"wp-block-columns\">\n<div class=\"wp-block-column\" style=\"flex-basis:20%\"><\/div>\n\n\n\n<div class=\"wp-block-column\" style=\"flex-basis:60%\">\n<div class=\"wp-block-columns\">\n<div class=\"wp-block-column\">\n<div class=\"wp-block-image\"><figure class=\"aligncenter size-full\"><img loading=\"lazy\" width=\"569\" height=\"686\" src=\"https:\/\/www.uni-weimar.de\/projekte\/radioartresidencyweimar\/wp-content\/uploads\/2022\/03\/Frame-31-2.png\" alt=\"\" class=\"wp-image-2280\" srcset=\"https:\/\/www.uni-weimar.de\/projekte\/radioartresidencyweimar\/wp-content\/uploads\/2022\/03\/Frame-31-2.png 569w, https:\/\/www.uni-weimar.de\/projekte\/radioartresidencyweimar\/wp-content\/uploads\/2022\/03\/Frame-31-2-249x300.png 249w\" sizes=\"(max-width: 569px) 100vw, 569px\" \/><\/figure><\/div>\n\n\n\n<div class=\"wp-block-buttons\">\n<div class=\"wp-block-button has-custom-width wp-block-button__width-100 has-custom-font-size is-style-outline has-medium-font-size\"><a class=\"wp-block-button__link has-text-color has-background\" href=\"https:\/\/www.uni-weimar.de\/projekte\/radioartresidencyweimar\/nigredo\/\" style=\"border-radius:16px;background-color:#eadfdc;color:#007074\"><strong>0.1 A space for Traces<\/strong><\/a><\/div>\n\n\n\n<div class=\"wp-block-button has-custom-width wp-block-button__width-100 has-custom-font-size is-style-outline has-medium-font-size\"><a class=\"wp-block-button__link has-text-color has-background\" href=\"https:\/\/www.uni-weimar.de\/projekte\/radioartresidencyweimar\/marialuisa-capurso-eigenheim-weimar\/\" style=\"border-radius:16px;background-color:#eadfdc;color:#007074\"><strong>0.2 Rubedo \u2013 the snake eats its own tail by Marialuisa Capurso<\/strong><\/a><\/div>\n\n\n\n<div class=\"wp-block-button has-custom-width wp-block-button__width-100 has-custom-font-size is-style-outline has-medium-font-size\"><a class=\"wp-block-button__link has-text-color has-background\" href=\"https:\/\/www.uni-weimar.de\/projekte\/radioartresidencyweimar\/de\/16-17-nov-veranstaltungen-mit-marialuisa-capurso\/\" style=\"border-radius:16px;background-color:#eadfdc;color:#007074\"><strong>0.3 16 &amp; 17 Nov. Talk events by Marialuisa Capurso<\/strong><\/a><\/div>\n\n\n\n<div class=\"wp-block-button has-custom-width wp-block-button__width-100 has-custom-font-size is-style-outline has-medium-font-size\"><a class=\"wp-block-button__link has-text-color has-background\" href=\"https:\/\/www.uni-weimar.de\/projekte\/radioartresidencyweimar\/rubedo_neudeligarden_bauhausuniversityofweima_9-10-2021_1830h\/\" style=\"border-radius:16px;background-color:#eadfdc;color:#007074\"><strong><strong><strong>0.4 Rubedo <strong>\u2013<\/strong> Neudeli Garden Bauhaus University of Weimar<\/strong><\/strong><\/strong><\/a><\/div>\n\n\n\n<div class=\"wp-block-button has-custom-width wp-block-button__width-100 has-custom-font-size is-style-outline has-medium-font-size\"><a class=\"wp-block-button__link has-text-color has-background\" href=\"https:\/\/www.uni-weimar.de\/projekte\/radioartresidencyweimar\/rubedo-allow-aloud-n-5\/\" style=\"border-radius:16px;background-color:#eadfdc;color:#007074\"><strong>0.5 Rubedo \u2013 Allow Aloud N.5<\/strong><\/a><\/div>\n\n\n\n<div class=\"wp-block-button has-custom-width wp-block-button__width-100 has-custom-font-size is-style-outline has-medium-font-size\"><a class=\"wp-block-button__link has-text-color has-background\" href=\"https:\/\/www.uni-weimar.de\/projekte\/radioartresidencyweimar\/rubedo-allow-aloud-n-4\/\" style=\"border-radius:16px;background-color:#eadfdc;color:#007074\"><strong>06.<strong> Rubedo <strong>\u2013<\/strong><\/strong> Allow Aloud N.4<\/strong><\/a><\/div>\n\n\n\n<div class=\"wp-block-button has-custom-width wp-block-button__width-100 has-custom-font-size is-style-outline has-medium-font-size\"><a class=\"wp-block-button__link has-text-color has-background\" href=\"https:\/\/www.uni-weimar.de\/projekte\/radioartresidencyweimar\/rubedo-allow-aloud-n-3\/\" style=\"border-radius:16px;background-color:#eadfdc;color:#007074\"><strong>0.7 <strong>Rubedo <strong>\u2013<\/strong><\/strong> Allow Aloud N.3<\/strong><\/a><\/div>\n\n\n\n<div class=\"wp-block-button has-custom-width wp-block-button__width-100 has-custom-font-size is-style-outline has-medium-font-size\"><a class=\"wp-block-button__link has-text-color has-background\" href=\"https:\/\/www.uni-weimar.de\/projekte\/radioartresidencyweimar\/rubedo-allow-aloud-n-2\/\" style=\"border-radius:16px;background-color:#eadfdc;color:#007074\"><strong>0.8 <strong>Rubedo <strong>\u2013<\/strong><\/strong> Allow Aloud N.2<\/strong><\/a><\/div>\n\n\n\n<div class=\"wp-block-button has-custom-width wp-block-button__width-100 has-custom-font-size is-style-outline has-medium-font-size\"><a class=\"wp-block-button__link has-text-color has-background\" href=\"https:\/\/www.uni-weimar.de\/projekte\/radioartresidencyweimar\/allow-aloud-n-1-marialuisa-capurso\/\" style=\"border-radius:16px;background-color:#eadfdc;color:#007074\"><strong>0.9 <strong>Rubedo <strong>\u2013<\/strong><\/strong> Allow Aloud N.1<\/strong><\/a><\/div>\n\n\n\n<div class=\"wp-block-button has-custom-width wp-block-button__width-100 has-custom-font-size is-style-outline has-medium-font-size\"><a class=\"wp-block-button__link has-text-color has-background\" href=\"https:\/\/www.uni-weimar.de\/projekte\/radioartresidencyweimar\/de\/radiolab-meets-radio-art-residency-talk-w-marialuisa-capurso-lefteris-krysalis-2\/\" style=\"border-radius:16px;background-color:#eadfdc;color:#007074\"><strong>1.0 Radiolab meets Radio Art Residency: Talk w\/ Marialuisa Capurso &amp; Lefteris Krysalis<\/strong><\/a><\/div>\n\n\n\n<div class=\"wp-block-button has-custom-width wp-block-button__width-100 has-custom-font-size is-style-outline has-medium-font-size\"><a class=\"wp-block-button__link has-text-color has-background\" href=\"https:\/\/www.uni-weimar.de\/projekte\/radioartresidencyweimar\/die-patriarchal-schlange-oni-saure\/\" style=\"border-radius:16px;background-color:#eadfdc;color:#007074\"><strong>2.0 Die patriarchal Schlange &#8211; Oni Saur\u00e8 <\/strong><\/a><\/div>\n<\/div>\n\n\n\n<p><\/p>\n<\/div>\n\n\n\n<div class=\"wp-block-column\">\n<p><span style=\"color: #000000;\">Das Goethe-Institut und die Professur f\u00fcr Experimentelles Radio der Bauhaus-Universit\u00e4t Weimar k\u00fcndigen an: Marialusia Capurso ist die K\u00fcnstlerin der zweiten Radio Art Residency in Weimar vom 15. September bis zum 15. Dezember 2021.<\/span><\/p>\n<p><span style=\"color: #000000;\">Ziel der Radio Art Residency ist es, die eigenst\u00e4ndige k\u00fcnstlerische Arbeit zu f\u00f6rdern und die Realisierung von neuen Kunstwerken zu unterst\u00fctzen. Von der Nutzung des Radios als Ausstellungsraum f\u00fcr Kunstwerke bis hin zum Echtzeitmedium bietet die Residenz ein breites Spektrum an kreativen M\u00f6glichkeiten f\u00fcr die k\u00fcnstlerische Praxis.<\/span><\/p>\n<p><span style=\"color: #000000;\">Auf die zweite Ausschreibung im Juli 2021 haben sich K\u00fcnstler:innen aus \u00fcber 70 L\u00e4ndern beworben. Die dabei vorgeschlagenen Projekte reichen von Podcasts zu Radiokompositionen\/-st\u00fccken, von Klanginstallationen zu Live-Performances unter Verwendung von Archivmaterial oder neu geschaffenem Material und zeigen das weltweit wachsende Interesse an Radiokunst.<\/span><\/p>\n<p><span style=\"color: #000000;\">Die Jury \u2013 bestehend aus Vertreter:innen des Goethe-Instituts, der Bauhaus-Universit\u00e4t Weimar, Deutschlandfunk Kultur, der Galerie Eigenheim Weimar\/Berlin und des bisherigen Artist-in-Residence \u2013 entschied sich f\u00fcr die italienische K\u00fcnstlerin Marialuisa Capurso mit ihrem Projekt: RUBEDO.<\/span><\/p>\n<p><span style=\"color: #000000;\">Marialuisa Capurso versteht unter RUBEDO einen Prozess, der sich gegen die Unterdr\u00fcckung und den Missbrauch durch patriarchale Machtstrukturen richtet. Rubedo verfolgt einen kollaborativen Ansatz und beinhaltet Workshops sowie Radiokompositionen.<\/span><br \/><span style=\"color: #000000;\">\u00a0 \u00a0 \u00a0 \u00a0 \u00a0 \u00a0 \u00a0 \u00a0 \u00a0 \u00a0 \u00a0 \u00a0 \u00a0 \u00a0 \u00a0 \u00a0 \u00a0 \u00a0 \u00a0 \u00a0 \u00a0 \u00a0 \u00a0 \u00a0 \u00a0 \u00a0 \u00a0 \u00a0 \u00a0 \u00a0 \u00a0 \u00a0 \u00a0 \u00a0 \u00a0 \u00a0 \u00a0 \u00a0 \u00a0 \u00a0 \u00a0 \u00a0 \u00a0 \u00a0 \u00a0 \u00a0 \u00a0 \u00a0 \u00a0 \u00a0 \u00a0<\/span><br \/><span style=\"color: #000000;\"><strong>Die K\u00fcnstlerin hat auf der\u00a0<span style=\"color: #008080;\"><em><a style=\"color: #008080;\" href=\"https:\/\/www.uni-weimar.de\/projekte\/radioartresidencyweimar\/rubedo\/\">Webseite<\/a><\/em>\u00a0<\/span>einen Aufruf ver\u00f6ffentlicht, sich an ihrem Projekt RUBEDO zu beteiligen.<\/strong><\/span><\/p>\n<p><span style=\"color: #000000;\">Marialuisa Capurso ist S\u00e4ngerin, Klangk\u00fcnstlerin, Komponistin und Forscherin in den Bereichen Stimme, Performance, visuelle Kunst, Improvisation und Rituale. Sie absolvierte einen Bachelor in Jazz-Musik am Konservatorium \u201eN. Piccinni\u201c in Bari und einen Master in neuen musikalischen Sprachen am Konservatorium \u201eN. Rota\u201c in Monopoli. Sie hat weltweit von Musiker:innen, T\u00e4nzer:innen und K\u00fcnstler:innen gelernt und mit ihnen zusammengearbeitet: u.a. Meredith Monk, Patricia Pardi, Carl Berger, Kent Carter, William Parker, Faheem Mazar.<\/span><\/p>\n<p><span style=\"color: #000000;\">Sie untersucht und erforscht den Bereich der akustischen Kl\u00e4nge und elektronischen Schnittstellen als Erweiterung der menschlichen Stimme, sowie die Verbindung zwischen Sprache und Bewegung. In kollaborativer Arbeit m\u00f6chte sie einen Raum schaffen, der es den Teilnehmenden erm\u00f6glicht, aktiv zuzuh\u00f6ren, zu entspannen und somit einen neuen Blick auf sich selbst zu entwickeln.<\/span><\/p>\n<p><span style=\"color: #000000;\">Sie wird ihre Residenz in Weimar am 15. September 2021 beginnen.<\/span><\/p>\n<p><span style=\"color: #000000;\">Der vorherige K\u00fcnstler der Radio Art Resideny in Weimar, Masimba Hwati, vollendete seine Zeit als Resident im Juli nach zahlreichen Performances, K\u00fcnstlergespr\u00e4chen, Auftritten im Radio und einer Radiokunstkomposition mit dem Titel Msika-Shika. Das H\u00f6rst\u00fcck verhandelt Guerillaradios im simbabwischen Unabh\u00e4ngigkeitskrieg und dem Schwarzmarkt von Harare als Klangr\u00e4ume und Orte des Widerstands gegen koloniale und postkoloniale Machtstrukturen. Es wird am 22. Oktober um 00:05 Uhr (CET) auf Deutschlandfunk Kultur uraufgef\u00fchrt.<\/span><\/p>\n<p><span style=\"color: #000000;\">Die Radio Art Residency Weimar ist ein Gemeinschaftsprojekt des Goethe-Instituts und der Bauhaus-Universit\u00e4t Weimar in Kooperation mit der Hochschule f\u00fcr Musik Franz Liszt, Deutschlandfunk Kultur, EIGENHEIM Weimar\/Berlin, ACC Galerie Weimar und Radio Lotte.<\/span><\/p>\n<\/div>\n<\/div>\n<\/div>\n\n\n\n<div class=\"wp-block-column\" style=\"flex-basis:20%\"><\/div>\n<\/div>\n<\/div>\n<\/div>\n<\/div><\/div>\n<\/div><\/div>\n","protected":false},"excerpt":{"rendered":"","protected":false},"author":7,"featured_media":0,"parent":0,"menu_order":0,"comment_status":"closed","ping_status":"closed","template":"","meta":[],"_links":{"self":[{"href":"https:\/\/www.uni-weimar.de\/projekte\/radioartresidencyweimar\/wp-json\/wp\/v2\/pages\/2036"}],"collection":[{"href":"https:\/\/www.uni-weimar.de\/projekte\/radioartresidencyweimar\/wp-json\/wp\/v2\/pages"}],"about":[{"href":"https:\/\/www.uni-weimar.de\/projekte\/radioartresidencyweimar\/wp-json\/wp\/v2\/types\/page"}],"author":[{"embeddable":true,"href":"https:\/\/www.uni-weimar.de\/projekte\/radioartresidencyweimar\/wp-json\/wp\/v2\/users\/7"}],"replies":[{"embeddable":true,"href":"https:\/\/www.uni-weimar.de\/projekte\/radioartresidencyweimar\/wp-json\/wp\/v2\/comments?post=2036"}],"version-history":[{"count":10,"href":"https:\/\/www.uni-weimar.de\/projekte\/radioartresidencyweimar\/wp-json\/wp\/v2\/pages\/2036\/revisions"}],"predecessor-version":[{"id":2759,"href":"https:\/\/www.uni-weimar.de\/projekte\/radioartresidencyweimar\/wp-json\/wp\/v2\/pages\/2036\/revisions\/2759"}],"wp:attachment":[{"href":"https:\/\/www.uni-weimar.de\/projekte\/radioartresidencyweimar\/wp-json\/wp\/v2\/media?parent=2036"}],"curies":[{"name":"wp","href":"https:\/\/api.w.org\/{rel}","templated":true}]}}