{"id":2031,"date":"2022-03-04T22:11:54","date_gmt":"2022-03-04T21:11:54","guid":{"rendered":"https:\/\/www.uni-weimar.de\/projekte\/radioartresidencyweimar\/?page_id=2031"},"modified":"2024-05-15T16:39:13","modified_gmt":"2024-05-15T14:39:13","slug":"warrick-swinney-de","status":"publish","type":"page","link":"https:\/\/www.uni-weimar.de\/projekte\/radioartresidencyweimar\/de\/warrick-swinney-de\/","title":{"rendered":"WARRICK SWINNEY"},"content":{"rendered":"\n<div class=\"wp-block-cover alignfull has-white-background-color has-parallax has-custom-content-position is-position-top-center\" style=\"background-image:url(https:\/\/www.uni-weimar.de\/projekte\/radioartresidencyweimar\/wp-content\/uploads\/2022\/03\/BackGround.png);min-height:1401px\"><div class=\"wp-block-cover__inner-container\">\n<div style=\"height:111px\" aria-hidden=\"true\" class=\"wp-block-spacer\"><\/div>\n\n\n\n<div class=\"wp-block-group alignfull\"><div class=\"wp-block-group__inner-container\">\n<div class=\"wp-block-columns alignfull\">\n<div class=\"wp-block-column is-vertically-aligned-center\" style=\"flex-basis:100%\">\n<div class=\"wp-block-columns\">\n<div class=\"wp-block-column\" style=\"flex-basis:20%\"><\/div>\n\n\n\n<div class=\"wp-block-column\" style=\"flex-basis:60%\">\n<div class=\"wp-block-columns\">\n<div class=\"wp-block-column\">\n<div class=\"wp-block-image\"><figure class=\"aligncenter size-full\"><img loading=\"lazy\" width=\"566\" height=\"686\" src=\"https:\/\/www.uni-weimar.de\/projekte\/radioartresidencyweimar\/wp-content\/uploads\/2022\/03\/Frame-32.png\" alt=\"\" class=\"wp-image-2021\" srcset=\"https:\/\/www.uni-weimar.de\/projekte\/radioartresidencyweimar\/wp-content\/uploads\/2022\/03\/Frame-32.png 566w, https:\/\/www.uni-weimar.de\/projekte\/radioartresidencyweimar\/wp-content\/uploads\/2022\/03\/Frame-32-248x300.png 248w\" sizes=\"(max-width: 566px) 100vw, 566px\" \/><\/figure><\/div>\n\n\n\n<div class=\"wp-block-buttons\">\n<div class=\"wp-block-button is-style-outline\"><a class=\"wp-block-button__link has-text-color has-background\" href=\"https:\/\/www.uni-weimar.de\/projekte\/radioartresidencyweimar\/de\/pressemitteilung-warrick-swinney\/\" style=\"border-radius:50px;background-color:#eadfdc;color:#de7761\"><strong><span style=\"color:#de7761\" class=\"tadv-color\">0.1 Pressemitteilung<\/span><\/strong><\/a><\/div>\n\n\n\n<div class=\"wp-block-button is-style-outline\"><a class=\"wp-block-button__link has-text-color has-background\" href=\" https:\/\/www.uni-weimar.de\/projekte\/radioartresidencyweimar\/de\/ein-gesprach-mit-warrick-swinney-auf-bauhaus-fm\/ \" style=\"border-radius:50px;background-color:#eadfdc;color:#de7761\"><strong><span style=\"color:#de7761\" class=\"tadv-color\">1.0 Ein Gespr\u00e4ch mit Warrick Swinney auf bauhaus.fm<\/span><\/strong><\/a><\/div>\n\n\n\n<div class=\"wp-block-button is-style-outline\"><a class=\"wp-block-button__link has-text-color has-background\" href=\"https:\/\/www.uni-weimar.de\/projekte\/radioartresidencyweimar\/de\/mutant-farmyard-activities-video-sonic-art-by-warrick-swinney-sony\/?preview_id=2474&amp;preview_nonce=86e70e1f0c&amp;preview=true&amp;_thumbnail_id=2475\" style=\"border-radius:50px;background-color:#eadfdc;color:#de7761\"><strong>2.0 MUTANT FARMYARD ACTIVITIES \u2013 VIDEO\/SONIC ART BY WARRICK SWINNEY (SONY)<\/strong><\/a><\/div>\n\n\n\n<div class=\"wp-block-button is-style-outline\"><a class=\"wp-block-button__link has-text-color has-background\" href=\"https:\/\/www.uni-weimar.de\/projekte\/radioartresidencyweimar\/de\/mutant-farmyard-activities-video-sonic-art-by-warrick-swinney-sony\/?preview_id=2474&amp;preview_nonce=86e70e1f0c&amp;preview=true&amp;_thumbnail_id=2475\" style=\"border-radius:50px;background-color:#eadfdc;color:#de7761\"><strong>3.0 Vuvuzelas and Sun Damage by Warrick (Sony) Swinney on Deutschlandfunk Kultur\u00a0<\/strong><\/a><\/div>\n<\/div>\n<\/div>\n\n\n\n<div class=\"wp-block-column\">\n<p><span style=\"font-weight: 400; color: #000000;\">Mit einem tief verwurzelten Interesse an Klang, Musik und Politik ist Swinneys Herangehensweise an die Klangkunst in einer soliden DIY-\u00c4sthetik verwurzelt, die aus seiner Beteiligung an der Post-Punk-Ethik in den Shifty Studios in den 1980er Jahren und w\u00e4hrend der turbulenten Jahre zwischen dem Zusammenbruch der Apartheid und dem \u00dcbergang S\u00fcdafrikas zur Demokratie entstand. Er arbeitete in den Milestone Studios (2000-2018) in Kapstadt in den Bereichen Sounddesign und Musikproduktion sowie Performance und klangbasierte Kunst, bevor er in die akademische Welt wechselte und sich der Klangforschung und Lehre widmete. Biennale von Venedig (All the world&#8217;s Futures) 2015 zwei Videoarbeiten aus und schrieb \u00fcber Ideen, die sich mit den politischen und sozialen \u00dcbergangsverh\u00e4ltnissen zwischen den postsowjetischen L\u00e4ndern und dem S\u00fcdafrika nach der Apartheid befassen. Sonic erforscht die Themen Schweigen, Selbstzensur und die Spannungen zwischen Politik und Kunst in totalit\u00e4ren Staaten. Swinneys akademische Erkundungen gipfelten 2018 in seinem MFA-Abschluss (mit Auszeichnung) an der University of Cape Town (UCT).&nbsp; Derzeit ist er Doktorand an der University of the Western Cape (UWC) und leitet Kurse an der Michaelis School of Fine Art. Im Mittelpunkt dieser Kurse stehen praktische und theoretische Klangstudienprojekte, die sich mit aktuellen ethischen und politischen Fragen befassen.<\/span><\/p>\n<\/div>\n<\/div>\n<\/div>\n\n\n\n<div class=\"wp-block-column\" style=\"flex-basis:20%\"><\/div>\n<\/div>\n<\/div>\n<\/div>\n<\/div><\/div>\n<\/div><\/div>\n","protected":false},"excerpt":{"rendered":"","protected":false},"author":7,"featured_media":0,"parent":0,"menu_order":0,"comment_status":"closed","ping_status":"closed","template":"","meta":[],"_links":{"self":[{"href":"https:\/\/www.uni-weimar.de\/projekte\/radioartresidencyweimar\/wp-json\/wp\/v2\/pages\/2031"}],"collection":[{"href":"https:\/\/www.uni-weimar.de\/projekte\/radioartresidencyweimar\/wp-json\/wp\/v2\/pages"}],"about":[{"href":"https:\/\/www.uni-weimar.de\/projekte\/radioartresidencyweimar\/wp-json\/wp\/v2\/types\/page"}],"author":[{"embeddable":true,"href":"https:\/\/www.uni-weimar.de\/projekte\/radioartresidencyweimar\/wp-json\/wp\/v2\/users\/7"}],"replies":[{"embeddable":true,"href":"https:\/\/www.uni-weimar.de\/projekte\/radioartresidencyweimar\/wp-json\/wp\/v2\/comments?post=2031"}],"version-history":[{"count":7,"href":"https:\/\/www.uni-weimar.de\/projekte\/radioartresidencyweimar\/wp-json\/wp\/v2\/pages\/2031\/revisions"}],"predecessor-version":[{"id":2702,"href":"https:\/\/www.uni-weimar.de\/projekte\/radioartresidencyweimar\/wp-json\/wp\/v2\/pages\/2031\/revisions\/2702"}],"wp:attachment":[{"href":"https:\/\/www.uni-weimar.de\/projekte\/radioartresidencyweimar\/wp-json\/wp\/v2\/media?parent=2031"}],"curies":[{"name":"wp","href":"https:\/\/api.w.org\/{rel}","templated":true}]}}