{"id":2015,"date":"2022-03-04T22:01:06","date_gmt":"2022-03-04T21:01:06","guid":{"rendered":"https:\/\/www.uni-weimar.de\/projekte\/radioartresidencyweimar\/?page_id=2015"},"modified":"2022-10-17T17:44:00","modified_gmt":"2022-10-17T15:44:00","slug":"genoud-and-curci","status":"publish","type":"page","link":"https:\/\/www.uni-weimar.de\/projekte\/radioartresidencyweimar\/genoud-and-curci\/","title":{"rendered":"GENOUD AND CURCI"},"content":{"rendered":"\n<div class=\"wp-block-cover alignfull has-white-background-color has-parallax has-custom-content-position is-position-top-center\" style=\"background-image:url(https:\/\/www.uni-weimar.de\/projekte\/radioartresidencyweimar\/wp-content\/uploads\/2022\/03\/BackGround.png);min-height:1401px\"><div class=\"wp-block-cover__inner-container\">\n<div style=\"height:111px\" aria-hidden=\"true\" class=\"wp-block-spacer\"><\/div>\n\n\n\n<div class=\"wp-block-group alignfull\"><div class=\"wp-block-group__inner-container\">\n<div class=\"wp-block-columns alignfull\">\n<div class=\"wp-block-column is-vertically-aligned-center\" style=\"flex-basis:100%\">\n<div class=\"wp-block-columns\">\n<div class=\"wp-block-column\" style=\"flex-basis:20%\"><\/div>\n\n\n\n<div class=\"wp-block-column\" style=\"flex-basis:60%\">\n<div class=\"wp-block-columns\">\n<div class=\"wp-block-column\">\n<div class=\"wp-block-image\"><figure class=\"aligncenter size-full\"><img loading=\"lazy\" width=\"569\" height=\"686\" src=\"https:\/\/www.uni-weimar.de\/projekte\/radioartresidencyweimar\/wp-content\/uploads\/2022\/03\/Frame-33.png\" alt=\"\" class=\"wp-image-2016\" srcset=\"https:\/\/www.uni-weimar.de\/projekte\/radioartresidencyweimar\/wp-content\/uploads\/2022\/03\/Frame-33.png 569w, https:\/\/www.uni-weimar.de\/projekte\/radioartresidencyweimar\/wp-content\/uploads\/2022\/03\/Frame-33-249x300.png 249w\" sizes=\"(max-width: 569px) 100vw, 569px\" \/><\/figure><\/div>\n\n\n\n<div class=\"wp-block-buttons\">\n<div class=\"wp-block-button has-custom-font-size is-style-outline has-medium-font-size\"><a class=\"wp-block-button__link has-text-color has-background\" href=\"https:\/\/www.uni-weimar.de\/projekte\/radioartresidencyweimar\/0-1-press-release\/\" style=\"background-color:#eadfdc;color:#007074\"><strong>0.1 Press Release<\/strong><\/a><\/div>\n<\/div>\n\n\n\n<div class=\"wp-block-buttons\">\n<div class=\"wp-block-button has-custom-font-size is-style-outline has-medium-font-size\"><a class=\"wp-block-button__link has-text-color has-background\" href=\"https:\/\/www.uni-weimar.de\/projekte\/radioartresidencyweimar\/?p=2320&amp;preview=true&amp;_thumbnail_id=2321\" style=\"background-color:#eadfdc;color:#007074\"><strong>1.0 show on bauhaus.fm<\/strong><\/a><\/div>\n<\/div>\n\n\n\n<div class=\"wp-block-buttons\">\n<div class=\"wp-block-button has-custom-font-size is-style-outline has-medium-font-size\"><a class=\"wp-block-button__link has-text-color has-background\" href=\"https:\/\/www.uni-weimar.de\/projekte\/radioartresidencyweimar\/workshop\/\" style=\"background-color:#eadfdc;color:#007074\"><strong>1.1 workshop<\/strong><\/a><\/div>\n<\/div>\n\n\n\n<div class=\"wp-block-buttons\">\n<div class=\"wp-block-button has-custom-font-size is-style-outline has-medium-font-size\"><a class=\"wp-block-button__link has-text-color has-background\" href=\"https:\/\/www.uni-weimar.de\/projekte\/radioartresidencyweimar\/windkehre\/\" style=\"background-color:#eadfdc;color:#007074\"><strong>1.2 Windkehre<\/strong><\/a><\/div>\n<\/div>\n\n\n\n<div class=\"wp-block-buttons\">\n<div class=\"wp-block-button has-custom-font-size is-style-outline has-medium-font-size\"><a class=\"wp-block-button__link has-text-color has-background\" href=\"https:\/\/www.uni-weimar.de\/projekte\/radioartresidencyweimar\/ein-mund-voll-wald\/?_thumbnail_id=2373\" style=\"background-color:#eadfdc;color:#007074\"><strong>2.0 Ein Mund Voll Wald<\/strong> [exhibition]<\/a><\/div>\n\n\n\n<div class=\"wp-block-button has-custom-font-size is-style-outline has-medium-font-size\"><a class=\"wp-block-button__link has-text-color has-background\" href=\"https:\/\/www.uni-weimar.de\/projekte\/radioartresidencyweimar\/memories-of-the-mouth-pandora-archive\/\" style=\"background-color:#eadfdc;color:#007074\"><strong>3.0 Memories of the mouth: Pandora Archive.<\/strong> [Broadcast]<\/a><\/div>\n<\/div>\n<\/div>\n\n\n\n<div class=\"wp-block-column\">\n<p><span style=\"color: #000000;\"><strong>Agustin Genoud<\/strong> works as a performer, musician and scholar (National University for the Arts) <\/span><span style=\"color: #000000;\">in the fields of contemporary voice, performance, post-humanism; new media. He graduated as a media artist and finished a postgraduate degree in data science; AI. He was in residence and performed at Sonandes Sound Art International Biennal Bolivia\/ Music Makers Hack Lab &#8211; CTM Festival Berlin \/ The Wrong International Biennal \/ Tsonami Sound Art Festival Chile \/ FIME Sao Pablo \/ Metabody Symposium Chile \/ New Materialisms Symposium \/ Col\u00f3n <\/span><span style=\"color: #000000;\">Theatre Experimental Centre \/ Ter\u00e9n pole performativn\u00edho um\u011bn\u00ed Brno, among others.<\/span><\/p>\n<p><span style=\"color: #000000;\"><strong>Florencia Curci<\/strong> works as a sound and radio artist, performer and curator. She completed her postgraduate studies in Expanded Music at the UNSAM University, and the Artists\u2019 Program <\/span><span style=\"color: #000000;\">of the Torcuato di Tella University. Since 2017 she is Director of CASo (Sound Art Center), an institution dependent on the Ministry of Culture of Argentina promoting artistic research <\/span><span style=\"color: #000000;\">on sound, experimental music and social acoustics. In 2020 she founded Radio CASo as an online p\u00e1ramo in which to congregate during the pandemic. Her work was commissioned by KunstRadio, AMEE, CA2M (Madrid), Centro Cultural Kirchner (Arg) and her live performances were presented in Festival Aural (MX), MediaLab Prado (Madrid), Tsonami Sound Art Festival (Chile), among others.<\/span><\/p>\n<\/div>\n<\/div>\n<\/div>\n\n\n\n<div class=\"wp-block-column\" style=\"flex-basis:20%\"><\/div>\n<\/div>\n<\/div>\n<\/div>\n<\/div><\/div>\n<\/div><\/div>\n","protected":false},"excerpt":{"rendered":"","protected":false},"author":7,"featured_media":0,"parent":0,"menu_order":0,"comment_status":"closed","ping_status":"closed","template":"","meta":[],"_links":{"self":[{"href":"https:\/\/www.uni-weimar.de\/projekte\/radioartresidencyweimar\/wp-json\/wp\/v2\/pages\/2015"}],"collection":[{"href":"https:\/\/www.uni-weimar.de\/projekte\/radioartresidencyweimar\/wp-json\/wp\/v2\/pages"}],"about":[{"href":"https:\/\/www.uni-weimar.de\/projekte\/radioartresidencyweimar\/wp-json\/wp\/v2\/types\/page"}],"author":[{"embeddable":true,"href":"https:\/\/www.uni-weimar.de\/projekte\/radioartresidencyweimar\/wp-json\/wp\/v2\/users\/7"}],"replies":[{"embeddable":true,"href":"https:\/\/www.uni-weimar.de\/projekte\/radioartresidencyweimar\/wp-json\/wp\/v2\/comments?post=2015"}],"version-history":[{"count":17,"href":"https:\/\/www.uni-weimar.de\/projekte\/radioartresidencyweimar\/wp-json\/wp\/v2\/pages\/2015\/revisions"}],"predecessor-version":[{"id":2460,"href":"https:\/\/www.uni-weimar.de\/projekte\/radioartresidencyweimar\/wp-json\/wp\/v2\/pages\/2015\/revisions\/2460"}],"wp:attachment":[{"href":"https:\/\/www.uni-weimar.de\/projekte\/radioartresidencyweimar\/wp-json\/wp\/v2\/media?parent=2015"}],"curies":[{"name":"wp","href":"https:\/\/api.w.org\/{rel}","templated":true}]}}