{"id":136,"date":"2023-01-25T15:57:54","date_gmt":"2023-01-25T14:57:54","guid":{"rendered":"https:\/\/www.uni-weimar.de\/projekte\/radioartresidencyweimar\/?page_id=136"},"modified":"2024-05-21T09:00:33","modified_gmt":"2024-05-21T07:00:33","slug":"open-call","status":"publish","type":"page","link":"https:\/\/www.uni-weimar.de\/projekte\/radioartresidencyweimar\/de\/about-2\/open-call\/","title":{"rendered":"Ausschreibung 2023 und 2024"},"content":{"rendered":"\n<div class=\"wp-block-cover alignfull has-background-dim-20 has-white-background-color has-background-dim has-parallax\" style=\"background-image:url(https:\/\/www.uni-weimar.de\/projekte\/radioartresidencyweimar\/wp-content\/uploads\/2022\/03\/BackGround.png)\"><div class=\"wp-block-cover__inner-container\">\n<div style=\"height:140px\" aria-hidden=\"true\" class=\"wp-block-spacer\"><\/div>\n\n\n\n<div class=\"wp-block-columns\">\n<div class=\"wp-block-column has-black-color has-text-color\" style=\"flex-basis:10%\"><\/div>\n\n\n\n<div class=\"wp-block-column has-black-color has-text-color\" style=\"flex-basis:50%\">\n<h2><strong><strong>Ausschreibung: Radio Art Residency Weimar 2023 und 2024<\/strong><\/strong><\/h2>\n\n\n\n<p>Die Radio Art Residency ist ein internationales Stipendienprogramm f\u00fcr k\u00fcnstlerische Praxis im Radio. Die Residenz ist ein gemeinsames Projekt des Goethe-Instituts und des Experimentellen Radios an der Bauhaus-Universit\u00e4t Weimar in Kooperation mit Deutschlandfunk Kultur, dem Haus der Kulturen der Welt und der Hochschule f\u00fcr Musik Franz Liszt Weimar.&nbsp;<\/p>\n\n\n\n<p>Das Programm bietet einmal im Jahr einen zweimonatigen Aufenthalt in Weimar f\u00fcr jeweils zwei K\u00fcnstler*innen aus den Regionen S\u00fcdamerika, S\u00fcdasien, S\u00fcdostasien und S\u00fcdliches Afrika.<\/p>\n\n\n\n<p>In den Jahren 2023 und 2024 ist die Radiokunstresidenz Teil des \u00fcbergeordneten Dachprojekts \u201eListening to the World \u2013 100 Jahre Radio\u201c: In dem k\u00fcnstlerischen Forschungsprojekt setzen sich K\u00fcnstler*innen, Wissenschaftler*innen, Medienschaffende und H\u00f6rer*innen aus den verschiedenen Regionen mit unterschiedlichen Fragen zum H\u00f6ren in seiner Vielfalt und seinen transkulturellen Verflechtungen auseinander.<\/p>\n\n\n\n<p>Ziel des Stipendiums ist es, kreative k\u00fcnstlerische Arbeit zu f\u00f6rdern und die Realisierung neuer k\u00fcnstlerischer Arbeiten zu unterst\u00fctzen, die sich mit den thematischen Schwerpunkten des Listening to the World-Projekts auseinandersetzen und daran ankn\u00fcpfen.<\/p>\n\n\n\n<p>Die Stipendiat*innen sind eingeladen, w\u00e4hrend ihres zweimonatigen Aufenthalts vor Ort in Weimar ein St\u00fcck zu den unten genannten Fragestellungen und Themen f\u00fcr den Sendeplatz Klangkunst bei Deutschlandfunk Kultur zu produzieren und in interdisziplin\u00e4ren Konstellationen die Grenzen von Klang- und Radiokunst auszuloten und zu \u00fcberschreiten, sich vom interkulturellen Dialog an der Bauhaus-Universit\u00e4t Weimar sowie der Kultur- und Klassikstadt Weimar inspirieren zu lassen.<\/p>\n\n\n\n<p>Dar\u00fcber hinaus haben sie die M\u00f6glichkeit, einen n\u00e4heren Einblick in die zeitgen\u00f6ssische Kunst in Deutschland und insbesondere in die internationale Klang- und Radiokunst zu erhalten und sich mit ihr zu vernetzen.<\/p>\n\n\n\n<p>Das Stipendium wird kuratorisch betreut und technisch unterst\u00fctzt durch das Experimentelle Radio der Bauhaus-Universit\u00e4t Weimar.<\/p>\n\n\n\n<p><strong>Listening to the World \u2013 100 Jahre Radio<\/strong><\/p>\n\n\n\n<p>Kaum eine Kulturtechnik hat unser Zusammenleben so nachhaltig beeinflusst wie das Radioh\u00f6ren. Radio vereint V\u00f6lker und stiftet Identit\u00e4t, es wird aber auch f\u00fcr Propagandazwecke und als Spionage- und Machtinstrument eingesetzt. Es ist von Anfang an ein Medium der Globalisierung und spielt eine Schl\u00fcsselrolle in der Kolonialgeschichte.<\/p>\n\n\n\n<p>Jede Region der Welt hat ihre eigenen Geschichten des Zuh\u00f6rens und Nicht-Zuh\u00f6rens, des Zusammenkommens und der Spaltung von Gemeinschaften rund um das Radio. Da Radiowellen jedoch nicht an Landesgrenzen halt machen, sind diese Geschichten in vielerlei Hinsicht miteinander verbunden.<\/p>\n\n\n\n<p>\u201eListening to the World \u2013 100 Jahre Radio\u201c will die historische Verbindung zwischen Radio und Globalisierung im Bewusstsein einer breiten \u00d6ffentlichkeit in und au\u00dferhalb Deutschlands verankern. Das Innovationspotenzial, das aus dem kulturellen Erbe der weltweiten Radiolandschaft und der Kulturtechnik des Radioh\u00f6rens erw\u00e4chst, soll h\u00f6rbar werden.<\/p>\n\n\n\n<p>Wie hat das Radio unser H\u00f6ren in den letzten 100 Jahren gepr\u00e4gt? Welche Praxis und Methoden des Zuh\u00f6rens haben verschiedene Kulturen entwickelt? Wie verh\u00e4lt sich das Radio zu Machtstrukturen und Kolonialgeschichte? Welchen Beitrag k\u00f6nnte eine Kultur des Zuh\u00f6rens in einer zunehmend globalisierten und gleichzeitig polarisierten Welt in Zukunft leisten?<\/p>\n\n\n\n<p><strong>RADIO ART RESIDENCY&nbsp;<\/strong><\/p>\n\n\n\n<p>Die Radio Art Residency Weimar ist ein Projekt des Experimentellen Radios an der Bauhaus-Universit\u00e4t Weimar, Fakult\u00e4t Kunst und Gestaltung, in Zusammenarbeit mit dem Goethe-Institut. Das Programm wird unterst\u00fctzt durch den Fonds Internationale Kooperationen des Dezernates Internationale Beziehungen der Bauhaus-Universit\u00e4t Weimar, dem Haus der Kulturen der Welt, Deutschlandfunk Kultur und der Hochschule f\u00fcr Musik Franz Liszt Weimar.<\/p>\n\n\n\n<p><strong>LEISTUNGEN DER RADIO ART RESIDENCY<\/strong><strong>&nbsp;<\/strong><\/p>\n\n\n\n<ul><li>Finanzierung der An- und Abreisekosten<\/li><li>Bereitstellung einer Unterkunft in Weimar f\u00fcr 2 Monate&nbsp;<\/li><li>Eine monatliche Stipendienrate von 2000 Euro (beinhaltet anfallende Material- und Produktionskosten sowie lokale Transport- und Fahrtkosten)<\/li><li>Eine Sendung im Programm Klangkunst von Deutschlandfunk Kultur<\/li><li>Mitwirkung bei einer Veranstaltung des Listening to the World Projektes im Haus der Kulturen der Welt<\/li><li>Kuratorische Betreuung und technische Unterst\u00fctzung durch das Experimentelle Radio der Bauhaus-Universit\u00e4t Weimar.<\/li><\/ul>\n\n\n\n<p>Weitere M\u00f6glichkeiten:<\/p>\n\n\n\n<ul><li>Ein Workshop mit Studierenden der Bauhaus-Universit\u00e4t Weimar<\/li><li>Ein K\u00fcnstler*innengespr\u00e4ch im Rahmen der Reihe Radiogespr\u00e4che des Experimentellen Radios<\/li><li>Vernetzung mit relevanten Kulturschaffenden und Institutionen \u00fcber das Netzwerk des Experimentellen Radios und des Goethe-Instituts<\/li><li>Ein Online Deutsch-Sprachkurs des Goethe-Instituts<\/li><\/ul>\n\n\n\n<p><strong>ZEITLICHER RAHMEN<\/strong><\/p>\n\n\n\n<p>F\u00fcr den Zeitraum vom 1. September bis 31. Oktober 2023 k\u00f6nnen sich K\u00fcnstler*innen mit Herkunft oder st\u00e4ndigen Wohnsitz in den Regionen S\u00fcdamerika, S\u00fcdasien und S\u00fcdostasien bewerben.<\/p>\n\n\n\n<p>F\u00fcr den Zeitraum vom 1. September bis 31. Oktober 2024 k\u00f6nnen sich K\u00fcnstler*innen mit Herkunft oder st\u00e4ndigen Wohnsitz in den Regionen S\u00fcdliches Afrika, S\u00fcdasien und S\u00fcdostasien bewerben.<\/p>\n\n\n\n<p><strong>VORAUSSETZUNGEN<\/strong><\/p>\n\n\n\n<p>Das Programm richtet sich an K\u00fcnstler*innen, die im Feld der akustischen und zeitbasierten Kunst arbeiten (Radio-, Performance- und Klangk\u00fcnstler*innen).<\/p>\n\n\n\n<p>Bewerben k\u00f6nnen sich K\u00fcnstler*innen mit Herkunft oder st\u00e4ndigem Wohnsitz in den Regionen S\u00fcdamerika, S\u00fcdasien, S\u00fcdostasien und S\u00fcdliches Afrika, die aus dem nicht-deutschsprachigen Raum kommen und keinen Wohnsitz in Deutschland haben.<\/p>\n\n\n\n<p>Erfahrungen in der Audioproduktion, die zur Realisierung des eigenen Beitrags notwendig sind, werden erw\u00fcnscht.<\/p>\n\n\n\n<p>Wichtiger Hinweis: Da die Residenz den Fokus auf Radiokunst setzt, k\u00f6nnen Bewerbungen mit Schwerpunkt Journalismus\/Unterhaltung (wie Talk Shows, Features, Podcasts\u2026) nicht angenommen werden.<\/p>\n\n\n\n<p><strong>BEWERBUNGSFRIST<\/strong><\/p>\n\n\n\n<p>Bitte reichen Sie Ihre Bewerbung bis zum <strong>20. Februar 2023<\/strong>, <strong>11:59 Uhr CET<\/strong> ein. Versp\u00e4tete oder unvollst\u00e4ndig eingereichte Antr\u00e4ge k\u00f6nnen nicht ber\u00fccksichtigt werden.<\/p>\n\n\n\n<p>Aufgrund zahlreicher Anfragen ist es leider nicht m\u00f6glich, Ihnen ein Feedback zu Ihrer Bewerbung zu geben.<\/p>\n\n\n\n<p><\/p>\n\n\n\n<p><\/p>\n\n\n\n<p><strong>CORONA-BESTIMMUNGEN<\/strong><\/p>\n\n\n\n<p>Bitte beachten Sie, dass eine positive R\u00fcckmeldung auf Ihre Bewerbung nur unter Ber\u00fccksichtigung der geltenden staatlichen Vorschriften f\u00fcr die Einreise nach Deutschland im Zusammenhang mit der Corona Pandemie erteilt werden kann. Haben Sie hierzu Fragen, schreiben Sie uns bitte eine E-Mail.<br><a href=\"https:\/\/www.bundesgesundheitsministerium.de\/coronavirus-infos-reisende.html\">https:\/\/www.bundesgesundheitsministerium.de\/coronavirus-infos-reisende.html<\/a><\/p>\n\n\n\n<p><\/p>\n\n\n\n<p><\/p>\n\n\n\n<p><strong>AUSWAHL DER ANTR\u00c4GE<\/strong><\/p>\n\n\n\n<p>Die Auswahl wird von Vertreter*innen des Goethe-Instituts, der Professur f\u00fcr Experimentelles Radio an der Bauhaus-Universit\u00e4t Weimar, der Redaktion Klangkunst von Deutschlandfunk Kultur und dem Haus der Kulturen der Welt und einer K\u00fcnstler*in aus der freien Szene getroffen.&nbsp;&nbsp;<\/p>\n\n\n\n<p><\/p>\n\n\n\n<p><strong>H\u00c4UFIG GESTELLTE FRAGEN<\/strong><\/p>\n\n\n\n<p><strong><em>Kann der Zeitraum der Residenz verschoben werden?<\/em><\/strong><\/p>\n\n\n\n<p>Nein. Der Zeitraum der Residenz ist f\u00fcr einen Aufenthalt von 60 Tagen in dem Zeitraum vorgesehen, in dem die Bewerber*in von der Radio Art Residency Weimar ausgew\u00e4hlt wurde. Entweder vom 1. September bis 31. Oktober 2023 oder vom 1. September bis 31. Oktober 2024.<br><strong><em><br>Ist es notwendig den gesamten Zeitraum (<\/em><\/strong><strong><em>zw<\/em><\/strong><strong><em>ei Monate\/<\/em><\/strong><strong><em>60 <\/em><\/strong><strong><em>Tage) anwesend zu sein?<\/em><\/strong><\/p>\n\n\n\n<p>Ja, das Stipendium verpflichtet den\/die K\u00fcnstler*in, w\u00e4hrend der gesamten zwei Monate anwesend zu sein und nicht l\u00e4nger als 7 Tage abwesend zu sein.<br><strong><em><br>Muss ich f\u00fcr die Kosten des Visums aufkommen?<\/em><\/strong><\/p>\n\n\n\n<p>Nein, die Stipendiat*innen m\u00fcssen die Kosten f\u00fcr das Visum nicht selbst tragen.<\/p>\n\n\n\n<p><strong><em>Ist es m\u00f6glich, sich mit einem Gemeinschaftsprojekt zu bewerben?<\/em><\/strong><\/p>\n\n\n\n<p>Nein, das Stipendium ist f\u00fcr jeweils eine*n K\u00fcnstler*in gedacht.<\/p>\n<\/div>\n\n\n\n<div class=\"wp-block-column has-black-color has-text-color\" style=\"flex-basis:25%\">\n<div class=\"wp-block-buttons\">\n<div class=\"wp-block-button has-custom-width wp-block-button__width-75 has-custom-font-size is-style-fill\" style=\"font-size:15px\"><a class=\"wp-block-button__link has-white-color has-text-color has-background\" href=\"https:\/\/www.uni-weimar.de\/projekte\/radioartresidencyweimar\/de\/home_de\/\" style=\"background-color:#007074\">Der Bewerbungszeitraum ist beendet. <\/a><\/div>\n<\/div>\n<\/div>\n<\/div>\n\n\n\n<div class=\"wp-block-columns\">\n<div class=\"wp-block-column\" style=\"flex-basis:66.66%\"><\/div>\n\n\n\n<div class=\"wp-block-column\" style=\"flex-basis:33.33%\"><\/div>\n<\/div>\n\n\n\n<div class=\"wp-block-columns\">\n<div class=\"wp-block-column\" style=\"flex-basis:66.66%\">\n<p><\/p>\n<\/div>\n\n\n\n<div class=\"wp-block-column\" style=\"flex-basis:33.33%\">\n<div class=\"wp-block-buttons\"><\/div>\n<\/div>\n<\/div>\n<\/div><\/div>\n","protected":false},"excerpt":{"rendered":"","protected":false},"author":2,"featured_media":910,"parent":106,"menu_order":0,"comment_status":"closed","ping_status":"closed","template":"","meta":[],"_links":{"self":[{"href":"https:\/\/www.uni-weimar.de\/projekte\/radioartresidencyweimar\/wp-json\/wp\/v2\/pages\/136"}],"collection":[{"href":"https:\/\/www.uni-weimar.de\/projekte\/radioartresidencyweimar\/wp-json\/wp\/v2\/pages"}],"about":[{"href":"https:\/\/www.uni-weimar.de\/projekte\/radioartresidencyweimar\/wp-json\/wp\/v2\/types\/page"}],"author":[{"embeddable":true,"href":"https:\/\/www.uni-weimar.de\/projekte\/radioartresidencyweimar\/wp-json\/wp\/v2\/users\/2"}],"replies":[{"embeddable":true,"href":"https:\/\/www.uni-weimar.de\/projekte\/radioartresidencyweimar\/wp-json\/wp\/v2\/comments?post=136"}],"version-history":[{"count":114,"href":"https:\/\/www.uni-weimar.de\/projekte\/radioartresidencyweimar\/wp-json\/wp\/v2\/pages\/136\/revisions"}],"predecessor-version":[{"id":2705,"href":"https:\/\/www.uni-weimar.de\/projekte\/radioartresidencyweimar\/wp-json\/wp\/v2\/pages\/136\/revisions\/2705"}],"up":[{"embeddable":true,"href":"https:\/\/www.uni-weimar.de\/projekte\/radioartresidencyweimar\/wp-json\/wp\/v2\/pages\/106"}],"wp:featuredmedia":[{"embeddable":true,"href":"https:\/\/www.uni-weimar.de\/projekte\/radioartresidencyweimar\/wp-json\/wp\/v2\/media\/910"}],"wp:attachment":[{"href":"https:\/\/www.uni-weimar.de\/projekte\/radioartresidencyweimar\/wp-json\/wp\/v2\/media?parent=136"}],"curies":[{"name":"wp","href":"https:\/\/api.w.org\/{rel}","templated":true}]}}