{"id":106,"date":"2020-12-22T14:32:54","date_gmt":"2020-12-22T13:32:54","guid":{"rendered":"https:\/\/www.uni-weimar.de\/projekte\/radioartresidencyweimar\/?page_id=106"},"modified":"2023-02-05T19:07:19","modified_gmt":"2023-02-05T18:07:19","slug":"about-2","status":"publish","type":"page","link":"https:\/\/www.uni-weimar.de\/projekte\/radioartresidencyweimar\/de\/about-2\/","title":{"rendered":"About"},"content":{"rendered":"\n<div class=\"wp-block-cover alignfull has-background-dim-20 has-white-background-color has-background-dim has-parallax\" style=\"background-image:url(https:\/\/www.uni-weimar.de\/projekte\/radioartresidencyweimar\/wp-content\/uploads\/2022\/03\/BackGround.png)\"><div class=\"wp-block-cover__inner-container\">\n<div style=\"height:140px\" aria-hidden=\"true\" class=\"wp-block-spacer\"><\/div>\n\n\n\n<div class=\"wp-block-columns\">\n<div class=\"wp-block-column\" style=\"flex-basis:10%\"><\/div>\n\n\n\n<div class=\"wp-block-column\" style=\"flex-basis:66.66%\">\n<h1 class=\"has-huge-font-size\"><span style=\"color:#007074\" class=\"tadv-color\">ABOUT<\/span><\/h1>\n<\/div>\n<\/div>\n\n\n\n<div class=\"wp-block-columns\">\n<div class=\"wp-block-column has-black-color has-text-color\" style=\"flex-basis:10%\"><\/div>\n\n\n\n<div class=\"wp-block-column has-black-color has-text-color\" style=\"flex-basis:80%\">\n<p><strong>Die Radio Art Residency<\/strong> ist ein internationales Stipendienprogramm f\u00fcr k\u00fcnstlerische Praxis im Radio. Die Residenz ist ein gemeinsames Projekt des Goethe-Instituts und des Experimentellen Radios an der Bauhaus-Universit\u00e4t Weimar in Kooperation mit Deutschlandfunk Kultur, dem Haus der Kulturen der Welt und der Hochschule f\u00fcr Musik Franz Liszt Weimar.<\/p>\n<p>Das Programm bietet einmal im Jahr einen zweimonatigen Aufenthalt in Weimar f\u00fcr jeweils zwei K\u00fcnstler*innen aus den Regionen S\u00fcdamerika, S\u00fcdasien, S\u00fcdostasien und S\u00fcdliches Afrika.<\/p>\n<p>In den Jahren 2023 und 2024 ist die Radiokunstresidenz Teil des \u00fcbergeordneten Dachprojekts \u201eListening to the World \u2013 100 Jahre Radio\u201c: In dem k\u00fcnstlerischen Forschungsprojekt setzen sich K\u00fcnstler*innen, Wissenschaftler*innen, Medienschaffende und H\u00f6rer*innen aus den verschiedenen Regionen mit unterschiedlichen Fragen zum H\u00f6ren in seiner Vielfalt und seinen transkulturellen Verflechtungen auseinander.<\/p>\n<p>Ziel des Stipendiums ist es, kreative k\u00fcnstlerische Arbeit zu f\u00f6rdern und die Realisierung neuer k\u00fcnstlerischer Arbeiten zu unterst\u00fctzen, die sich mit den thematischen Schwerpunkten des Listening to the World-Projekts auseinandersetzen und daran ankn\u00fcpfen.<\/p>\n<p>Die Stipendiat*innen sind eingeladen, w\u00e4hrend ihres zweimonatigen Aufenthalts vor Ort in Weimar ein St\u00fcck zu den unten genannten Fragestellungen und Themen f\u00fcr den Sendeplatz Klangkunst bei Deutschlandfunk Kultur zu produzieren und in interdisziplin\u00e4ren Konstellationen die Grenzen von Klang- und Radiokunst auszuloten und zu \u00fcberschreiten, sich vom interkulturellen Dialog an der Bauhaus-Universit\u00e4t Weimar sowie der Kultur- und Klassikstadt Weimar inspirieren zu lassen.<\/p>\n<p>Dar\u00fcber hinaus haben sie die M\u00f6glichkeit, einen n\u00e4heren Einblick in die zeitgen\u00f6ssische Kunst in Deutschland und insbesondere in die internationale Klang- und Radiokunst zu erhalten und sich mit ihr zu vernetzen.<\/p>\n<p>Das Stipendium wird kuratorisch betreut und technisch unterst\u00fctzt durch das Experimentelle Radio der Bauhaus-Universit\u00e4t Weimar.<\/p>\n<\/div>\n\n\n\n<div class=\"wp-block-column has-black-color has-text-color\" style=\"flex-basis:10px\">\n<div class=\"wp-block-buttons\"><\/div>\n<\/div>\n<\/div>\n\n\n\n<div class=\"wp-block-columns\">\n<div class=\"wp-block-column\" style=\"flex-basis:66.66%\">\n<p><\/p>\n<\/div>\n\n\n\n<div class=\"wp-block-column\" style=\"flex-basis:33.33%\">\n<div class=\"wp-block-buttons\"><\/div>\n<\/div>\n<\/div>\n<\/div><\/div>\n","protected":false},"excerpt":{"rendered":"","protected":false},"author":2,"featured_media":0,"parent":0,"menu_order":0,"comment_status":"closed","ping_status":"closed","template":"","meta":[],"_links":{"self":[{"href":"https:\/\/www.uni-weimar.de\/projekte\/radioartresidencyweimar\/wp-json\/wp\/v2\/pages\/106"}],"collection":[{"href":"https:\/\/www.uni-weimar.de\/projekte\/radioartresidencyweimar\/wp-json\/wp\/v2\/pages"}],"about":[{"href":"https:\/\/www.uni-weimar.de\/projekte\/radioartresidencyweimar\/wp-json\/wp\/v2\/types\/page"}],"author":[{"embeddable":true,"href":"https:\/\/www.uni-weimar.de\/projekte\/radioartresidencyweimar\/wp-json\/wp\/v2\/users\/2"}],"replies":[{"embeddable":true,"href":"https:\/\/www.uni-weimar.de\/projekte\/radioartresidencyweimar\/wp-json\/wp\/v2\/comments?post=106"}],"version-history":[{"count":44,"href":"https:\/\/www.uni-weimar.de\/projekte\/radioartresidencyweimar\/wp-json\/wp\/v2\/pages\/106\/revisions"}],"predecessor-version":[{"id":2580,"href":"https:\/\/www.uni-weimar.de\/projekte\/radioartresidencyweimar\/wp-json\/wp\/v2\/pages\/106\/revisions\/2580"}],"wp:attachment":[{"href":"https:\/\/www.uni-weimar.de\/projekte\/radioartresidencyweimar\/wp-json\/wp\/v2\/media?parent=106"}],"curies":[{"name":"wp","href":"https:\/\/api.w.org\/{rel}","templated":true}]}}