{"id":245,"date":"2023-03-09T14:19:59","date_gmt":"2023-03-09T13:19:59","guid":{"rendered":"https:\/\/www.uni-weimar.de\/projekte\/projectminnettedesilva\/?page_id=245"},"modified":"2023-03-22T22:17:16","modified_gmt":"2023-03-22T21:17:16","slug":"weaving-the-bigger-picture","status":"publish","type":"page","link":"https:\/\/www.uni-weimar.de\/projekte\/projectminnettedesilva\/weaving-the-bigger-picture\/","title":{"rendered":"Weaving the bigger picture"},"content":{"rendered":"\t\t<div data-elementor-type=\"wp-page\" data-elementor-id=\"245\" class=\"elementor elementor-245\">\n\t\t\t\t\t\t<section class=\"elementor-section elementor-top-section elementor-element elementor-element-84f0f03 elementor-section-boxed elementor-section-height-default elementor-section-height-default\" data-id=\"84f0f03\" data-element_type=\"section\" data-e-type=\"section\">\n\t\t\t\t\t\t<div class=\"elementor-container elementor-column-gap-default\">\n\t\t\t\t\t<div class=\"elementor-column elementor-col-100 elementor-top-column elementor-element elementor-element-655c570\" data-id=\"655c570\" data-element_type=\"column\" data-e-type=\"column\">\n\t\t\t<div class=\"elementor-widget-wrap elementor-element-populated\">\n\t\t\t\t\t\t<div class=\"elementor-element elementor-element-b610a6a elementor-widget elementor-widget-text-editor\" data-id=\"b610a6a\" data-element_type=\"widget\" data-e-type=\"widget\" data-widget_type=\"text-editor.default\">\n\t\t\t\t<div class=\"elementor-widget-container\">\n\t\t\t\t\t\t\t\t\t<h2>Weaving the bigger picture<\/h2><h5>Nikolai Krome, Tom\u00e1\u0161 M\u00fcller<\/h5>\t\t\t\t\t\t\t\t<\/div>\n\t\t\t\t<\/div>\n\t\t\t\t<div class=\"elementor-element elementor-element-59d05a2 elementor-widget elementor-widget-theme-post-featured-image elementor-widget-image\" data-id=\"59d05a2\" data-element_type=\"widget\" data-e-type=\"widget\" data-widget_type=\"theme-post-featured-image.default\">\n\t\t\t\t<div class=\"elementor-widget-container\">\n\t\t\t\t\t\t\t\t\t\t\t\t\t\t\t<img fetchpriority=\"high\" decoding=\"async\" width=\"2560\" height=\"2140\" src=\"https:\/\/www.uni-weimar.de\/projekte\/projectminnettedesilva\/wp-content\/uploads\/2023\/03\/hero_weaving-scaled.jpg\" class=\"attachment-full size-full wp-image-247\" alt=\"\" srcset=\"https:\/\/www.uni-weimar.de\/projekte\/projectminnettedesilva\/wp-content\/uploads\/2023\/03\/hero_weaving-scaled.jpg 2560w, https:\/\/www.uni-weimar.de\/projekte\/projectminnettedesilva\/wp-content\/uploads\/2023\/03\/hero_weaving-300x251.jpg 300w, https:\/\/www.uni-weimar.de\/projekte\/projectminnettedesilva\/wp-content\/uploads\/2023\/03\/hero_weaving-1024x856.jpg 1024w, https:\/\/www.uni-weimar.de\/projekte\/projectminnettedesilva\/wp-content\/uploads\/2023\/03\/hero_weaving-768x642.jpg 768w, https:\/\/www.uni-weimar.de\/projekte\/projectminnettedesilva\/wp-content\/uploads\/2023\/03\/hero_weaving-1536x1284.jpg 1536w, https:\/\/www.uni-weimar.de\/projekte\/projectminnettedesilva\/wp-content\/uploads\/2023\/03\/hero_weaving-2048x1712.jpg 2048w, https:\/\/www.uni-weimar.de\/projekte\/projectminnettedesilva\/wp-content\/uploads\/2023\/03\/hero_weaving-175x146.jpg 175w, https:\/\/www.uni-weimar.de\/projekte\/projectminnettedesilva\/wp-content\/uploads\/2023\/03\/hero_weaving-50x42.jpg 50w, https:\/\/www.uni-weimar.de\/projekte\/projectminnettedesilva\/wp-content\/uploads\/2023\/03\/hero_weaving-90x75.jpg 90w\" sizes=\"(max-width: 2560px) 100vw, 2560px\" \/>\t\t\t\t\t\t\t\t\t\t\t\t\t\t\t<\/div>\n\t\t\t\t<\/div>\n\t\t\t\t\t<\/div>\n\t\t<\/div>\n\t\t\t\t\t<\/div>\n\t\t<\/section>\n\t\t\t\t<section class=\"elementor-section elementor-top-section elementor-element elementor-element-1a421d7 elementor-section-boxed elementor-section-height-default elementor-section-height-default\" data-id=\"1a421d7\" data-element_type=\"section\" data-e-type=\"section\">\n\t\t\t\t\t\t<div class=\"elementor-container elementor-column-gap-default\">\n\t\t\t\t\t<div class=\"elementor-column elementor-col-100 elementor-top-column elementor-element elementor-element-f3e3fdb\" data-id=\"f3e3fdb\" data-element_type=\"column\" data-e-type=\"column\">\n\t\t\t<div class=\"elementor-widget-wrap elementor-element-populated\">\n\t\t\t\t\t\t<div class=\"elementor-element elementor-element-95d0ee3 elementor-widget elementor-widget-text-editor\" data-id=\"95d0ee3\" data-element_type=\"widget\" data-e-type=\"widget\" data-widget_type=\"text-editor.default\">\n\t\t\t\t<div class=\"elementor-widget-container\">\n\t\t\t\t\t\t\t\t\t<p><span style=\"font-weight: 400;\">\u201cWeaving the bigger picture\u201d is a game that invites architecture students, design students and others interested in the work of South Asian architect Minnette De Silva to interactively learn about her work through exploring one of her later works built in 1984- the Kandy Arts Centre. We hope that by engaging in narrative building and debating on the plausibility of the narratives, you will be able to immerse yourself in some of the issues she was navigating within the project and be able to do so not only through the evaluation of facts but also through emotion and empathy. It is, after all, about understanding the bigger picture.<\/span><\/p>\t\t\t\t\t\t\t\t<\/div>\n\t\t\t\t<\/div>\n\t\t\t\t\t<\/div>\n\t\t<\/div>\n\t\t\t\t\t<\/div>\n\t\t<\/section>\n\t\t\t\t<section class=\"elementor-section elementor-top-section elementor-element elementor-element-8c432ee elementor-section-boxed elementor-section-height-default elementor-section-height-default\" data-id=\"8c432ee\" data-element_type=\"section\" data-e-type=\"section\">\n\t\t\t\t\t\t<div class=\"elementor-container elementor-column-gap-default\">\n\t\t\t\t\t<div class=\"elementor-column elementor-col-100 elementor-top-column elementor-element elementor-element-3d93ca4\" data-id=\"3d93ca4\" data-element_type=\"column\" data-e-type=\"column\">\n\t\t\t<div class=\"elementor-widget-wrap elementor-element-populated\">\n\t\t\t\t\t\t<div class=\"elementor-element elementor-element-f790a98 elementor-widget elementor-widget-text-editor\" data-id=\"f790a98\" data-element_type=\"widget\" data-e-type=\"widget\" data-widget_type=\"text-editor.default\">\n\t\t\t\t<div class=\"elementor-widget-container\">\n\t\t\t\t\t\t\t\t\t<h4><b>Description:<\/b><\/h4><p><span style=\"font-weight: 400;\">Sri Lanka has a history of a 300-year-long period of colonization. Although 1948 is known as the year of independence, it is hard to trace a clear breaking point from the influence of colonialism that had influenced the citizens\u2019 very ways of thinking and ordering the world. The struggles and efforts of De Silva within her practice and her role as a female architect through time suggest in some ways how Sri Lanka\u2019s relation to colonial processes and questions of power changed through time. While the game attempts to bring more awareness about the Kandy Arts Centre project among the wider public, it is also an invitation to explore the broader themes related to her work, such as de-colonialism, environment, community, and gender.\u00a0\u00a0<\/span><\/p><p><span style=\"font-weight: 400;\">Two or more people can play the game. The game aims to open a discussion about one of South Asian architect Minnette de Silva\u2019s final built works \u2013 the Kandy Arts Centre. We found it very interesting that this project, set apart from her early work through many years, enables a different way of reflecting and making connections about how ideas and practices can change through time. Here are a few themes that we found important\u00a0 to reflect on when working on the game:<\/span><\/p><p><span style=\"font-weight: 400;\">To what extent was Minnette de Silva able to align her values on community, tradition\/culture, and village forms with client expectations, and how did that differentiate from previous projects? How did Minnette de Silva create a symbiotic relationship between the \u2018traditional\u2019 and the \u2018modern\u2019 in designing a large-scale project such as Kandy Arts Centre, where many other stakeholders were involved in the building process? To what extent does the difference in size (of scale) of the Kandy Arts Centre, compared to most of her previous housing buildings, influence the detailing and execution of the project? How did Minnette de Silva use different materials to their best advantage in the Kandy Arts Centre project? To what extent did her operations within a limited practice(office) setup affect her work?<\/span><\/p><p><span style=\"font-weight: 400;\">We have used these themes in various ways to set up the narratives. By assembling narratives and questioning them in the process, we hope the players will find other ways to explore the significance of these questions<\/span><\/p>\t\t\t\t\t\t\t\t<\/div>\n\t\t\t\t<\/div>\n\t\t\t\t\t<\/div>\n\t\t<\/div>\n\t\t\t\t\t<\/div>\n\t\t<\/section>\n\t\t\t\t<section class=\"elementor-section elementor-top-section elementor-element elementor-element-d617059 elementor-section-height-min-height elementor-section-boxed elementor-section-height-default elementor-section-items-middle\" data-id=\"d617059\" data-element_type=\"section\" data-e-type=\"section\">\n\t\t\t\t\t\t<div class=\"elementor-container elementor-column-gap-default\">\n\t\t\t\t\t<div class=\"elementor-column elementor-col-50 elementor-top-column elementor-element elementor-element-e2124d2\" data-id=\"e2124d2\" data-element_type=\"column\" data-e-type=\"column\">\n\t\t\t<div class=\"elementor-widget-wrap elementor-element-populated\">\n\t\t\t\t\t\t<div class=\"elementor-element elementor-element-75754f9 elementor-align-center elementor-widget elementor-widget-button\" data-id=\"75754f9\" data-element_type=\"widget\" data-e-type=\"widget\" data-widget_type=\"button.default\">\n\t\t\t\t<div class=\"elementor-widget-container\">\n\t\t\t\t\t\t\t\t\t<div class=\"elementor-button-wrapper\">\n\t\t\t\t\t<a class=\"elementor-button elementor-button-link elementor-size-md\" href=\"https:\/\/www.uni-weimar.de\/projekte\/projectminnettedesilva\/wp-content\/uploads\/2023\/03\/Cardgame-3.pdf\">\n\t\t\t\t\t\t<span class=\"elementor-button-content-wrapper\">\n\t\t\t\t\t\t\t\t\t<span class=\"elementor-button-text\">Download Game<\/span>\n\t\t\t\t\t<\/span>\n\t\t\t\t\t<\/a>\n\t\t\t\t<\/div>\n\t\t\t\t\t\t\t\t<\/div>\n\t\t\t\t<\/div>\n\t\t\t\t\t<\/div>\n\t\t<\/div>\n\t\t\t\t<div class=\"elementor-column elementor-col-50 elementor-top-column elementor-element elementor-element-58e73fd\" data-id=\"58e73fd\" data-element_type=\"column\" data-e-type=\"column\">\n\t\t\t<div class=\"elementor-widget-wrap elementor-element-populated\">\n\t\t\t\t\t\t<div class=\"elementor-element elementor-element-52029fb elementor-align-center elementor-widget elementor-widget-button\" data-id=\"52029fb\" data-element_type=\"widget\" data-e-type=\"widget\" data-widget_type=\"button.default\">\n\t\t\t\t<div class=\"elementor-widget-container\">\n\t\t\t\t\t\t\t\t\t<div class=\"elementor-button-wrapper\">\n\t\t\t\t\t<a class=\"elementor-button elementor-button-link elementor-size-md\" href=\"https:\/\/www.uni-weimar.de\/projekte\/projectminnettedesilva\/wp-content\/uploads\/2023\/03\/Playbook-Updated-.pdf\">\n\t\t\t\t\t\t<span class=\"elementor-button-content-wrapper\">\n\t\t\t\t\t\t\t\t\t<span class=\"elementor-button-text\">Download Playbook<\/span>\n\t\t\t\t\t<\/span>\n\t\t\t\t\t<\/a>\n\t\t\t\t<\/div>\n\t\t\t\t\t\t\t\t<\/div>\n\t\t\t\t<\/div>\n\t\t\t\t\t<\/div>\n\t\t<\/div>\n\t\t\t\t\t<\/div>\n\t\t<\/section>\n\t\t\t\t<section class=\"elementor-section elementor-top-section elementor-element elementor-element-9285b3c elementor-section-boxed elementor-section-height-default elementor-section-height-default\" data-id=\"9285b3c\" data-element_type=\"section\" data-e-type=\"section\">\n\t\t\t\t\t\t<div class=\"elementor-container elementor-column-gap-default\">\n\t\t\t\t\t<div class=\"elementor-column elementor-col-100 elementor-top-column elementor-element elementor-element-6c6e201\" data-id=\"6c6e201\" data-element_type=\"column\" data-e-type=\"column\">\n\t\t\t<div class=\"elementor-widget-wrap elementor-element-populated\">\n\t\t\t\t\t\t<div class=\"elementor-element elementor-element-ce69d61 elementor-widget elementor-widget-gallery\" data-id=\"ce69d61\" data-element_type=\"widget\" data-e-type=\"widget\" data-settings=\"{&quot;gallery_layout&quot;:&quot;masonry&quot;,&quot;columns&quot;:3,&quot;lazyload&quot;:&quot;yes&quot;,&quot;columns_tablet&quot;:2,&quot;columns_mobile&quot;:1,&quot;gap&quot;:{&quot;unit&quot;:&quot;px&quot;,&quot;size&quot;:10,&quot;sizes&quot;:[]},&quot;gap_tablet&quot;:{&quot;unit&quot;:&quot;px&quot;,&quot;size&quot;:10,&quot;sizes&quot;:[]},&quot;gap_mobile&quot;:{&quot;unit&quot;:&quot;px&quot;,&quot;size&quot;:10,&quot;sizes&quot;:[]},&quot;overlay_background&quot;:&quot;yes&quot;,&quot;content_hover_animation&quot;:&quot;fade-in&quot;}\" data-widget_type=\"gallery.default\">\n\t\t\t\t<div class=\"elementor-widget-container\">\n\t\t\t\t\t\t\t<div class=\"elementor-gallery__container\">\n\t\t\t\t\t\t\t<div class=\"e-gallery-item elementor-gallery-item elementor-animated-content\">\n\t\t\t\t\t<div class=\"e-gallery-image elementor-gallery-item__image\" data-thumbnail=\"https:\/\/www.uni-weimar.de\/projekte\/projectminnettedesilva\/wp-content\/uploads\/2023\/03\/IMG_5111-1024x768.jpg\" data-width=\"1024\" data-height=\"768\" alt=\"\" ><\/div>\n\t\t\t\t\t\t\t\t\t\t\t<div class=\"elementor-gallery-item__overlay\"><\/div>\n\t\t\t\t\t\t\t\t\t\t\t\t\t\t<\/div>\n\t\t\t\t\t\t\t<div class=\"e-gallery-item elementor-gallery-item elementor-animated-content\">\n\t\t\t\t\t<div class=\"e-gallery-image elementor-gallery-item__image\" data-thumbnail=\"https:\/\/www.uni-weimar.de\/projekte\/projectminnettedesilva\/wp-content\/uploads\/2023\/03\/IMG_5110-768x1024.jpg\" data-width=\"768\" data-height=\"1024\" alt=\"\" ><\/div>\n\t\t\t\t\t\t\t\t\t\t\t<div class=\"elementor-gallery-item__overlay\"><\/div>\n\t\t\t\t\t\t\t\t\t\t\t\t\t\t<\/div>\n\t\t\t\t\t\t\t<div class=\"e-gallery-item elementor-gallery-item elementor-animated-content\">\n\t\t\t\t\t<div class=\"e-gallery-image elementor-gallery-item__image\" data-thumbnail=\"https:\/\/www.uni-weimar.de\/projekte\/projectminnettedesilva\/wp-content\/uploads\/2023\/03\/20230227_214518-1-767x1024.jpg\" data-width=\"767\" data-height=\"1024\" alt=\"\" ><\/div>\n\t\t\t\t\t\t\t\t\t\t\t<div class=\"elementor-gallery-item__overlay\"><\/div>\n\t\t\t\t\t\t\t\t\t\t\t\t\t\t<\/div>\n\t\t\t\t\t\t\t<div class=\"e-gallery-item elementor-gallery-item elementor-animated-content\">\n\t\t\t\t\t<div class=\"e-gallery-image elementor-gallery-item__image\" data-thumbnail=\"https:\/\/www.uni-weimar.de\/projekte\/projectminnettedesilva\/wp-content\/uploads\/2023\/03\/20230227_214518-767x1024.jpg\" data-width=\"767\" data-height=\"1024\" alt=\"\" ><\/div>\n\t\t\t\t\t\t\t\t\t\t\t<div class=\"elementor-gallery-item__overlay\"><\/div>\n\t\t\t\t\t\t\t\t\t\t\t\t\t\t<\/div>\n\t\t\t\t\t\t\t<div class=\"e-gallery-item elementor-gallery-item elementor-animated-content\">\n\t\t\t\t\t<div class=\"e-gallery-image elementor-gallery-item__image\" data-thumbnail=\"https:\/\/www.uni-weimar.de\/projekte\/projectminnettedesilva\/wp-content\/uploads\/2023\/03\/20230227_214332-1024x767.jpg\" data-width=\"1024\" data-height=\"767\" alt=\"\" ><\/div>\n\t\t\t\t\t\t\t\t\t\t\t<div class=\"elementor-gallery-item__overlay\"><\/div>\n\t\t\t\t\t\t\t\t\t\t\t\t\t\t<\/div>\n\t\t\t\t\t\t\t<div class=\"e-gallery-item elementor-gallery-item elementor-animated-content\">\n\t\t\t\t\t<div class=\"e-gallery-image elementor-gallery-item__image\" data-thumbnail=\"https:\/\/www.uni-weimar.de\/projekte\/projectminnettedesilva\/wp-content\/uploads\/2023\/03\/20230227_214320-767x1024.jpg\" data-width=\"767\" data-height=\"1024\" alt=\"\" ><\/div>\n\t\t\t\t\t\t\t\t\t\t\t<div class=\"elementor-gallery-item__overlay\"><\/div>\n\t\t\t\t\t\t\t\t\t\t\t\t\t\t<\/div>\n\t\t\t\t\t\t\t<div class=\"e-gallery-item elementor-gallery-item elementor-animated-content\">\n\t\t\t\t\t<div class=\"e-gallery-image elementor-gallery-item__image\" data-thumbnail=\"https:\/\/www.uni-weimar.de\/projekte\/projectminnettedesilva\/wp-content\/uploads\/2023\/03\/20230227_214147-1024x767.jpg\" data-width=\"1024\" data-height=\"767\" alt=\"\" ><\/div>\n\t\t\t\t\t\t\t\t\t\t\t<div class=\"elementor-gallery-item__overlay\"><\/div>\n\t\t\t\t\t\t\t\t\t\t\t\t\t\t<\/div>\n\t\t\t\t\t<\/div>\n\t\t\t\t\t<\/div>\n\t\t\t\t<\/div>\n\t\t\t\t\t<\/div>\n\t\t<\/div>\n\t\t\t\t\t<\/div>\n\t\t<\/section>\n\t\t\t\t<\/div>\n\t\t","protected":false},"excerpt":{"rendered":"<p>Weaving the bigger picture Nikolai Krome, Tom\u00e1\u0161 M\u00fcller \u201cWeaving the bigger picture\u201d is a game that invites architecture students, design students and others interested in the<span class=\"excerpt-hellip\"> [\u2026]<\/span><\/p>\n","protected":false},"author":2,"featured_media":0,"parent":0,"menu_order":0,"comment_status":"closed","ping_status":"closed","template":"","meta":{"inline_featured_image":false,"footnotes":""},"class_list":["post-245","page","type-page","status-publish","hentry"],"_links":{"self":[{"href":"https:\/\/www.uni-weimar.de\/projekte\/projectminnettedesilva\/wp-json\/wp\/v2\/pages\/245","targetHints":{"allow":["GET"]}}],"collection":[{"href":"https:\/\/www.uni-weimar.de\/projekte\/projectminnettedesilva\/wp-json\/wp\/v2\/pages"}],"about":[{"href":"https:\/\/www.uni-weimar.de\/projekte\/projectminnettedesilva\/wp-json\/wp\/v2\/types\/page"}],"author":[{"embeddable":true,"href":"https:\/\/www.uni-weimar.de\/projekte\/projectminnettedesilva\/wp-json\/wp\/v2\/users\/2"}],"replies":[{"embeddable":true,"href":"https:\/\/www.uni-weimar.de\/projekte\/projectminnettedesilva\/wp-json\/wp\/v2\/comments?post=245"}],"version-history":[{"count":35,"href":"https:\/\/www.uni-weimar.de\/projekte\/projectminnettedesilva\/wp-json\/wp\/v2\/pages\/245\/revisions"}],"predecessor-version":[{"id":498,"href":"https:\/\/www.uni-weimar.de\/projekte\/projectminnettedesilva\/wp-json\/wp\/v2\/pages\/245\/revisions\/498"}],"wp:attachment":[{"href":"https:\/\/www.uni-weimar.de\/projekte\/projectminnettedesilva\/wp-json\/wp\/v2\/media?parent=245"}],"curies":[{"name":"wp","href":"https:\/\/api.w.org\/{rel}","templated":true}]}}