{"id":4620,"date":"2022-02-02T16:51:34","date_gmt":"2022-02-02T15:51:34","guid":{"rendered":"https:\/\/www.uni-weimar.de\/projekte\/kurzschluss\/?page_id=4620"},"modified":"2022-02-03T13:53:59","modified_gmt":"2022-02-03T12:53:59","slug":"datenschutzerklaerung","status":"publish","type":"page","link":"https:\/\/www.uni-weimar.de\/projekte\/kurzschluss\/datenschutzerklaerung\/","title":{"rendered":"Datenschutzerkl\u00e4rung"},"content":{"rendered":"<div class=\"fusion-fullwidth fullwidth-box fusion-builder-row-1 fusion-flex-container nonhundred-percent-fullwidth non-hundred-percent-height-scrolling\" style=\"--awb-border-radius-top-left:0px;--awb-border-radius-top-right:0px;--awb-border-radius-bottom-right:0px;--awb-border-radius-bottom-left:0px;\" ><div class=\"fusion-builder-row fusion-row fusion-flex-align-items-flex-start\" style=\"max-width:1216.8px;margin-left: calc(-4% \/ 2 );margin-right: calc(-4% \/ 2 );\"><div class=\"fusion-layout-column fusion_builder_column fusion-builder-column-0 fusion_builder_column_1_1 1_1 fusion-flex-column\" style=\"--awb-bg-size:cover;--awb-width-large:100%;--awb-margin-top-large:0px;--awb-spacing-right-large:1.92%;--awb-margin-bottom-large:0px;--awb-spacing-left-large:1.92%;--awb-width-medium:100%;--awb-order-medium:0;--awb-spacing-right-medium:1.92%;--awb-spacing-left-medium:1.92%;--awb-width-small:100%;--awb-order-small:0;--awb-spacing-right-small:1.92%;--awb-spacing-left-small:1.92%;\"><div class=\"fusion-column-wrapper fusion-column-has-shadow fusion-flex-justify-content-flex-start fusion-content-layout-column\"><div class=\"fusion-text fusion-text-1\" style=\"--awb-text-transform:none;--awb-text-color:var(--awb-color6);\"><h1>Datenschutz<\/h1>\n<p><strong>I. Name und Anschrift des Verantwortlichen<\/strong><br \/>Der Verantwortliche im Sinne der Datenschutz-Grundverordnung und anderer nationaler Datenschutzgesetze der Mitgliedsstaaten sowie sonstiger datenschutzrechtlicher Bestimmungen ist die:<\/p>\n<p>Bauhaus-Universit\u00e4t Weimar<br \/>Ansprechpartner Timm Burkhardt<br \/>Geschwister-Scholl-Stra\u00dfe 7<br \/>99423 Weimar<br \/>Deutschland<br \/>Telefon: +49 (0) 36 43\/58 11 10<br \/>Website: www.uni-weimar.de\u00a0<\/p>\n<h3>II. Name und Anschrift der Datenschutzbeauftragten<\/h3>\n<p><strong>Die Datenschutzbeauftragte des Verantwortlichen ist:<\/strong><\/p>\n<p>Magdalene Becker<br \/>Belvederer Allee 6<br \/>99423 Weimar Deutschland<br \/>Telefon: +49 (0) 36 43\/58 12 22<br \/>E-Mail: datenschutz@uni-weimar.de<\/p>\n<p>Website: www.uni-weimar.de<\/p>\n<h3>III. Bereitstellung der Website und Erstellung von Logfiles<\/h3>\n<p><strong>1. Beschreibung und Umfang der Datenverarbeitung<\/strong><br \/>Bei jedem Aufruf unserer Internetseite erfasst unser System automatisiert Daten und Informationen vom Computersystem des aufrufenden Rechners.<\/p>\n<p>Folgende Daten werden hierbei erhoben\u00a0<br \/>(1) Informationen \u00fcber den Browsertyp und die verwendete Version<br \/>(2) Das Betriebssystem des Nutzers<br \/>(3) Den Internet-Service-Provider des Nutzers<br \/>(4) Die IP-Adresse des Nutzers<br \/>(5) Datum und Uhrzeit des Zugriffs<br \/>(6) Websites, von denen das System des Nutzers auf unsere Internetseite gelangt<br \/>(7) Websites, die vom System des Nutzers \u00fcber unsere Website aufgerufen werden<\/p>\n<p>Die Daten werden ebenfalls in den Logfiles unseres Systems gespeichert. Eine Speicherung dieser Daten zusammen mit anderen personenbezogenen Daten des Nutzers findet nicht statt.<\/p>\n<p><strong>2. Rechtsgrundlage f\u00fcr die Datenverarbeitung<\/strong><br \/>Rechtsgrundlage f\u00fcr die vor\u00fcbergehende Speicherung der Daten und der Logfiles ist Art. 6 Abs. 1 lit. e i.V.m. Abs. 3 DSGVO i.V.m. \u00a7 5 Abs. 13 Th\u00fcrHG.<\/p>\n<p><strong>3. Zweck der Datenverarbeitung<\/strong><br \/>Die vor\u00fcbergehende Speicherung der IP-Adresse durch das System ist notwendig, um eine Auslieferung der Website an den Rechner des Nutzers zu erm\u00f6glichen. Hierf\u00fcr muss die IP-Adresse des Nutzers f\u00fcr die Dauer der Sitzung gespeichert bleiben.<\/p>\n<p>Die Speicherung in Logfiles erfolgt, um die Funktionsf\u00e4higkeit der Website sicherzustellen. Zudem dienen uns die Daten zur Sicherstellung der Sicherheit unserer informationstechnischen Systeme. Eine Auswertung der Daten zu Marketingzwecken findet in diesem Zusammenhang nicht statt.<\/p>\n<p><strong>4. Dauer der Speicherung<\/strong><br \/>Die Daten werden gel\u00f6scht, sobald sie f\u00fcr die Erreichung des Zweckes ihrer Erhebung nicht mehr erforderlich sind. Im Falle der Erfassung der Daten zur Bereitstellung der Website ist dies der Fall, wenn die jeweilige Sitzung beendet ist.<\/p>\n<p>Im Falle der Speicherung der Daten in Logfiles werden diese gesetzlichen Vorgaben entsprechend gel\u00f6scht.<\/p>\n<p><strong>5. Widerspruchs- und Beseitigungsm\u00f6glichkeit<\/strong><br \/>Die Erfassung der Daten zur Bereitstellung der Website und die Speicherung der Daten in Logfiles ist f\u00fcr den Betrieb der Internetseite zwingend erforderlich. Es besteht folglich seitens des Nutzers keine Widerspruchsm\u00f6glichkeit.<\/p>\n<p>\u00a0<\/p>\n<h3>IV. Verwendung von Cookies<\/h3>\n<p><strong>1. Beschreibung und Umfang der Datenverarbeitung<\/strong><br \/>Unsere Webseite verwendet Cookies. Bei Cookies handelt es sich um Textdateien, die im Internetbrowser bzw. vom Internetbrowser auf dem Computersystem des Nutzers gespeichert werden. Ruft ein Nutzer eine Website auf, so kann ein Cookie auf dem Betriebssystem des Nutzers gespeichert werden. Dieser Cookie enth\u00e4lt eine charakteristische Zeichenfolge, die eine eindeutige Identifizierung des Browsers beim erneuten Aufrufen der Website erm\u00f6glicht.<\/p>\n<p>Wir setzen Cookies ein, um unsere Website nutzerfreundlicher zu gestalten. Einige Elemente unserer Internetseite erfordern es, dass der aufrufende Browser auch nach einem Seitenwechsel identifiziert werden kann.<\/p>\n<p>In den Cookies werden dabei folgende Daten gespeichert und \u00fcbermittelt:<\/p>\n<p><strong>(1) Log-In-Informationen<\/strong><\/p>\n<p><strong>2. Rechtsgrundlage f\u00fcr die Datenverarbeitung<\/strong><br \/>Die Rechtsgrundlage f\u00fcr die Verarbeitung personenbezogener Daten unter Verwendung von Cookies ist Art. 6 Abs. 1 lit. e i.V.m. Abs. 3 DSGVO i.V.m. \u00a7 5 Abs. 13 Th\u00fcrHG<\/p>\n<p><strong>3. Zweck der Datenverarbeitung<\/strong><br \/>Der Zweck der Verwendung technisch notwendiger Cookies ist, die Nutzung von Websites f\u00fcr die Nutzer zu vereinfachen. Unsere Internetseite kann prinzipiell ohne Verwendung von Cookies genutzt werden. Einige Funktionen k\u00f6nnen allerdings ohne den Einsatz von Cookies nicht angeboten werden. F\u00fcr diese ist es erforderlich, dass der Browser auch nach einem Seitenwechsel wiedererkannt wird.<\/p>\n<p>Die Anwendungen, f\u00fcr die wir Cookies ben\u00f6tigen, sind unter V. 1. genannt.<\/p>\n<p>Die durch technisch notwendige Cookies erhobenen Nutzerdaten werden nicht zur Erstellung von Nutzerprofilen verwendet.<\/p>\n<p><strong>4. Dauer der Speicherung, Widerspruchs- und Beseitigungsm\u00f6glichkeit<\/strong><br \/>Cookies werden auf dem Rechner des Nutzers gespeichert und von diesem an unserer Seite \u00fcbermittelt. Daher haben Sie als Nutzer auch die volle Kontrolle \u00fcber die Verwendung von Cookies. Durch eine \u00c4nderung der Einstellungen in Ihrem Internetbrowser k\u00f6nnen Sie die \u00dcbertragung von Cookies deaktivieren oder einschr\u00e4nken. Bereits gespeicherte Cookies k\u00f6nnen jederzeit gel\u00f6scht werden. Dies kann auch automatisiert erfolgen. Werden Cookies f\u00fcr unsere Website deaktiviert, k\u00f6nnen m\u00f6glicherweise nicht mehr alle Funktionen der Website vollumf\u00e4nglich genutzt werden.<\/p>\n<h3>V. Registrierung, Kontaktformulare und E-Mail-Kontakt<\/h3>\n<p><strong>1. Beschreibung und Umfang der Datenverarbeitung<\/strong><br \/>Auf unserer Internetseite werden Kontaktformulare eingesetzt, welche f\u00fcr die elektronische Kontaktaufnahme genutzt werden k\u00f6nnen. Nimmt ein Nutzer diese M\u00f6glichkeit wahr, so werden die Daten aus der Eingabemaske an uns \u00fcbermittelt. Pflichtangaben sind durch ein farbiges Sternchen markiert, alle weiteren Angaben sind freiwillig.<\/p>\n<p><strong>Im Zeitpunkt der Absendung der Nachricht werden zudem folgende Daten gespeichert:<\/strong><\/p>\n<p><strong>Datum und Uhrzeit des Absendevorgangs:<\/strong><br \/>Bei der Nutzung von Kontaktformularen werden die erfassten Daten regelm\u00e4\u00dfig per E-Mail an den \/ die angegeben Empf\u00e4nger versendet. Zus\u00e4tzlich k\u00f6nnen die erfassten Daten in einer Datenbank gespeichert werden, wenn sichergestellt werden soll, dass Ausf\u00e4lle bei der E-Mail-Zustellung nicht zu einem Informationsverlust f\u00fchren.<\/p>\n<p>Alternativ ist eine Kontaktaufnahme \u00fcber die bereitgestellte E-Mail-Adresse m\u00f6glich. In diesem Fall werden die mit der E-Mail \u00fcbermittelten personenbezogenen Daten des Nutzers gespeichert.<\/p>\n<p>Es erfolgt in diesem Zusammenhang keine Weitergabe der Daten an Dritte. Die Daten werden ausschlie\u00dflich f\u00fcr die Verarbeitung der Konversation verwendet.<\/p>\n<p><strong>2. Rechtsgrundlage f\u00fcr die Datenverarbeitung<\/strong><br \/>Rechtsgrundlage f\u00fcr die Verarbeitung der Daten ist Art. 6 Abs. 1 lit. a DSGVO (Einwilligung).<\/p>\n<p><strong>3. Zweck der Datenverarbeitung<\/strong><br \/>Die Verarbeitung der personenbezogenen Daten aus der Eingabemaske dient uns allein zur Bearbeitung der Kontaktaufnahme.<\/p>\n<p>Die sonstigen w\u00e4hrend des Absendevorgangs verarbeiteten personenbezogenen Daten dienen dazu, einen Missbrauch des Kontaktformulars zu verhindern und die Sicherheit unserer informationstechnischen Systeme sicherzustellen.<\/p>\n<p><strong>4. Dauer der Speicherung<\/strong><br \/>Die Daten werden aus der Datenbank gel\u00f6scht, sobald sie f\u00fcr die Erreichung des Zweckes ihrer Erhebung nicht mehr erforderlich sind. F\u00fcr die personenbezogenen Daten aus der Eingabemaske des Kontaktformulars ist dies dann der Fall, wenn sich aus den Umst\u00e4nden entnehmen l\u00e4sst, dass der betroffene Sachverhalt abschlie\u00dfend gekl\u00e4rt ist. Sie werden unabh\u00e4ngig davon sp\u00e4testens nach 90 Tagen aus der Datenbank gel\u00f6scht.<\/p>\n<p><strong>5. Widerspruchs- und Beseitigungsm\u00f6glichkeit<\/strong><br \/>Der oder die Anfragende kann seine Einwilligung jederzeit widerrufen, z.B. durch eine E-Mail an timm.burkhardt@uni-weimar.de und die L\u00f6schung seiner personenbezogenen Daten, die er in der der Eingabemaske des Kontaktformulars angegeben hat, aus der Datenbank verlangen. Die Rechtm\u00e4\u00dfigkeit der Verarbeitung bis zu Widerruf bleibt unber\u00fchrt.<\/p>\n<h3>VI. Inhalte von Drittanbietern<\/h3>\n<p>Vimeo-Videos<br \/>Auf der Webseite der Bauhaus-Universit\u00e4t Weimar werden Videos eingebunden, welche \u00fcber den externen Dienstleister Vimeo bereitgestellt werden.<\/p>\n<p>Vimeo, Inc.<br \/>Attn: Legal Dept. \u2013 Data Protection Agent<br \/>555 West 18th Street, New York, New York 10011, USA<br \/>E-Mail: dmca@vimeo.com<\/p>\n<p>Diese Bereitstellung erfolgt in getrennter Verantwortung f\u00fcr die Verarbeitung (\u00bbController-to-Controller\u00ab) personenbezogener Daten nach Art. 4, Nr. 7 i.V.m. Art. 24 DSGVO und auf Basis der allgemeinen Gesch\u00e4fts-, Nutzungs- und Datenschutzbedingungen des Dienstanbieters (https:\/\/vimeo.com\/privacy#data_we_collect_about_you). Folgende Daten k\u00f6nnen beim Ansehen von Videos an Vimeo \u00fcbertragen und damit von Vimeo gesammelt, gespeichert und verarbeitet werden:<\/p>\n<p><strong>IP-Adresse<\/strong><br \/>technische Infos \u00fcber Ihren Browsertyp<br \/>Ihr Betriebssystem bzw. grundlegende Ger\u00e4teinformationen<br \/>In Abh\u00e4ngigkeit von den eigenen Webaktivit\u00e4ten der Nutzer*innen kommt es bei eigenst\u00e4ndig angemeldete Vimeo-Nutzer*innen ggf. zu weiteren Daten\u00fcbertragungen durch gespeicherte (Drittanbieter-)Cookies, die von Vimeo oder Drittanbietern z.B. zu Statistiken zu sozialen Medien sowie f\u00fcr Google Analytics, Live- und Post-Event-Analysen, Bindungs- und Dauerdiagramme, benutzerdefinierten Reports, E-Mail-Marketing verwendet werden k\u00f6nnen.<\/p>\n<p>Die Daten\u00fcbertragung von Webaktivit\u00e4t wie z.B. Sitzungsdauer, Absprungrate oder Klickverhalten k\u00f6nnen Nutzer*innen durch individuelle Cookie-Einstellung im von ihnen verwendeten Browser verfolgen und unterbinden.<br \/>Vimeo-Videos werden nicht automatisch eingebettet.<\/p>\n<h3>VII. Rechte der betroffenen Person<\/h3>\n<p>Werden personenbezogene Daten von Ihnen verarbeitet, sind Sie Betroffener i.S.d. DSGVO und es stehen Ihnen folgende Rechte gegen\u00fcber dem Verantwortlichen zu:<br \/>Sie haben das Recht, von der Bauhaus-Universit\u00e4t Weimar Auskunft \u00fcber die zu Ihrer Person gespeicherten personenbezogenen Daten gem\u00e4\u00df Art. 15 DSGVO zu erhalten und\/oder unrichtig gespeicherte personenbezogene Daten gem\u00e4\u00df Art. 16 DSGVO berichtigen zu lassen.<br \/>Sie haben dar\u00fcber hinaus das Recht auf L\u00f6schung (Art. 17 DSGVO) oder auf Einschr\u00e4nkung der Verarbeitung (Art. 18 DSGVO) oder ein Widerspruchsrecht gegen die Verarbeitung (Art. 21 DSGVO).<br \/>Beruht die Verarbeitung der personenbezogenen Daten auf einer Einwilligung kann diese jederzeit widerrufen werden. Die Rechtm\u00e4\u00dfigkeit der Verarbeitung bleibt bis zum Widerruf unber\u00fchrt.<br \/>Bitte wenden Sie sich zur Wahrnehmung Ihrer Rechte an timm.burkhardt@uni-weimar.de<br \/>Sie haben au\u00dferdem das Recht auf Beschwerde bei der Aufsichtsbeh\u00f6rde, wenn Sie der Ansicht sind, dass die Verarbeitung der Sie betreffenden personenbezogenen Daten gegen die datenschutzrechtlichen Vorschriften verst\u00f6\u00dft (Art. 77 DSGVO).<br \/>Die Aufsichtsbeh\u00f6rde, bei der die Beschwerde eingereicht wurde, unterrichtet den Beschwerdef\u00fchrer \u00fcber den Stand und die Ergebnisse der Beschwerde einschlie\u00dflich der M\u00f6glichkeit eines gerichtlichen Rechtsbehelfs nach Art. 78 DSGVO.<\/p>\n<\/div><\/div><\/div><\/div><\/div>\n","protected":false},"excerpt":{"rendered":"","protected":false},"author":5,"featured_media":0,"parent":0,"menu_order":0,"comment_status":"closed","ping_status":"closed","template":"","meta":{"inline_featured_image":false,"footnotes":""},"class_list":["post-4620","page","type-page","status-publish","hentry"],"acf":[],"_links":{"self":[{"href":"https:\/\/www.uni-weimar.de\/projekte\/kurzschluss\/wp-json\/wp\/v2\/pages\/4620","targetHints":{"allow":["GET"]}}],"collection":[{"href":"https:\/\/www.uni-weimar.de\/projekte\/kurzschluss\/wp-json\/wp\/v2\/pages"}],"about":[{"href":"https:\/\/www.uni-weimar.de\/projekte\/kurzschluss\/wp-json\/wp\/v2\/types\/page"}],"author":[{"embeddable":true,"href":"https:\/\/www.uni-weimar.de\/projekte\/kurzschluss\/wp-json\/wp\/v2\/users\/5"}],"replies":[{"embeddable":true,"href":"https:\/\/www.uni-weimar.de\/projekte\/kurzschluss\/wp-json\/wp\/v2\/comments?post=4620"}],"version-history":[{"count":5,"href":"https:\/\/www.uni-weimar.de\/projekte\/kurzschluss\/wp-json\/wp\/v2\/pages\/4620\/revisions"}],"predecessor-version":[{"id":5129,"href":"https:\/\/www.uni-weimar.de\/projekte\/kurzschluss\/wp-json\/wp\/v2\/pages\/4620\/revisions\/5129"}],"wp:attachment":[{"href":"https:\/\/www.uni-weimar.de\/projekte\/kurzschluss\/wp-json\/wp\/v2\/media?parent=4620"}],"curies":[{"name":"wp","href":"https:\/\/api.w.org\/{rel}","templated":true}]}}