{"id":4419,"date":"2022-02-02T14:21:00","date_gmt":"2022-02-02T13:21:00","guid":{"rendered":"https:\/\/www.uni-weimar.de\/projekte\/kurzschluss\/?page_id=4419"},"modified":"2022-02-02T17:03:54","modified_gmt":"2022-02-02T16:03:54","slug":"barrierefreiheit","status":"publish","type":"page","link":"https:\/\/www.uni-weimar.de\/projekte\/kurzschluss\/barrierefreiheit\/","title":{"rendered":"BARRIEREFREIHEIT"},"content":{"rendered":"<div class=\"fusion-fullwidth fullwidth-box fusion-builder-row-1 fusion-flex-container nonhundred-percent-fullwidth non-hundred-percent-height-scrolling\" style=\"--awb-border-radius-top-left:0px;--awb-border-radius-top-right:0px;--awb-border-radius-bottom-right:0px;--awb-border-radius-bottom-left:0px;\" ><div class=\"fusion-builder-row fusion-row fusion-flex-align-items-flex-start\" style=\"max-width:1216.8px;margin-left: calc(-4% \/ 2 );margin-right: calc(-4% \/ 2 );\"><div class=\"fusion-layout-column fusion_builder_column fusion-builder-column-0 fusion_builder_column_1_1 1_1 fusion-flex-column\" style=\"--awb-bg-size:cover;--awb-width-large:100%;--awb-margin-top-large:0px;--awb-spacing-right-large:1.92%;--awb-margin-bottom-large:0px;--awb-spacing-left-large:1.92%;--awb-width-medium:100%;--awb-order-medium:0;--awb-spacing-right-medium:1.92%;--awb-spacing-left-medium:1.92%;--awb-width-small:100%;--awb-order-small:0;--awb-spacing-right-small:1.92%;--awb-spacing-left-small:1.92%;\"><div class=\"fusion-column-wrapper fusion-column-has-shadow fusion-flex-justify-content-flex-start fusion-content-layout-column\"><div class=\"fusion-text fusion-text-1\" style=\"--awb-text-transform:none;--awb-text-color:var(--awb-color6);\"><h1><strong>Erkl\u00e4rung zur Barrierefreiheit<\/strong><\/h1>\n<p><span style=\"font-family: Times New Roman, serif;\">Die Betreiber*innen sind bem\u00fcht, die Webseite <\/span><span style=\"color: #0000ff;\"><u><a href=\"http:\/\/www.uni-weimar.de\/projekte\/kurzschluss\" target=\"_top\" rel=\"noopener\"><span style=\"font-family: Times New Roman, serif;\">www.uni-weimar.de\/projekte\/kurzschluss<\/span><\/a><\/u><\/span><span style=\"font-family: Times New Roman, serif;\"> im Einklang mit den nationalen Rechtsvorschriften zur Umsetzung der Richtlinie (EU) 2016\/2102 des Europ\u00e4ischen Parlaments und Rates barrierefrei zug\u00e4nglich zu machen.<\/span><\/p>\n<p><span style=\"font-family: Times New Roman, serif;\">Diese Webseite ist mit der Richtlinie (EU) 2016\/2102 und mit den Web Content Accessibility Guidelines 2.0 teilweise vereinbar. Nicht eingeschlossen ist die Pr\u00fcfung von PDF- und Word-Dokumenten und externe Vimeo-Inhalte.<\/span><\/p>\n<p><span style=\"font-family: Times New Roman, serif;\"><b>Erstellung dieser Erkl\u00e4rung zur Barrierefreiheit<\/b><\/span><\/p>\n<p><span style=\"font-family: Times New Roman, serif;\">Diese Erkl\u00e4rung wurde am 2. Februar 2022 erstellt.<\/span><\/p>\n<p><span style=\"font-family: Times New Roman, serif;\">Grundlage der Erstellung dieser Erkl\u00e4rung zur Barrierefreiheit ist die Analyse durch das Open Source Tool Google Lighthouse.<\/span><\/p>\n<p><span style=\"font-family: Times New Roman, serif;\"><b>Noch bestehende M\u00e4ngel<\/b><\/span><\/p>\n<ul>\n<li><span style=\"font-family: Times New Roman, serif;\">Fehlende Alternativtexte f\u00fcr Bilder und Verlinkungen<\/span><\/li>\n<li><span style=\"font-family: Times New Roman, serif;\">Fehler in der Website-Struktur<\/span><\/li>\n<li><span style=\"font-family: Times New Roman, serif;\">Fehlende Leichte Sprache und Geb\u00e4rdensprache<\/span><\/li>\n<li><span style=\"font-family: Times New Roman, serif;\">Fehlende Untertitelung von Videos<\/span><\/li>\n<\/ul>\n<p><span style=\"font-family: Times New Roman, serif;\">Februar 2022: Unsere Website www.uni-weimar.de\/projekte\/kurzschluss stellt bisher noch wenige Informationen in leichter Sprache und Geb\u00e4rdensprache sowie alternativen Texten f\u00fcr Videos zur Verf\u00fcgung.<\/span><\/p>\n<p><span style=\"font-family: Times New Roman, serif;\"><b>Feedback und Kontaktangaben<\/b><\/span><\/p>\n<p><span style=\"font-family: Times New Roman, serif;\">Wenn Sie uns eine R\u00fcckmeldung zu etwaigen M\u00e4ngeln in Bezug auf die Einhaltung der Barrierefreiheitsanforderungen geben m\u00f6chten, verwenden Sie bitte das Formular \u00bbFeedback zu dieser Seite\u00ab, welches Sie auf jeder Seite unten rechts \u00fcber den Footer finden.<\/span><\/p>\n<p><span style=\"font-family: Times New Roman, serif;\"><b>Durchsetzungsverfahren<\/b><\/span><\/p>\n<p><span style=\"font-family: Times New Roman, serif;\">Wenn wir Ihre R\u00fcckmeldungen aus Ihrer Sicht nicht befriedigend bearbeiten, k\u00f6nnen Sie sich an die Schlichtungsstelle bei dem Beauftragten der Bundesregierung f\u00fcr die Belange von Menschen mit Behinderungen wenden. Diese Schlichtungsstelle hat die Aufgabe, Streitigkeiten zwischen Menschen mit Behinderungen oder deren Verb\u00e4nden und \u00f6ffentlichen Stellen des Bundes au\u00dfergerichtlich beizulegen.<\/span><\/p>\n<p><span style=\"font-family: Times New Roman, serif;\">Die Schlichtungsstelle zum Behindertengleichstellungsgesetz (BGG) bei dem Beauftragten der Bundesregierung f\u00fcr die Belange von Menschen mit Behinderungen finden Sie online hier: <\/span><a href=\"http:\/\/www.schlichtungsstelle-bgg.de\/\" target=\"_top\" rel=\"noopener\"><span style=\"color: #0000ff;\"><span style=\"font-family: Times New Roman, serif;\"><u>www.schlichtungsstelle-bgg.de<\/u><\/span><\/span><\/a><\/p>\n<\/div><\/div><\/div><\/div><\/div>\n","protected":false},"excerpt":{"rendered":"","protected":false},"author":2,"featured_media":0,"parent":0,"menu_order":0,"comment_status":"closed","ping_status":"closed","template":"","meta":{"inline_featured_image":false,"footnotes":""},"class_list":["post-4419","page","type-page","status-publish","hentry"],"acf":[],"_links":{"self":[{"href":"https:\/\/www.uni-weimar.de\/projekte\/kurzschluss\/wp-json\/wp\/v2\/pages\/4419","targetHints":{"allow":["GET"]}}],"collection":[{"href":"https:\/\/www.uni-weimar.de\/projekte\/kurzschluss\/wp-json\/wp\/v2\/pages"}],"about":[{"href":"https:\/\/www.uni-weimar.de\/projekte\/kurzschluss\/wp-json\/wp\/v2\/types\/page"}],"author":[{"embeddable":true,"href":"https:\/\/www.uni-weimar.de\/projekte\/kurzschluss\/wp-json\/wp\/v2\/users\/2"}],"replies":[{"embeddable":true,"href":"https:\/\/www.uni-weimar.de\/projekte\/kurzschluss\/wp-json\/wp\/v2\/comments?post=4419"}],"version-history":[{"count":3,"href":"https:\/\/www.uni-weimar.de\/projekte\/kurzschluss\/wp-json\/wp\/v2\/pages\/4419\/revisions"}],"predecessor-version":[{"id":4651,"href":"https:\/\/www.uni-weimar.de\/projekte\/kurzschluss\/wp-json\/wp\/v2\/pages\/4419\/revisions\/4651"}],"wp:attachment":[{"href":"https:\/\/www.uni-weimar.de\/projekte\/kurzschluss\/wp-json\/wp\/v2\/media?parent=4419"}],"curies":[{"name":"wp","href":"https:\/\/api.w.org\/{rel}","templated":true}]}}