{"id":83829,"date":"2021-02-19T11:18:04","date_gmt":"2021-02-19T10:18:04","guid":{"rendered":"https:\/\/www.uni-weimar.de\/projekte\/criticalecologymatters\/?page_id=83829"},"modified":"2021-03-18T08:21:03","modified_gmt":"2021-03-18T07:21:03","slug":"tomas-maldonado-and-texts","status":"publish","type":"page","link":"https:\/\/www.uni-weimar.de\/projekte\/criticalecologymatters\/tomas-maldonado-and-texts\/","title":{"rendered":"Toma\u0301s Maldonado and Texts"},"content":{"rendered":"<p>[vc_row row_height_percent=&#8221;0&#8243; override_padding=&#8221;yes&#8221; h_padding=&#8221;2&#8243; top_padding=&#8221;5&#8243; bottom_padding=&#8221;5&#8243; overlay_alpha=&#8221;100&#8243; gutter_size=&#8221;3&#8243; column_width_percent=&#8221;100&#8243; shift_y=&#8221;0&#8243; z_index=&#8221;0&#8243; row_height_use_pixel=&#8221;&#8221;][vc_column column_width_percent=&#8221;100&#8243; gutter_size=&#8221;3&#8243; overlay_alpha=&#8221;50&#8243; shift_x=&#8221;0&#8243; shift_y=&#8221;0&#8243; shift_y_down=&#8221;0&#8243; z_index=&#8221;0&#8243; medium_width=&#8221;0&#8243; mobile_width=&#8221;0&#8243; zoom_width=&#8221;0&#8243; zoom_height=&#8221;0&#8243;][vc_custom_heading heading_semantic=&#8221;h1&#8243; text_size=&#8221;h1&#8243; text_color=&#8221;color-jevc&#8221; subheading=&#8221;Here are some textual sources and other links that help to understand Maldonado\u2019s position on critical ecology.&#8221;]<strong>Toma\u0301s Maldonado and Texts<\/strong>[\/vc_custom_heading][vc_column_text]<\/p>\n<h3><b>The seminal text by Toma\u0301s Maldonado used for the project discussions:<\/b><\/h3>\n<p><span style=\"font-weight: 400;\">Maldonado, Toma\u0301s,.\u00a0<\/span><i><span style=\"font-weight: 400;\">Design, Nature and Revolution: Toward a Critical Ecology<\/span><\/i><span style=\"font-weight: 400;\">. Trans. Mario Domandi and Larry Busbea, Minneapolis: University of Minnesota Press, 2019.<\/span><\/p>\n<p>Note: Originally published in Italian as <em>La Speranza Progettuale<\/em> and first translated to English by Mario Domandi in 1972.[\/vc_column_text][vc_column_text]<\/p>\n<h3 style=\"text-align: justify;\"><b>Other texts written between 1956-1972 that are helpful to understand certain ideas presented in the book.<\/b><\/h3>\n<p style=\"text-align: justify;\"><strong>Maldonado, Toma\u0301s, \u201cNeue Entwicklungen in der Industrie und die Ausbildung des Produktgestalters.\u201d <i>Ulm: Journal of the Hochschule f\u00fcr Gestaltung<\/i> 2, (1958): 25\u201340.<\/strong><\/p>\n<p style=\"padding-left: 40px; text-align: justify;\"><span style=\"font-weight: 400;\">In the beginning, HfG Ulm explicitly positioned itself as a continuation of the Bauhaus educational model. This 1958 essay by Maldonado shows an exact departure point. He tried to differentiate between the Bauhaus model of education and his vision for Ulm as he became the rector after Max Bill. He argued for the need for a radically different education model concerning future environmental challenges. For him, the new model of education should have \u201coperational knowledge\u201d at the center. In this text, one encounters Maldonado\u2019s reaction to the original Bauhaus tripartite model (arts, science, technology) and his suggestions for rethinking these categories. A continuation of this discussion can be found in the following texts.<\/span><\/p>\n<p style=\"padding-left: 40px; text-align: justify;\">Maldonado, Toma\u0301s,\u201c \u201cIst das Bauhaus aktuell?\u201d <i>Ulm: Journal of the Hochschule f\u00fcr Gestaltung<\/i> 8\/9 (1963): 5\u20133.<\/p>\n<p style=\"padding-left: 40px; text-align: justify;\">See also Walter Gropius\u2019s reply in Ulm 10\/11 (1964): 62\u201370.<\/p>\n<p style=\"padding-left: 40px; text-align: justify;\">Maldonado, Tomas and <a href=\"https:\/\/www.uni-weimar.de\/projekte\/criticalecologymatters\/six-questions-on-tomas-maldonado#gui\">Gui Bonsiepe<\/a>,\u00a0&#8220;Science and Design.&#8221;<i>\u00a0Ulm: Journal of the Hochschule f\u00fcr Gestaltung 10-11, May <\/i>(1964),\u00a02-29.<\/p>\n<p style=\"padding-left: 40px; text-align: justify;\"><span style=\"font-weight: 400;\">The authors discuss the relevance of the emerging fields of cybernetics, systems sciences, and operational research to design practices and design education, particularly in the context of the emerging interest in systemic complexity.<\/span><\/p>\n<p style=\"text-align: justify;\"><strong>Maldonado, Tomas.\u00a0&#8220;The emergent world: A challenge to Architectural and Design Training.&#8221;<i>\u00a0Ulm: Journal of the Hochschule f\u00fcr Gestaltung 12-13,\u00a0<\/i>March (1965), 2-10.<\/strong><\/p>\n<p style=\"padding-left: 40px; text-align: justify;\"><span style=\"font-weight: 400;\">This paper argues why complex open systemic properties should be taken into serious consideration within design discussions. Maldonado discusses how the concept of \u201cfunctionalism\u201d is abused within architecture. He also makes a case against what he identifies as \u201cvirtual utopias.\u201d For the first time, he distinguishes between specialism (by which he means a vertical specialization) and the need for specialization (horizontal).<\/span><\/p>\n<p style=\"text-align: justify;\"><strong>Maldonado, Tomas and <a href=\"https:\/\/www.uni-weimar.de\/projekte\/criticalecologymatters\/six-questions-on-tomas-maldonado#gui\">Gui Bonsiepe<\/a>,\u00a0&#8220;How to fight complacency in design education.&#8221;\u00a0<i>Ulm: Journal of the Hochschule f\u00fcr Gestaltung 17-18,\u00a0<\/i>june (1966), 14-20.<\/strong><\/p>\n<p style=\"padding-left: 40px; text-align: justify;\"><span style=\"font-weight: 400;\">Both the conservative models as well as the modern reforms in education are subjected to critique within this text. Maldonado introduces the terms \u201cinanimate environmental agent\u201d and \u201canimate environmental agent\u201d to emphasize the existence of both a physical environment and a behavioral environment. References to the term \u2018medio cosmos\u2019 as something different from the microcosmos and the microcosmos are made. Maldonado critiques Buckminster Fuller\u2019s technological optimism and argues for a technological imagination that has not lost touch with the sociological imagination. He refers to a possible education model identified as a \u201cUniversity of method,\u201d a concept first proposed by Charles Sanders Peirce. Charles Sanders Peirce has a strong influence on Maldonado\u2019s understanding of semiotics.<\/span><\/p>\n<p style=\"padding-left: 40px; text-align: justify;\"><b>The complete Ulm journal collection can be found here: <\/b><a href=\"https:\/\/monoskop.org\/Ulm\"><span style=\"font-weight: 400;\">https:\/\/monoskop.org\/Ulm<\/span><\/a><\/p>\n<p style=\"padding-left: 40px; text-align: justify;\"><span style=\"font-weight: 400;\">Within the journal, each article consists of a German version and an English version.<\/span><\/p>\n<h3 style=\"text-align: justify;\"><b>Here are some interesting texts that present a continuation of ideas on technology and ecology first presented in <\/b><b><i>Design, Nature, and Revolution.<\/i><\/b><\/h3>\n<p style=\"text-align: justify;\"><strong>Maldonado, Toma\u0301s. &#8220;Taking Eyeglasses Seriously.&#8221;<i>\u00a0Design Issues. <\/i>17 (4), 2001,<i>\u00a0<\/i>32-43.<\/strong><\/p>\n<p style=\"padding-left: 40px; text-align: justify;\"><span style=\"font-weight: 400;\">He argues against design positions that take technological determinism as the departure point.\u00a0 Invoking historian Fernand Braudel&#8217;s statement &#8220;Everything is technique,&#8221; Maldonado stresses that technology is not some untamed force running wild beyond society&#8217;s boundaries, but instead <em>is<\/em> a part of society. The ideas of society and technology co-evolving and constructing each other are discussed by referring to &#8220;assembled environments&#8221; consisting of animate and inanimate agents. The text concludes with the following thought-provoking question posed by Gaston Bachelard: &#8220;Utilization of a magnifying glass means paying attention, but isn&#8217;t attention already a magnifying glass in itself?&#8221;<\/span><\/p>\n<p style=\"text-align: justify;\"><strong>Tom\u00e1s Maldonado, &#8220;Industrial Design: Some Present and Future Queries: The Fourth Banham Memorial Lecture.&#8221;<i>\u00a0<\/i> <i>Journal of Design History,<\/i> Vol. 6, No. 1 (1993), 1-7.<\/strong><\/p>\n<p style=\"padding-left: 40px; text-align: justify;\"><span style=\"font-weight: 400;\">He discusses emerging Italian theories on &#8220;cold design&#8221; (industrial) and &#8220;warm design&#8221; (human). Maldonado is critical of warm designers claiming almost all supremacy in the field without extending any value to the other form. &#8220;Dematerialization processes in design&#8221; is a central theme addressed in the essay. By the term &#8220;dematerialization&#8221; Maldonado addresses the role of new materials, the dematerialization processes with the computerization of operations, and the dematerialization of ideology. The lecture ends with a critical look at the possible effects of virtual reality on nature, design, and politics.<\/span><\/p>\n<p style=\"text-align: justify;\"><strong>Maldonado, Tomas. <i>Digitale Welt und Gestaltung<\/i>, Basel: Birkha\u0308user, 2012.<\/strong><\/p>\n<p style=\"padding-left: 40px; text-align: justify;\"><span style=\"font-weight: 400;\">The following collection of articles provides a critical reading of the effects of digital technologies, particularly their ethical and political consequences for architecture. The texts offer finetuned reflections on concepts that appeared in his work during the 1960s, such as; technological complexity, open systems, sense-making, and animate\/inanimate agents.<\/span><\/p>\n<p style=\"padding-left: 40px; text-align: justify;\">See: Maldonado, Tomas. &#8220;Cyberspace \u2013ein demokratischer Space?&#8221; In <i>Digitale Welt und Gestaltung<\/i>, 23-111.<\/p>\n<p style=\"padding-left: 40px; text-align: justify;\">Maldonado, Tomas. &#8221; Der menschliche K\u00f6rper in der digitalen Welt.&#8221; In <i>Digitale Welt und Gestaltung<\/i>, 161-206.<\/p>\n<p style=\"padding-left: 40px; text-align: justify;\">Maldonado, Tomas. &#8221; Noch einmal die Frage nach der Technik.&#8221; In <i>Digitale Welt und Gestaltung<\/i>, 109-238.<\/p>\n<p style=\"padding-left: 40px; text-align: justify;\"><span style=\"font-weight: 400;\">Maldonado&#8217;s interest in emergent open systems attracted him to theories of technical objects by thinkers such as Gilbert Simondon, Bruno Latour as opposed to philosophers of technology such as Martin Heidegger. Maldonado insists that one must not critique technology by referring to it as an abstract reality as one finds in Heidegger&#8217;s work. Maldonado advocates for a critical inquiry that frames technology as a living system that undergoes its own &#8220;ontogenesis&#8221; and &#8220;individuation.&#8221; The text also questions the relationship between the production of architectural knowledge and technological innovation. The attempt to develop a framework to inquire into the genesis of technical objects and their gradual evolution within a particular socio-political milieu while questioning its relation to architecture was present in Maldonado&#8217;s critical ecological project that began in the 1960s.<\/span><\/p>\n<h3 style=\"text-align: justify;\"><b>Other Writings on Maldonado and Later Ulm<\/b><\/h3>\n<p style=\"text-align: justify;\"><span style=\"font-weight: 400;\"><br \/>\n<\/span><strong>Findeli, Alain. \u201cRethinking Design Education for the 21st Century: Theoretical, Methodological, and Ethical Discussion.\u201d Design Issues: Volume 17, Number 1 Winter 2001<\/strong><\/p>\n<p style=\"padding-left: 40px; text-align: justify;\"><span style=\"font-weight: 400;\">The article provides, among other things, a concise map of the Bauhaus education model&#8217;s changes starting from Weimar, Dessau, Berlin, and then at the HfG Ulm (emphasizing Maldonado&#8217;s scientific operationalism).<\/span><\/p>\n<p style=\"text-align: justify;\"><strong><a href=\"https:\/\/www.uni-weimar.de\/projekte\/criticalecologymatters\/a-container-and-its-contents-revisited\/\">Sadler, Simon<\/a>.\u00a0A Container and Its Contents: Re-Reading Tom\u00e1s Maldonado\u2019s Design, Nature, and Revolution: Toward a Critical Ecology (1970, trans. 1972).\u00a0<i>Room One Thousand<\/i>, 1(2013): 41-53.<\/strong><\/p>\n<p style=\"padding-left: 40px; text-align: justify;\"><span style=\"font-weight: 400;\">This paper situates Maldonado\u2019s project of critical ecology within the 1970s polarized techno-environmental discussion. Maldonado\u2019s ideas are positioned and critically evaluated, and presented in relation to arguments between figures such as Reyner Banham, Buckminster Fuller that sought to see architecture as part of a broad technological field, and figures such as Peter Eisenman, who argued for the autonomy of architecture and its related knowledge practices.<\/span><\/p>\n<p style=\"text-align: justify;\"><strong>Larry Busbea, \u2018Forward\u2019, in Design, Nature and Revolution: Toward a Critical Ecology, (Minneapolis: University of Minnesota Press, 2019), pp. vii\u2013xv.<\/strong><\/p>\n<p style=\"padding-left: 40px; text-align: justify;\"><span style=\"font-weight: 400;\">This essay situates the concept of &#8216;critical ecology&#8217; as something that has less to do with the two separate categories of nature and culture and has more to do with the assembled nature-culture relations. Busbea reminds the reader that Maldonado\u2019s discourse more closely resembled that of Bruno Latour than that of Racheal Carson. How terms such as \u201cForm\u201d and \u201cmediating membrane\u201d implicit in Maldonado\u2019s discussion might be relevant to the present is discussed.<\/span><\/p>\n<p style=\"text-align: justify;\"><strong>Martin, Reinhold.\u00a0&#8220;Environment, c. 1973.&#8221;\u00a0<i>Grey Room<\/i>\u00a0(2004): 78-101.<\/strong><\/p>\n<p style=\"padding-left: 40px; text-align: justify;\"><span style=\"font-weight: 400;\">The text makes references to Maldonado&#8217;s comments on Richard Nixon&#8217;s environmental initiative. Parallel appropriations of systems theoretical concepts within spatial planning discussions in the North American context are discussed. The text critiques Maldonado&#8217;s choice to take up social systems as defined by systems theorist Ludwig von Bertalanffy while ignoring the term&#8217;s relation to the economy. The text also contains an elaborate commentary on concepts such as\u00a0 &#8220;scandal of nature&#8221; and &#8220;scandal of society&#8221; appearing in Maldonado&#8217;s original text.<\/span><\/p>\n<p style=\"text-align: justify;\"><strong>Maldonado, Toma\u0301s. <i>Toma\u0301s Maldonado: un itinerario, an itinerary<\/i>. Milano: Skira, 2007.\u00a0<\/strong><\/p>\n<p style=\"padding-left: 40px; text-align: justify;\"><span style=\"font-weight: 400;\">An edited collection of essays on Maldonado\u2019s work as an artist, a designer, and educator in different periods across countries Argentina, Germany, and Italy.\u00a0<\/span><\/p>\n<p style=\"padding-left: 40px; text-align: justify;\"><span style=\"font-weight: 400;\">The book includes an extensive bibliography of Maldonado\u2019s work.<\/span><\/p>\n<p style=\"padding-left: 40px; text-align: justify;\"><span style=\"font-weight: 400;\">Two sample essays:\u00a0<\/span><\/p>\n<p style=\"padding-left: 40px; text-align: justify;\"><span style=\"font-weight: 400;\"><a href=\"https:\/\/www.uni-weimar.de\/projekte\/criticalecologymatters\/six-questions-on-tomas-maldonado#gui\">Bonsiepe, Gui<\/a>. Ulm School of Design (HfG) as an experiment in cultural innovation, 122-136.\u00a0<\/span><\/p>\n<p style=\"padding-left: 40px; text-align: justify;\"><span style=\"font-weight: 400;\"><a href=\"https:\/\/www.uni-weimar.de\/projekte\/criticalecologymatters\/six-questions-on-tomas-maldonado#raimonda\">Riccini, Raimonda<\/a>. \u201cThe Italian Experience,\u201d 156-176.<\/span><\/p>\n<p style=\"text-align: justify;\"><strong>Curdes, Gerhard. <i>HFG \u2013 IUP \u2013 ZPI\u00a0 &#8211; Gestaltung oder Planung?\u00a0 Zum Paradigmenstreit der 1960er und 1970er Jahre am Beispiel der Hochschule f\u00fcr Gestaltung Ulm, des Instituts f\u00fcr Umweltplanung Ulm und des Planungsinstituts der Universit\u00e4t Stuttgart 1969 -1972. <\/i>Verlag Dorothea Rohn, 2015.<\/strong><\/p>\n<p style=\"padding-left: 40px; text-align: justify;\"><span style=\"font-weight: 400;\">This volume provides an introduction to the plight of Ulm after its 15 years of existence. After the closure of HfG in 1968, IUG (Institute for Environmental Design) later named IUP (Institute for Environmental Planning), opened in the buildings of the HfG. This institute secured the remaining students of HfG and assisted the continuation of their studies. The role of IUP within the environmental discussion is presented together with the problems the institute inherited from the later Ulm model. The book explains why the environmental planning institute existed only for three years.<\/span><\/p>\n<p style=\"padding-left: 40px; text-align: justify;\"><span style=\"font-weight: 400;\">Curdes, Gerhard <\/span><i><span style=\"font-weight: 400;\">HFG Ulm 21 &#8211; R\u00fcckblicke. Bauen, Gemeinschaft, Doktrinen<\/span><\/i><span style=\"font-weight: 400;\">, <\/span><span style=\"font-weight: 400;\">schriftenreihe club off ulm e.v. ulm, 2006.<\/span><\/p>\n<p style=\"padding-left: 40px; text-align: justify;\"><span style=\"font-weight: 400;\">Contains reflections on HfG Ulm by its former students.<\/span><\/p>\n<p style=\"text-align: justify;\"><strong>Garc\u00eda,\u00a0Mar\u00eda Amalia. <i>Tom\u00e1s Maldonado in Conversation with\/en conversaci\u00f3n con Mar\u00eda Amalia Garc\u00eda, <\/i>Fundaci\u00f3n Cisneros, CONVERSATIONS series, 2010.<\/strong><\/p>\n<p style=\"padding-left: 40px; text-align: justify;\"><span style=\"font-weight: 400;\">A Bilingual Spanish and English publication with an introductory essay by architect and design historian <a href=\"https:\/\/www.uni-weimar.de\/projekte\/criticalecologymatters\/six-questions-on-tomas-maldonado#alejandro\">Alejandro Crispiani<\/a>. Maldonado discusses his early artwork and his role in the Argentinean avant-garde movement (Arte Concreto-Invenci\u00f3n) and how it influenced his later work. <\/span><span style=\"font-weight: 400;\">Some video footage related to this publication can be found here:<\/span><\/p>\n<p style=\"padding-left: 40px; text-align: justify;\"><a href=\"https:\/\/vimeo.com\/40871224\"><span style=\"font-weight: 400;\">https:\/\/vimeo.com\/40871224<\/span><\/a><\/p>\n<p style=\"padding-left: 40px; text-align: justify;\"><a href=\"https:\/\/vimeo.com\/58143717\"><span style=\"font-weight: 400;\">https:\/\/vimeo.com\/58143717<\/span><\/a><\/p>\n<p><strong><a href=\"https:\/\/www.uni-weimar.de\/projekte\/criticalecologymatters\/six-questions-on-tomas-maldonado#alejandro\">Crispiani, Alejandro<\/a>. <i>Objetos para transformar el mundo: Trayectorias del Arte Concreto-Invenci\u00f3n, Argentina y Chile, 1940-1970. <\/i>Santiago and Buenos Aires: Universidad Nacional de Quilmes, 2011.<\/strong><\/p>\n<p><strong><a href=\"https:\/\/www.uni-weimar.de\/projekte\/criticalecologymatters\/six-questions-on-tomas-maldonado#joaquin\">Medina Warmburg, Joaqu\u00edn<\/a>. \u201c\u00bbDesign, Nature, and Revolution\u00ab: Tom\u00e1s Maldonado und die Architektur als environmental design\u201d. In <i>Zwischen Sputnik und \u00d6lkrise: Kybernetik in Architektur, Planung und Design<\/i>, edited by Oliver Sukrow, 101-121. M\u00fcnchen: Zentralinstitut f\u00fcr Kunstgeschichte M\u00fcnchen, 2018.<\/strong><\/p>\n<p style=\"padding-left: 40px;\"><span style=\"font-weight: 400;\">This article draws on Maldonado&#8217;s notion of environmental design. The article provides a brief introduction to the background of the book, discusses the content briefly, and the repercussions of the book.\u00a0<\/span><\/p>\n<p><strong><a href=\"https:\/\/www.uni-weimar.de\/projekte\/criticalecologymatters\/six-questions-on-tomas-maldonado#joaquin\">Medina Warmburg, Joaqu\u00edn<\/a>. \u201cEl mundo como artefacto Tom\u00e1s Maldonado en el foco del dise\u00f1o ambiental (1966-1972).\u201d <i>RA: revista de arquitectura<\/i> 19 (2017): 439-58.<\/strong><\/p>\n<p><strong><a href=\"https:\/\/www.uni-weimar.de\/projekte\/criticalecologymatters\/six-questions-on-tomas-maldonado#daniela\">Lucena, Daniela<\/a>. <i>Contaminaci\u00f3n art\u00edstica: vanguardia concreta, comunismo y peronismo en los a\u00f1os 40<\/i>. Buenos Aires: Editorial Biblos, 2015.<\/strong><\/p>\n<p>&nbsp;<\/p>\n<h3 style=\"text-align: justify;\"><b>Other Resource Compilations<\/b><\/h3>\n<p style=\"text-align: justify;\"><span style=\"font-weight: 400;\"><br \/>\n<\/span><span style=\"font-weight: 400;\">For those interested in Maldonado as a designer and an artist here is a very short introduction to Maldonado, the changes in his career, a list of his key publications:<\/span><\/p>\n<p style=\"text-align: justify;\"><a href=\"https:\/\/monoskop.org\/Tom%C3%A1s_Maldonado\"><span style=\"font-weight: 400;\">https:\/\/monoskop.org\/Tom%C3%A1s_Maldonado<\/span><\/a><\/p>\n<p style=\"text-align: justify;\"><span style=\"font-weight: 400;\">For those interested in taking a look at Maldonado\u2019s artwork, here is a starting point:<\/span><\/p>\n<p style=\"text-align: justify;\"><a href=\"https:\/\/www.wikiart.org\/en\/tomas-maldonado\"><span style=\"font-weight: 400;\">https:\/\/www.wikiart.org\/en\/tomas-maldonado<\/span><\/a><\/p>\n<hr \/>\n<p style=\"text-align: justify;\"><strong>2021, February, Compiled by Dulmini Perera and CEM group<\/strong><\/p>\n<p style=\"text-align: justify;\"><span style=\"font-weight: 400;\">Note: This list is selective and is based on the most used sources during project discussions. It is not a full list of all works published by Maldonado or about him.<\/span><\/p>\n<p>[\/vc_column_text][\/vc_column][\/vc_row]<\/p>\n","protected":false},"excerpt":{"rendered":"<p>[vc_row row_height_percent=&#8221;0&#8243; override_padding=&#8221;yes&#8221; h_padding=&#8221;2&#8243; top_padding=&#8221;5&#8243; bottom_padding=&#8221;5&#8243; overlay_alpha=&#8221;100&#8243; gutter_size=&#8221;3&#8243; column_width_percent=&#8221;100&#8243; shift_y=&#8221;0&#8243; z_index=&#8221;0&#8243; row_height_use_pixel=&#8221;&#8221;][vc_column column_width_percent=&#8221;100&#8243; gutter_size=&#8221;3&#8243; overlay_alpha=&#8221;50&#8243; shift_x=&#8221;0&#8243; shift_y=&#8221;0&#8243; shift_y_down=&#8221;0&#8243; z_index=&#8221;0&#8243; medium_width=&#8221;0&#8243; [&hellip;]<\/p>\n","protected":false},"author":3,"featured_media":0,"parent":0,"menu_order":0,"comment_status":"closed","ping_status":"closed","template":"","meta":{"inline_featured_image":false,"footnotes":""},"class_list":["post-83829","page","type-page","status-publish","hentry"],"_links":{"self":[{"href":"https:\/\/www.uni-weimar.de\/projekte\/criticalecologymatters\/wp-json\/wp\/v2\/pages\/83829","targetHints":{"allow":["GET"]}}],"collection":[{"href":"https:\/\/www.uni-weimar.de\/projekte\/criticalecologymatters\/wp-json\/wp\/v2\/pages"}],"about":[{"href":"https:\/\/www.uni-weimar.de\/projekte\/criticalecologymatters\/wp-json\/wp\/v2\/types\/page"}],"author":[{"embeddable":true,"href":"https:\/\/www.uni-weimar.de\/projekte\/criticalecologymatters\/wp-json\/wp\/v2\/users\/3"}],"replies":[{"embeddable":true,"href":"https:\/\/www.uni-weimar.de\/projekte\/criticalecologymatters\/wp-json\/wp\/v2\/comments?post=83829"}],"version-history":[{"count":33,"href":"https:\/\/www.uni-weimar.de\/projekte\/criticalecologymatters\/wp-json\/wp\/v2\/pages\/83829\/revisions"}],"predecessor-version":[{"id":84180,"href":"https:\/\/www.uni-weimar.de\/projekte\/criticalecologymatters\/wp-json\/wp\/v2\/pages\/83829\/revisions\/84180"}],"wp:attachment":[{"href":"https:\/\/www.uni-weimar.de\/projekte\/criticalecologymatters\/wp-json\/wp\/v2\/media?parent=83829"}],"curies":[{"name":"wp","href":"https:\/\/api.w.org\/{rel}","templated":true}]}}