{"id":8976,"date":"2020-11-02T14:50:28","date_gmt":"2020-11-02T12:50:28","guid":{"rendered":"https:\/\/www.uni-weimar.de\/projekte\/bauhaus-fm\/?page_id=8976"},"modified":"2020-11-02T14:53:47","modified_gmt":"2020-11-02T12:53:47","slug":"shift-fm-keine-gerechtigkeit-kein-frieden-perspektiven-schwarzer-deutscher-aktivistinnen","status":"publish","type":"page","link":"https:\/\/www.uni-weimar.de\/projekte\/bauhaus-fm\/shift-fm-keine-gerechtigkeit-kein-frieden-perspektiven-schwarzer-deutscher-aktivistinnen\/","title":{"rendered":"SHIFT FM &#8211; Keine Gerechtigkeit &#8211; Kein Frieden. Perspektiven schwarzer deutscher Aktivist*innen."},"content":{"rendered":"<p>Anl\u00e4sslich der Proteste gegen Rassismus und Polizeigewalt in den U.S.A., die auch zu Demonstrationen in Deutschland gef\u00fchrt haben, ist ein dreiteiliger Themenschwerpunkt mit Fokus auf die Situation im deutschprachigen Raum entstanden.<\/p>\n<p><!--more--><\/p>\n<hr \/>\n<p><strong>Folge 1<\/strong><\/p>\n<p><img loading=\"lazy\" decoding=\"async\" class=\"alignnone size-medium wp-image-8070\" src=\"https:\/\/www.uni-weimar.de\/projekte\/bauhaus-fm\/wp-content\/uploads\/2020\/07\/20_07_07_1300_Keine-Gerechtigkeit-Kein-Frieden-mit-Fatima-Moumouni-269x400.jpg\" alt=\"\" width=\"269\" height=\"400\" srcset=\"https:\/\/www.uni-weimar.de\/projekte\/bauhaus-fm\/wp-content\/uploads\/2020\/07\/20_07_07_1300_Keine-Gerechtigkeit-Kein-Frieden-mit-Fatima-Moumouni-269x400.jpg 269w, https:\/\/www.uni-weimar.de\/projekte\/bauhaus-fm\/wp-content\/uploads\/2020\/07\/20_07_07_1300_Keine-Gerechtigkeit-Kein-Frieden-mit-Fatima-Moumouni.jpg 437w\" sizes=\"auto, (max-width: 269px) 100vw, 269px\" \/><\/p>\n<p>Fatima Moumouni &#8211; Spoken-Word-K\u00fcnstlerin, Autorin und Aktivistin mit Wohnsitz in der Schweiz.<\/p>\n<p><iframe loading=\"lazy\" src=\"https:\/\/www.mixcloud.com\/widget\/iframe\/?hide_cover=1&amp;mini=1&amp;light=1&amp;feed=%2FBauhausFM%2Fkeine-gerechtigkeit-kein-frieden-perspektiven-schwarzer-deutscher-aktivistinnen-sendung-vom-07%2F\" width=\"100%\" height=\"60\" frameborder=\"0\"><\/iframe><\/p>\n<p>Fatima besch\u00e4ftigt sich auf unterschiedlichen Ebenen (in ihrer Kunst, aber auch z. B. in Kolumnen) mit dem Thema Rassismus. Sie spricht unter anderem \u00fcber ihre Erfahrungen, als Expertin in Talk-Shows eingeladen zu werden und was man dabei \u00fcber den Umgang \u201eder Medien\u201c mit Rassismus lernt.<\/p>\n<p>Mit Musik von Sampa the Great, Fela Kuti, Mick Jenkins<\/p>\n<p>Foto: Yves Bachmann<\/p>\n\n<hr \/>\n<p><strong>Folge 2<\/strong><\/p>\n<p><img loading=\"lazy\" decoding=\"async\" class=\"size-medium wp-image-8076\" src=\"https:\/\/www.uni-weimar.de\/projekte\/bauhaus-fm\/wp-content\/uploads\/2020\/07\/10_07_08_1300_Keine-Gerechtigkeit-Kein-Frieden-mit-Winnie-Akeri-320x400.jpg\" alt=\"\" width=\"320\" height=\"400\" srcset=\"https:\/\/www.uni-weimar.de\/projekte\/bauhaus-fm\/wp-content\/uploads\/2020\/07\/10_07_08_1300_Keine-Gerechtigkeit-Kein-Frieden-mit-Winnie-Akeri-320x400.jpg 320w, https:\/\/www.uni-weimar.de\/projekte\/bauhaus-fm\/wp-content\/uploads\/2020\/07\/10_07_08_1300_Keine-Gerechtigkeit-Kein-Frieden-mit-Winnie-Akeri.jpg 612w\" sizes=\"auto, (max-width: 320px) 100vw, 320px\" \/><\/p>\n<p><iframe loading=\"lazy\" src=\"https:\/\/www.mixcloud.com\/widget\/iframe\/?hide_cover=1&amp;mini=1&amp;light=1&amp;feed=%2FBauhausFM%2Fkeine-gerechtigkeit-kein-frieden-perspektiven-schwarzer-deutscher-aktivistinnen%2F\" width=\"100%\" height=\"60\" frameborder=\"0\"><\/iframe><\/p>\n<p>Winnie Akeri \u2013 studierte Soziologie und ber\u00e4t hauptberuflich Gefl\u00fcchtete, Migrant*innen und Drittstaatangeh\u00f6rige zu Aus- und Weiterbildungsm\u00f6glichkeiten und Integration auf dem deutschen Arbeitsmarkt f\u00fcr die Bildungsvereinigung ARBEIT UND LEBEN Niedersachsen e.V.. Zurzeit ist sie im Vorstand der Initiative Schwarzer Menschen in Deutschland.<\/p>\n<p>Mit Musik von Nina Simone, Camufingo, Negroman, Nneka, Beyonce und den Backstreetboys.<\/p>\n<p>Foto: Yves Bachmann<\/p>\n<p>Zusatzinfo: Am Ende ist eine von Angie Eckarts Wurfsendungen eingebaut (Februar).<\/p>\n\n<hr \/>\n<p><strong>Folge 3<\/strong><\/p>\n<p><img loading=\"lazy\" decoding=\"async\" class=\"alignnone size-medium wp-image-8297\" src=\"https:\/\/www.uni-weimar.de\/projekte\/bauhaus-fm\/wp-content\/uploads\/2020\/07\/20_07_09_1300_Keine-Gerechtigkeit-Kein-Frieden-mit-Valerie-Kensia-Tara_Und-Wurfsendung_Und-Wurfsendung_bild.mp3.bmp-311x400.jpg\" alt=\"\" width=\"311\" height=\"400\" srcset=\"https:\/\/www.uni-weimar.de\/projekte\/bauhaus-fm\/wp-content\/uploads\/2020\/07\/20_07_09_1300_Keine-Gerechtigkeit-Kein-Frieden-mit-Valerie-Kensia-Tara_Und-Wurfsendung_Und-Wurfsendung_bild.mp3.bmp-311x400.jpg 311w, https:\/\/www.uni-weimar.de\/projekte\/bauhaus-fm\/wp-content\/uploads\/2020\/07\/20_07_09_1300_Keine-Gerechtigkeit-Kein-Frieden-mit-Valerie-Kensia-Tara_Und-Wurfsendung_Und-Wurfsendung_bild.mp3.bmp-622x800.jpg 622w, https:\/\/www.uni-weimar.de\/projekte\/bauhaus-fm\/wp-content\/uploads\/2020\/07\/20_07_09_1300_Keine-Gerechtigkeit-Kein-Frieden-mit-Valerie-Kensia-Tara_Und-Wurfsendung_Und-Wurfsendung_bild.mp3.bmp.jpg 776w\" sizes=\"auto, (max-width: 311px) 100vw, 311px\" \/><\/p>\n<p><iframe loading=\"lazy\" src=\"https:\/\/www.mixcloud.com\/widget\/iframe\/?hide_cover=1&amp;mini=1&amp;light=1&amp;feed=%2FBauhausFM%2Fkeine-gerechtigkeit-kein-frieden-folge-3-sendung-vom-09-juli-2020-shiftfm%2F\" width=\"100%\" height=\"60\" frameborder=\"0\"><\/iframe><\/p>\n<p>Valerie, Kensia &amp; Tara \u2013 alle drei studieren in Weimar und haben im Zuge ihrer gemeinsamen Politisierung die erste Black-Lives-Matter-Demo in Weimar (20.06.20) organisiert.<br \/>\nNeben dem Interview gibt es Ausz\u00fcge der Reden von der Demo.<\/p>\n","protected":false},"excerpt":{"rendered":"<p>Anl\u00e4sslich der Proteste gegen Rassismus und Polizeigewalt in den U.S.A., die auch zu Demonstrationen in Deutschland gef\u00fchrt haben, ist ein dreiteiliger Themenschwerpunkt mit Fokus auf die Situation im deutschprachigen Raum entstanden.<\/p>\n","protected":false},"author":24,"featured_media":0,"parent":0,"menu_order":0,"comment_status":"closed","ping_status":"closed","template":"","meta":{"footnotes":""},"class_list":["post-8976","page","type-page","status-publish","hentry"],"_links":{"self":[{"href":"https:\/\/www.uni-weimar.de\/projekte\/bauhaus-fm\/wp-json\/wp\/v2\/pages\/8976","targetHints":{"allow":["GET"]}}],"collection":[{"href":"https:\/\/www.uni-weimar.de\/projekte\/bauhaus-fm\/wp-json\/wp\/v2\/pages"}],"about":[{"href":"https:\/\/www.uni-weimar.de\/projekte\/bauhaus-fm\/wp-json\/wp\/v2\/types\/page"}],"author":[{"embeddable":true,"href":"https:\/\/www.uni-weimar.de\/projekte\/bauhaus-fm\/wp-json\/wp\/v2\/users\/24"}],"replies":[{"embeddable":true,"href":"https:\/\/www.uni-weimar.de\/projekte\/bauhaus-fm\/wp-json\/wp\/v2\/comments?post=8976"}],"version-history":[{"count":6,"href":"https:\/\/www.uni-weimar.de\/projekte\/bauhaus-fm\/wp-json\/wp\/v2\/pages\/8976\/revisions"}],"predecessor-version":[{"id":8999,"href":"https:\/\/www.uni-weimar.de\/projekte\/bauhaus-fm\/wp-json\/wp\/v2\/pages\/8976\/revisions\/8999"}],"wp:attachment":[{"href":"https:\/\/www.uni-weimar.de\/projekte\/bauhaus-fm\/wp-json\/wp\/v2\/media?parent=8976"}],"curies":[{"name":"wp","href":"https:\/\/api.w.org\/{rel}","templated":true}]}}