{"id":8797,"date":"2020-11-02T15:11:32","date_gmt":"2020-11-02T13:11:32","guid":{"rendered":"https:\/\/www.uni-weimar.de\/projekte\/bauhaus-fm\/?page_id=8797"},"modified":"2020-11-02T15:11:32","modified_gmt":"2020-11-02T13:11:32","slug":"shift-fm-nachtschicht-mit-tommy-neuwirth","status":"publish","type":"page","link":"https:\/\/www.uni-weimar.de\/projekte\/bauhaus-fm\/shift-fm-nachtschicht-mit-tommy-neuwirth\/","title":{"rendered":"SHIFT FM &#8211; Nachtschicht mit Tommy Neuwirth"},"content":{"rendered":"<p>Nachtschicht-Livestream ist eine Mischung aus Parkplatz-Webcam und Live-Gottesdienst.<br \/>\nSingen und Schweigen im Auto. Nachtschicht eines Insecurity.<\/p>\n<p><!--more--><\/p>\n<p>Mit dem Beginn der Ma\u00dfnahmen zur Eind\u00e4mmung von Covid-19 suchte ich nach einer Auftrittsm\u00f6glichkeit und einem Schutzraum zugleich. Das Auto schien mir als ein mobiler und abgeschlossener Raum die beste Variante zu sein.<\/p>\n<p>In meiner Insecurity-Arbeitskleidung begab ich mich auf Nachtschicht um zu singen &#8211; im Auto an einem Nicht-Ort &#8211; einem Supermarkt-Parkplatz oder auch neben der Autobahn. Diese intime Abgeschiedenheit streame ich mit meinem Smartphone live nach drau\u00dfen.<\/p>\n<p>Nachtschicht-Livestream sind ca. 1-st\u00fcndige Improvisationen. Oft versuche ich mir eine Rahmung zu geben durch das Vorproduzieren eines musikalischen Motivs zum Beispiel, oder die Entscheidung ein bestimmtes Instrument zu nehmen. Ich greife auch auf vorhandene Lieder und Texte zur\u00fcck und versuche sie an das Nachtschicht-Konzept anzupasssen.<\/p>\n<p>Hier alle Episoden:<\/p>\n<p><strong>Nachtschicht 1 vom 07. Juli 2020<\/strong><\/p>\n<p><iframe loading=\"lazy\" src=\"https:\/\/www.mixcloud.com\/widget\/iframe\/?hide_cover=1&amp;mini=1&amp;light=1&amp;feed=%2FBauhausFM%2Fnachtschicht-mit-tommy-neuwirth-sendung-vom-07-juli-2020-shiftfm%2F\" width=\"100%\" height=\"60\" frameborder=\"0\"><\/iframe><\/p>\n<hr \/>\n<p><strong>Nachtschicht 2 (live) vom 07. Juli 2020<\/strong><\/p>\n<p><iframe loading=\"lazy\" src=\"https:\/\/www.mixcloud.com\/widget\/iframe\/?hide_cover=1&amp;mini=1&amp;light=1&amp;feed=%2FBauhausFM%2Fnachtschicht-2-mit-tommy-neuwirth-sendung-vom-07-juli-2020-shiftfm%2F\" width=\"100%\" height=\"60\" frameborder=\"0\"><\/iframe><\/p>\n<hr \/>\n<p><strong>Nachtschicht 3 vom 08. Juli 2020<\/strong><\/p>\n<p><iframe loading=\"lazy\" src=\"https:\/\/www.mixcloud.com\/widget\/iframe\/?hide_cover=1&amp;mini=1&amp;light=1&amp;feed=%2FBauhausFM%2Fnachtschicht-mit-tommy-neuwirth-sendung-vom-08-juli-2020-shiftfm%2F\" width=\"100%\" height=\"60\" frameborder=\"0\"><\/iframe><\/p>\n<hr \/>\n<p><strong>Nachtschicht 4 vom 09. Juli 2020<\/strong><\/p>\n<p><iframe loading=\"lazy\" src=\"https:\/\/www.mixcloud.com\/widget\/iframe\/?hide_cover=1&amp;mini=1&amp;light=1&amp;feed=%2FBauhausFM%2Fnachtschicht-mit-tommy-neuwirth-sendung-vom-09-juli-2020-shiftfm%2F\" width=\"100%\" height=\"60\" frameborder=\"0\"><\/iframe><\/p>\n<hr \/>\n<p><strong>Nachtschicht 5 vom 10. Juli 2020<\/strong><\/p>\n<p><iframe loading=\"lazy\" src=\"https:\/\/www.mixcloud.com\/widget\/iframe\/?hide_cover=1&amp;mini=1&amp;light=1&amp;feed=%2FBauhausFM%2Fnachtschicht-mit-tommy-neuwirth-sendung-vom-10-juli-2020-shiftfm%2F\" width=\"100%\" height=\"60\" frameborder=\"0\"><\/iframe><\/p>\n<hr \/>\n<p><strong>Nachtschicht\u00a0 6 vom 11. Juli 2020<\/strong><\/p>\n<p><iframe loading=\"lazy\" src=\"https:\/\/www.mixcloud.com\/widget\/iframe\/?hide_cover=1&amp;mini=1&amp;light=1&amp;feed=%2FBauhausFM%2Fnachtschicht-mit-tommy-neuwirth-sendung-vom-11-juli-2020-shiftfm%2F\" width=\"100%\" height=\"60\" frameborder=\"0\"><\/iframe><\/p>\n<hr \/>\n<p><strong>Nachtschicht 7 live vom 12. Juli 2020<\/strong><\/p>\n<p><iframe loading=\"lazy\" src=\"https:\/\/www.mixcloud.com\/widget\/iframe\/?hide_cover=1&amp;mini=1&amp;light=1&amp;feed=%2FBauhausFM%2Fnachtschicht-mit-tommy-neuwirth-sendung-vom-12-juli-2020-shiftfm%2F\" width=\"100%\" height=\"60\" frameborder=\"0\"><\/iframe><\/p>\n<hr \/>\n<p><strong>Nachtschicht 8 vom 13. Juli 2020<\/strong><\/p>\n<p><iframe loading=\"lazy\" src=\"https:\/\/www.mixcloud.com\/widget\/iframe\/?hide_cover=1&amp;mini=1&amp;light=1&amp;feed=%2FBauhausFM%2Fnachtschicht-mit-tommy-neuwirth-sendung-vom-13-juli-2020-shiftfm%2F\" width=\"100%\" height=\"60\" frameborder=\"0\"><\/iframe><\/p>\n<hr \/>\n<p>Alle vergangenen Livestreams sind hier nachzuschauen:<br \/>\n<a href=\"https:\/\/www.facebook.com\/watch\/bedingungsloselangeweile\/1538288576347635\/\">https:\/\/www.facebook.com\/watch\/bedingungsloselangeweile\/1538288576347635\/<\/a><\/p>\n<p>Tommy Neuwirth, geboren 1983 in Querfurt, lebt in Weimar. Master-Abschluss Medienkunst an der Bauhaus Universit\u00e4t Weimar 2019. Als &#8222;Das weltweite Netzwerk f\u00fcr ein bedingungsloses Grundeinkommen&#8220; bestreitet er seit 2013 Konzerte, Performances, Lesungen und dar\u00fcber hinaus bzw. durch alle hindurch.<\/p>\n","protected":false},"excerpt":{"rendered":"<p>Nachtschicht-Livestream ist eine Mischung aus Parkplatz-Webcam und Live-Gottesdienst. Singen und Schweigen im Auto. Nachtschicht eines Insecurity.<\/p>\n","protected":false},"author":24,"featured_media":8079,"parent":0,"menu_order":0,"comment_status":"closed","ping_status":"closed","template":"","meta":{"footnotes":""},"class_list":["post-8797","page","type-page","status-publish","has-post-thumbnail","hentry"],"_links":{"self":[{"href":"https:\/\/www.uni-weimar.de\/projekte\/bauhaus-fm\/wp-json\/wp\/v2\/pages\/8797","targetHints":{"allow":["GET"]}}],"collection":[{"href":"https:\/\/www.uni-weimar.de\/projekte\/bauhaus-fm\/wp-json\/wp\/v2\/pages"}],"about":[{"href":"https:\/\/www.uni-weimar.de\/projekte\/bauhaus-fm\/wp-json\/wp\/v2\/types\/page"}],"author":[{"embeddable":true,"href":"https:\/\/www.uni-weimar.de\/projekte\/bauhaus-fm\/wp-json\/wp\/v2\/users\/24"}],"replies":[{"embeddable":true,"href":"https:\/\/www.uni-weimar.de\/projekte\/bauhaus-fm\/wp-json\/wp\/v2\/comments?post=8797"}],"version-history":[{"count":2,"href":"https:\/\/www.uni-weimar.de\/projekte\/bauhaus-fm\/wp-json\/wp\/v2\/pages\/8797\/revisions"}],"predecessor-version":[{"id":8971,"href":"https:\/\/www.uni-weimar.de\/projekte\/bauhaus-fm\/wp-json\/wp\/v2\/pages\/8797\/revisions\/8971"}],"wp:featuredmedia":[{"embeddable":true,"href":"https:\/\/www.uni-weimar.de\/projekte\/bauhaus-fm\/wp-json\/wp\/v2\/media\/8079"}],"wp:attachment":[{"href":"https:\/\/www.uni-weimar.de\/projekte\/bauhaus-fm\/wp-json\/wp\/v2\/media?parent=8797"}],"curies":[{"name":"wp","href":"https:\/\/api.w.org\/{rel}","templated":true}]}}