{"id":8491,"date":"2020-07-22T14:17:16","date_gmt":"2020-07-22T12:17:16","guid":{"rendered":"https:\/\/www.uni-weimar.de\/projekte\/bauhaus-fm\/?page_id=8491"},"modified":"2020-11-02T14:33:33","modified_gmt":"2020-11-02T12:33:33","slug":"shift-fm-zwischen-null-und-eins-gespraeche-ueber-kunst-und-digitalitaet","status":"publish","type":"page","link":"https:\/\/www.uni-weimar.de\/projekte\/bauhaus-fm\/shift-fm-zwischen-null-und-eins-gespraeche-ueber-kunst-und-digitalitaet\/","title":{"rendered":"SHIFT FM &#8211; Zwischen Null und Eins \u2013 Gespr\u00e4che \u00fcber Kunst und Digitalit\u00e4t &#8211; Beitr\u00e4ge"},"content":{"rendered":"<p>In den f\u00fcnf K\u00fcnstlergespr\u00e4chen unterhielten sich jeweils zwei Studierende mit einem teilnehmenden K\u00fcnstler oder einer K\u00fcnstlergruppe des PAD 01 in Darmstadt. Am Beginn der Gespr\u00e4che und zum Kennenlernen stehen ca. 50 schnelle Fragen, um in der zweiten H\u00e4lfte der Gespr\u00e4che auf die Werke, die Bedeutung der Krise f\u00fcr die Schaffenden und die Digitalit\u00e4t zur\u00fcckzukommen.<\/p>\n<div class=\"SHIFTFM-player\">\n<audio class=\"wp-audio-shortcode\" id=\"audio-8491-1\" preload=\"none\" style=\"width: 100%;\" controls=\"controls\"><source type=\"audio\/mpeg\" src=\"https:\/\/www.uni-weimar.de\/projekte\/bauhaus-fm\/shiftfm\/zwischen_null_und_eins\/zwischen_null_und_eins_-_jingle.mp3?_=1\" \/><a href=\"https:\/\/www.uni-weimar.de\/projekte\/bauhaus-fm\/shiftfm\/zwischen_null_und_eins\/zwischen_null_und_eins_-_jingle.mp3\">https:\/\/www.uni-weimar.de\/projekte\/bauhaus-fm\/shiftfm\/zwischen_null_und_eins\/zwischen_null_und_eins_-_jingle.mp3<\/a><\/audio>\n<p>Der Jingle zur Sendung<\/p>\n<\/div>\n<p>Hier die f\u00fcnf Gespr\u00e4che:<\/p>\n<h2>Werner Cee \u2013 When Weather was Wildlife<\/h2>\n<p>Werner Cee ist kein Freund von online Interviews, schon gar nicht w\u00e4hrend der Krise. Er l\u00e4dt die Studierenden, Angie Eckart und Tobias Ludwig, lieber zu sich nach Hause ins heimische Studio. Kein Problem, das Auto gestartet und mal eben zu Werner Cee gefahren. Im Interview entpuppt sich der Klanggestalter und Musiker, als \u00fcberzeugter Gastgeber und berichtet bereitwillig aus seinem Leben und Werk. Nur den angebotenen Wein m\u00fcssen die Studierenden leider ablehnen \u2013 sie m\u00fcssen ja noch Auto fahren.<\/p>\n<div class=\"SHIFTFM-player\">\n<audio class=\"wp-audio-shortcode\" id=\"audio-8491-2\" preload=\"none\" style=\"width: 100%;\" controls=\"controls\"><source type=\"audio\/mpeg\" src=\"https:\/\/www.uni-weimar.de\/projekte\/bauhaus-fm\/shiftfm\/zwischen_null_und_eins\/zwischen_null_und_eins_-_werner_cee_-_angie_eckart_und_tobias_ludwig.mp3?_=2\" \/><a href=\"https:\/\/www.uni-weimar.de\/projekte\/bauhaus-fm\/shiftfm\/zwischen_null_und_eins\/zwischen_null_und_eins_-_werner_cee_-_angie_eckart_und_tobias_ludwig.mp3\">https:\/\/www.uni-weimar.de\/projekte\/bauhaus-fm\/shiftfm\/zwischen_null_und_eins\/zwischen_null_und_eins_-_werner_cee_-_angie_eckart_und_tobias_ludwig.mp3<\/a><\/audio>\n<p>Werner Cee im Gespr\u00e4ch mit Angie Eckart und Tobias Ludwig | 60:02min<\/p>\n<\/div>\n<h2>Evelyn Hriber\u0161ek \u2013 Eurydike<\/h2>\n<p>Aus der imagin\u00e4ren Zukunft heraus erinnern sich die beiden Autor*innen, Iwona Gustak und Oliver H\u00f6\u00dfel, an die Wegbereiter der Kunstdigitalisierung. In diesem Fall an die K\u00fcnstlerin Evelyn Hriber\u0161ek. In dem sehr sensiblen Interview geht es stark um die Frage von k\u00fcnstlicher Intelligenz, Immersion, Science Fiktion und die Frage wieviel davon brauchen wir und welche Gefahren stecken darin. Das ist es auch, was Evelyn Hriber\u0161ek mit ihren Werken untersucht.<\/p>\n<div class=\"SHIFTFM-player\">\n<audio class=\"wp-audio-shortcode\" id=\"audio-8491-3\" preload=\"none\" style=\"width: 100%;\" controls=\"controls\"><source type=\"audio\/mpeg\" src=\"https:\/\/www.uni-weimar.de\/projekte\/bauhaus-fm\/shiftfm\/zwischen_null_und_eins\/zwischen_null_und_eins_-_evelyn_hribersek_-_iwona_gustak_und_oliver_hoessel.mp3?_=3\" \/><a href=\"https:\/\/www.uni-weimar.de\/projekte\/bauhaus-fm\/shiftfm\/zwischen_null_und_eins\/zwischen_null_und_eins_-_evelyn_hribersek_-_iwona_gustak_und_oliver_hoessel.mp3\">https:\/\/www.uni-weimar.de\/projekte\/bauhaus-fm\/shiftfm\/zwischen_null_und_eins\/zwischen_null_und_eins_-_evelyn_hribersek_-_iwona_gustak_und_oliver_hoessel.mp3<\/a><\/audio>\n<p>Evelyn Hriber\u0161ek im Gespr\u00e4ch mit Iwona Gustak und Oliver H\u00f6\u00dfel | 55:07 min<\/p>\n<\/div>\n<h2>CyberR\u00e4uber \u2013 Prometheus unbound<\/h2>\n<p>30 Jahre nach der Corona-Pandemie schauen die beiden Autorinnen Clara Bernhard und Marie Beckmann zur\u00fcck auf ein Interview mit den heute so bekannten CyberR\u00e4ubern &#8211; Bj\u00f6rn Lengers und Marcel Karnapke. Als Vorreiter einer digitalisierten Kunst, in der das Theater inklusive B\u00fchne und Schauspieler in den virtuellen Raum transferiert werden, haben die beiden R\u00e4uber so einiges zu erz\u00e4hlen.<\/p>\n<div class=\"SHIFTFM-player\">\n<audio class=\"wp-audio-shortcode\" id=\"audio-8491-4\" preload=\"none\" style=\"width: 100%;\" controls=\"controls\"><source type=\"audio\/mpeg\" src=\"https:\/\/www.uni-weimar.de\/projekte\/bauhaus-fm\/shiftfm\/zwischen_null_und_eins\/zwischen_null_und_eins_-_cyberraeuber_-_clara_bernhard_und_marie_beckmann.mp3?_=4\" \/><a href=\"https:\/\/www.uni-weimar.de\/projekte\/bauhaus-fm\/shiftfm\/zwischen_null_und_eins\/zwischen_null_und_eins_-_cyberraeuber_-_clara_bernhard_und_marie_beckmann.mp3\">https:\/\/www.uni-weimar.de\/projekte\/bauhaus-fm\/shiftfm\/zwischen_null_und_eins\/zwischen_null_und_eins_-_cyberraeuber_-_clara_bernhard_und_marie_beckmann.mp3<\/a><\/audio>\n<p>Die Cyberr\u00e4uber im Gespr\u00e4ch mit Clara Bernhard und Marie Beckmann | 59:11 min<\/p>\n<\/div>\n<h2>Daniel Ernst \u2013 Fernweh Oper<\/h2>\n<p>Im englischsprachigen Interview mit dem Performer und Musiker Daniel Ernst geht trotz des Namens sehr heiter zu. Hat man sich an die anf\u00e4nglich st\u00f6renden Aufnahmequalit\u00e4t gew\u00f6hnt, blitzt ein sehr unterhaltsames und informatives Interview hervor, das den Menschen hinter dem K\u00fcnstler und das Kunstwerk im Leben zeigt. Emma Neuchel und Emil Hanauer entlocken dem Holl\u00e4nder Daniel Ernst nicht nur Unterhaltsames, am Ende kommt es sogar zum ultimativen Schlagabtausch \u00fcber den Vor- und Nachteil erw\u00e4rmter Ananas\u2026<\/p>\n<div class=\"SHIFTFM-player\">\n<audio class=\"wp-audio-shortcode\" id=\"audio-8491-5\" preload=\"none\" style=\"width: 100%;\" controls=\"controls\"><source type=\"audio\/mpeg\" src=\"https:\/\/www.uni-weimar.de\/projekte\/bauhaus-fm\/shiftfm\/zwischen_null_und_eins\/zwischen_null_und_eins_-_baniel_ernst_-_emma_neuchel_und_emil_hanauer.mp3?_=5\" \/><a href=\"https:\/\/www.uni-weimar.de\/projekte\/bauhaus-fm\/shiftfm\/zwischen_null_und_eins\/zwischen_null_und_eins_-_baniel_ernst_-_emma_neuchel_und_emil_hanauer.mp3\">https:\/\/www.uni-weimar.de\/projekte\/bauhaus-fm\/shiftfm\/zwischen_null_und_eins\/zwischen_null_und_eins_-_baniel_ernst_-_emma_neuchel_und_emil_hanauer.mp3<\/a><\/audio>\n<p>Daniel Ernst im Gespr\u00e4ch mit Emma Neuchel und Emil Hanauer | 55:25 min<\/p>\n<\/div>\n<h2>Marcus Lobbes \u2013 K\u00fcnstlerische Leitung der Akademie f\u00fcr Theater und Digitalit\u00e4t<\/h2>\n<p>Wie kein zweiter der Interviewten ist es dem K\u00fcnstlerischen Leiter der Akademie f\u00fcr Theater und Digitalit\u00e4t in Dortmund, Marcus Lobbes m\u00f6glich auf die Fragen von Alexandra Konrad und Susanne Altmann zu den Themen Kunst und Digitalit\u00e4t zu sprechen. Und das macht er verst\u00e4ndlich und ausf\u00fchrlich. In Darmstadt werden Arbeiten der Stipendiaten der Akademie f\u00fcr Theater und Digitalit\u00e4t gezeigt werden.<\/p>\n<div class=\"SHIFTFM-player\">\n<audio class=\"wp-audio-shortcode\" id=\"audio-8491-6\" preload=\"none\" style=\"width: 100%;\" controls=\"controls\"><source type=\"audio\/mpeg\" src=\"https:\/\/www.uni-weimar.de\/projekte\/bauhaus-fm\/shiftfm\/zwischen_null_und_eins\/zwischen_null_und_eins_-_marcus_lobbes_-_alexandra_konrad_und_susanne_altmann.mp3?_=6\" \/><a href=\"https:\/\/www.uni-weimar.de\/projekte\/bauhaus-fm\/shiftfm\/zwischen_null_und_eins\/zwischen_null_und_eins_-_marcus_lobbes_-_alexandra_konrad_und_susanne_altmann.mp3\">https:\/\/www.uni-weimar.de\/projekte\/bauhaus-fm\/shiftfm\/zwischen_null_und_eins\/zwischen_null_und_eins_-_marcus_lobbes_-_alexandra_konrad_und_susanne_altmann.mp3<\/a><\/audio>\n<p>Marcus Lobbes im Gespr\u00e4ch mit Alexandra Konrad und Susanne Altmann | 52:28 min<\/p>\n<\/div>\n","protected":false},"excerpt":{"rendered":"<p>In den f\u00fcnf K\u00fcnstlergespr\u00e4chen unterhielten sich jeweils zwei Studierende mit einem teilnehmenden K\u00fcnstler oder einer K\u00fcnstlergruppe des PAD 01 in Darmstadt. Am Beginn der Gespr\u00e4che und zum Kennenlernen stehen ca. 50 schnelle Fragen, um in der zweiten H\u00e4lfte der Gespr\u00e4che auf die Werke, die Bedeutung der Krise f\u00fcr die Schaffenden und die Digitalit\u00e4t zur\u00fcckzukommen. https:\/\/www.uni-weimar.de\/projekte\/bauhaus-fm\/shiftfm\/zwischen_null_und_eins\/zwischen_null_und_eins_-_jingle.mp3 [&hellip;]<\/p>\n","protected":false},"author":5,"featured_media":8501,"parent":0,"menu_order":0,"comment_status":"closed","ping_status":"closed","template":"page-templates\/full-width.php","meta":{"footnotes":""},"class_list":["post-8491","page","type-page","status-publish","has-post-thumbnail","hentry"],"_links":{"self":[{"href":"https:\/\/www.uni-weimar.de\/projekte\/bauhaus-fm\/wp-json\/wp\/v2\/pages\/8491","targetHints":{"allow":["GET"]}}],"collection":[{"href":"https:\/\/www.uni-weimar.de\/projekte\/bauhaus-fm\/wp-json\/wp\/v2\/pages"}],"about":[{"href":"https:\/\/www.uni-weimar.de\/projekte\/bauhaus-fm\/wp-json\/wp\/v2\/types\/page"}],"author":[{"embeddable":true,"href":"https:\/\/www.uni-weimar.de\/projekte\/bauhaus-fm\/wp-json\/wp\/v2\/users\/5"}],"replies":[{"embeddable":true,"href":"https:\/\/www.uni-weimar.de\/projekte\/bauhaus-fm\/wp-json\/wp\/v2\/comments?post=8491"}],"version-history":[{"count":7,"href":"https:\/\/www.uni-weimar.de\/projekte\/bauhaus-fm\/wp-json\/wp\/v2\/pages\/8491\/revisions"}],"predecessor-version":[{"id":8989,"href":"https:\/\/www.uni-weimar.de\/projekte\/bauhaus-fm\/wp-json\/wp\/v2\/pages\/8491\/revisions\/8989"}],"wp:featuredmedia":[{"embeddable":true,"href":"https:\/\/www.uni-weimar.de\/projekte\/bauhaus-fm\/wp-json\/wp\/v2\/media\/8501"}],"wp:attachment":[{"href":"https:\/\/www.uni-weimar.de\/projekte\/bauhaus-fm\/wp-json\/wp\/v2\/media?parent=8491"}],"curies":[{"name":"wp","href":"https:\/\/api.w.org\/{rel}","templated":true}]}}