{"id":8429,"date":"2020-07-06T18:00:24","date_gmt":"2020-07-06T16:00:24","guid":{"rendered":"https:\/\/www.uni-weimar.de\/projekte\/bauhaus-fm\/?page_id=8429"},"modified":"2020-11-02T14:33:10","modified_gmt":"2020-11-02T12:33:10","slug":"shift-fm-audioseeds-und-agitwalks","status":"publish","type":"page","link":"https:\/\/www.uni-weimar.de\/projekte\/bauhaus-fm\/shift-fm-audioseeds-und-agitwalks\/","title":{"rendered":"SHIFT FM &#8211; Audioseeds und Agitwalks &#8211; Beitr\u00e4ge"},"content":{"rendered":"<p>Agitwalks &amp; Audioseeds &#8211; so nannte sich 2020 eine praxisorientierte Lehrveranstaltung am Experimentellen Radio der Bauhaus-Universit\u00e4t Weimar in der die Studierenden k\u00fcnstlerische Antworten formulierten auf ihre unmittelbare Gegenwart der ersten globalen Pandemie-Welle. Als alle bisherigen Gewissheiten ausgehebelt schienen und die Zukunft so offen wie nie.<\/p>\n<p><!--more--><\/p>\n<div class=\"SHIFTFM-player\">\n<audio class=\"wp-audio-shortcode\" id=\"audio-8429-1\" preload=\"none\" style=\"width: 100%;\" controls=\"controls\"><source type=\"audio\/mpeg\" src=\"https:\/\/www.uni-weimar.de\/projekte\/bauhaus-fm\/shiftfm\/Agitwalks_und_Audioseeds\/jingle_-_agitwalks_and_audioseeds.mp3?_=1\" \/><a href=\"https:\/\/www.uni-weimar.de\/projekte\/bauhaus-fm\/shiftfm\/Agitwalks_und_Audioseeds\/jingle_-_agitwalks_and_audioseeds.mp3\">https:\/\/www.uni-weimar.de\/projekte\/bauhaus-fm\/shiftfm\/Agitwalks_und_Audioseeds\/jingle_-_agitwalks_and_audioseeds.mp3<\/a><\/audio>\n<p>Agitwalks &amp; Audioseeds &#8211; Jingle zur Sendung<\/p>\n<\/div>\n<p>AGITWALKS: Weil sie wussten, dass Radio in Bewegung versetzt. Empf\u00e4nger sind Senderinnen sind Empf\u00e4ngerinnen sind Sender.<\/p>\n<p>AUDIOSEEDS: Weil sie davon ausgingen, dass genau jetzt die beste aller Zeiten sei, um produktive Wellen der Imagination in die Zukunft zu schicken.<\/p>\n<p>Manche der damaligen Arbeiten erscheinen von heute aus geh\u00f6rt geradezu prophetisch. Andere vielleicht zu optimistisch oder zu d\u00fcster. Aber allen gemeinsam ist das ganz klare Gef\u00fchl: Ab jetzt kann nichts mehr bleiben wie bisher!<\/p>\n<p>Und so macht es umso mehr Freude, diese fr\u00fchen Arbeiten wiederzuh\u00f6ren, unter denen sich einige Namen tummeln, die seitdem weltweit bekannt wurden.<\/p>\n<p>Mit Marie Lilli Beckmann, Konrad Behr, Jacob Hartung, Marko H\u00f6rschelmann, Martin Kolb, Johanna Ledermann, Freya Siewert, Yigit Tasdemir und C\u00e4cilie Willkommen.<\/p>\n<p>Leitungsteam: Lukas Matthaei (<a href=\"http:\/\/matthaei-und-konsorten.de\">matthaei-und-konsorten.de<\/a>) und Fabian K\u00fchlein<\/p>\n<hr \/>\n<h2>daseinsf\u00fcrsorge \u2013 Johanna Ledermann<\/h2>\n<p>Ein Audiowalk, den man \u00fcberall machen kann, egal in welcher Stadt. Spielt er doch mit archetypischen Pl\u00e4tzen, die es \u00fcberall auf der Welt gibt. Das Zuhause, ein Krankenhaus, ein Friedhof, eine Drogerie. Gesprochen von vielen Stimmen im home-office, montiert zu einer gro\u00dfen Erz\u00e4hlung.<\/p>\n<div class=\"SHIFTFM-player\">\n<audio class=\"wp-audio-shortcode\" id=\"audio-8429-2\" preload=\"none\" style=\"width: 100%;\" controls=\"controls\"><source type=\"audio\/mpeg\" src=\"https:\/\/www.uni-weimar.de\/projekte\/bauhaus-fm\/shiftfm\/Agitwalks_und_Audioseeds\/daseinsfuersorge_-_johanna_ledermann.mp3?_=2\" \/><a href=\"https:\/\/www.uni-weimar.de\/projekte\/bauhaus-fm\/shiftfm\/Agitwalks_und_Audioseeds\/daseinsfuersorge_-_johanna_ledermann.mp3\">https:\/\/www.uni-weimar.de\/projekte\/bauhaus-fm\/shiftfm\/Agitwalks_und_Audioseeds\/daseinsfuersorge_-_johanna_ledermann.mp3<\/a><\/audio>\n<p>daseinsf\u00fcrsorge von Johanna Ledermann | 77:16 min<\/p>\n<\/div>\n<p>Wenn sie das St\u00fcck Zuhause als Audiowalk erleben wollen, laden sie sich die einzelnen Dateien als .mp3 bitte hier herunter: daseinsf\u00fcrsorge \u2013 <a href=\"https:\/\/www.uni-weimar.de\/projekte\/bauhaus-fm\/shiftfm\/Agitwalks_und_Audioseeds\/daseinsfuersorge_-_johanna_ledermann.zip\">Johanna Ledermann.zip<\/a><\/p>\n<h2>Vogelschiss &#8211; Eine alternative F\u00fchrung durch Weimar \u2013 Konrad Behr<\/h2>\n<p>Eine Stadtf\u00fchrung durch ein dystopisches Weimar im Jahre 2050. Eigentlich als Audiowalk konzipiert funktioniert Vogelschiss \u2013 Eine alternative F\u00fchrung durch Weimar auch als beklemmendes H\u00f6rspiel \u00fcber eine gar nicht mal so unm\u00f6gliche Zukunft. Wehret den Anf\u00e4ngen! oder sind wir schon mitten drin?<\/p>\n<p>Sprecher: Thomas Kramer | DNT Weimar<br \/>\nMusik: <a href=\"http:\/\/tommyneuwirth.de\/\">Tommy Neuwirth<\/a><\/p>\n<div class=\"SHIFTFM-player\">\n<audio class=\"wp-audio-shortcode\" id=\"audio-8429-3\" preload=\"none\" style=\"width: 100%;\" controls=\"controls\"><source type=\"audio\/mpeg\" src=\"https:\/\/www.uni-weimar.de\/projekte\/bauhaus-fm\/shiftfm\/Agitwalks_und_Audioseeds\/vogelschiss_-_eine_alternative_fuehrung_durch_weimar_-_konrad_behr.mp3?_=3\" \/><a href=\"https:\/\/www.uni-weimar.de\/projekte\/bauhaus-fm\/shiftfm\/Agitwalks_und_Audioseeds\/vogelschiss_-_eine_alternative_fuehrung_durch_weimar_-_konrad_behr.mp3\">https:\/\/www.uni-weimar.de\/projekte\/bauhaus-fm\/shiftfm\/Agitwalks_und_Audioseeds\/vogelschiss_-_eine_alternative_fuehrung_durch_weimar_-_konrad_behr.mp3<\/a><\/audio>\n<p>Vogelschiss &#8211; Eine alternative F\u00fchrung durch Weimar von Konrad Behr | 19:45 min<\/p>\n<\/div>\n<h2>Nichts als die Wahrheit &#8211; Die Enth\u00fcllungssendung \u2013 Freya Siewert und C\u00e4cilie Willkommen<\/h2>\n<p>Was hat die Corona-Pandemie mit der Bauhaus-Universit\u00e4t zu tun. Ist k\u00fcnstlerische Forschung nicht immer auch k\u00fcnstliche Forschung? In einer fiktiven Radioshow entdecken die beiden Autorinnen ein bisantes Geheimnis rund um die Bauhaus-Universit\u00e4t. Haarscharf an der Verschw\u00f6rungstheorie vorbei entwickelt sich ein rasantes (H\u00f6r-)Spiel um Wahrheit und Fiktion.<\/p>\n<div class=\"SHIFTFM-player\">\n<audio class=\"wp-audio-shortcode\" id=\"audio-8429-4\" preload=\"none\" style=\"width: 100%;\" controls=\"controls\"><source type=\"audio\/mpeg\" src=\"https:\/\/www.uni-weimar.de\/projekte\/bauhaus-fm\/shiftfm\/Agitwalks_und_Audioseeds\/nichts_als_die_wahrheit_-_die_enthuellungssendung_-_freya_siewert_und_caecilie_willkommen.mp3?_=4\" \/><a href=\"https:\/\/www.uni-weimar.de\/projekte\/bauhaus-fm\/shiftfm\/Agitwalks_und_Audioseeds\/nichts_als_die_wahrheit_-_die_enthuellungssendung_-_freya_siewert_und_caecilie_willkommen.mp3\">https:\/\/www.uni-weimar.de\/projekte\/bauhaus-fm\/shiftfm\/Agitwalks_und_Audioseeds\/nichts_als_die_wahrheit_-_die_enthuellungssendung_-_freya_siewert_und_caecilie_willkommen.mp3<\/a><\/audio>\n<p>Nichts als die Wahrheit &#8211; Die Enth\u00fcllungssendung von Freya Siewert und C\u00e4cilie Willkommen | 37:40 min<\/p>\n<\/div>\n<h2>Windhauch &#8211; Eine Referenz &#8211; Audioskywalk \u2013 Marie Lilli Beckmann<\/h2>\n<p>Mit Windhauch \u2013 eine Referenz entwickelt Marie Lilli Beckmann eine ganz eigene Art des Audiowalks. Er wird nicht gegangen, sondern geflogen und das am besten im Liegen Zuhause auf dem Sofa. Schlie\u00dfen sie die Augen und lassen sie sich entf\u00fchren in den Himmel \u00fcber ihnen, in ihren eigenen Kopf.<\/p>\n<p>Sprecherin: Johanna Gei\u00dfler | DNT Weimar<br \/>\nMusikkomposition: Fabio Eggert<br \/>\n<!--\n\n\n<div class=\"SHIFTFM-player\">\n\nhttps:\/\/www.uni-weimar.de\/projekte\/bauhaus-fm\/shiftfm\/Agitwalks_und_Audioseeds\/windhauch_-_eine_referenz_-_audioskywalk_-_marie_lilli_beckmann.mp3\n\nWindhauch - Eine Referenz - Audioskywalk von Marie Lilli Beckmann | 14:21 min\n\n<\/div>\n\n\n--><\/p>\n<h2>CoRoll\u00b4MaYMar \u2013 Marco H\u00f6rschelmann<\/h2>\n<p>Hinter dem sperrigen Titel verbirgt sich ein besonderer Audiowalk. N\u00e4mlich der erste f\u00fcr Skateboarder konzipierte Audioroll! Ausgel\u00f6st durch eigene Erfahrungen des Autors w\u00e4hrend der Corona-Pandemie, entwickelt er hier ein erster Prototyp f\u00fcr dieses neue Genre. Zu h\u00f6ren ist hier die Radiofassung des St\u00fcckes.<\/p>\n<div class=\"SHIFTFM-player\">\n<audio class=\"wp-audio-shortcode\" id=\"audio-8429-5\" preload=\"none\" style=\"width: 100%;\" controls=\"controls\"><source type=\"audio\/mpeg\" src=\"https:\/\/www.uni-weimar.de\/projekte\/bauhaus-fm\/shiftfm\/Agitwalks_und_Audioseeds\/coroll_maymar_-_marco_hoerschelmann.mp3?_=5\" \/><a href=\"https:\/\/www.uni-weimar.de\/projekte\/bauhaus-fm\/shiftfm\/Agitwalks_und_Audioseeds\/coroll_maymar_-_marco_hoerschelmann.mp3\">https:\/\/www.uni-weimar.de\/projekte\/bauhaus-fm\/shiftfm\/Agitwalks_und_Audioseeds\/coroll_maymar_-_marco_hoerschelmann.mp3<\/a><\/audio>\n<p>CoRoll\u00b4MaYMar von Marco H\u00f6rschelmann | 18:16 min<\/p>\n<\/div>\n<h2>Error Trip \u2013 Yigit Tasdemir und Jacob Hartung<\/h2>\n<p>Error Trip ist ein audiounterst\u00fctztes Textadventure, dass sie bequem in ihrem browser spielen k\u00f6nnen.<br \/>\nUnter <a href=\"https:\/\/tinyurl.com\/error-trip\">tinyurl.com\/error-trip<\/a> beginnt das Abenteuer, in dem sie bestimmen k\u00f6nnen, wie unsere Zukunft aussehen wird.<\/p>\n<div class=\"SHIFTFM-player\">\n<audio class=\"wp-audio-shortcode\" id=\"audio-8429-6\" preload=\"none\" style=\"width: 100%;\" controls=\"controls\"><source type=\"audio\/mpeg\" src=\"https:\/\/www.uni-weimar.de\/projekte\/bauhaus-fm\/shiftfm\/Agitwalks_und_Audioseeds\/error_trip_-_yigit_tasdemir_und_jacob_hartung_-_trailer.mp3?_=6\" \/><a href=\"https:\/\/www.uni-weimar.de\/projekte\/bauhaus-fm\/shiftfm\/Agitwalks_und_Audioseeds\/error_trip_-_yigit_tasdemir_und_jacob_hartung_-_trailer.mp3\">https:\/\/www.uni-weimar.de\/projekte\/bauhaus-fm\/shiftfm\/Agitwalks_und_Audioseeds\/error_trip_-_yigit_tasdemir_und_jacob_hartung_-_trailer.mp3<\/a><\/audio>\n<p>Radiotrailer zu Error Trip von Yigit Tasdemir und Jacob Hartung | 01:06 min<\/p>\n<\/div>\n<h2>Ein modischer Spaziergang \u2013 Martin Kolb<\/h2>\n<p>Bekleidet mit einem umfunktionierten RonaldMcDonald Kost\u00fcm beschreitet der Performer Martin Kolb als McBauhaus die Fussg\u00e4ngerzone und verk\u00fcndet sein Manifest f\u00fcr die Freiheit der Kunst, die Freiheit der Gedanken und die Befreiung von den Zw\u00e4ngen des Urheberrechts. Zu h\u00f6ren ist hier ein zusammenschnitt seiner Performance in Weimar im Juli 2020.<\/p>\n<div class=\"SHIFTFM-player\">\n<audio class=\"wp-audio-shortcode\" id=\"audio-8429-7\" preload=\"none\" style=\"width: 100%;\" controls=\"controls\"><source type=\"audio\/mpeg\" src=\"https:\/\/www.uni-weimar.de\/projekte\/bauhaus-fm\/shiftfm\/Agitwalks_und_Audioseeds\/ein_modischer_spaziergang_-_martin_kolb.mp3?_=7\" \/><a href=\"https:\/\/www.uni-weimar.de\/projekte\/bauhaus-fm\/shiftfm\/Agitwalks_und_Audioseeds\/ein_modischer_spaziergang_-_martin_kolb.mp3\">https:\/\/www.uni-weimar.de\/projekte\/bauhaus-fm\/shiftfm\/Agitwalks_und_Audioseeds\/ein_modischer_spaziergang_-_martin_kolb.mp3<\/a><\/audio>\n<p>Ein modischer Spaziergang von Martin Kolb | 13:39 min<\/p>\n<\/div>\n","protected":false},"excerpt":{"rendered":"<p>Agitwalks &amp; Audioseeds &#8211; so nannte sich 2020 eine praxisorientierte Lehrveranstaltung am Experimentellen Radio der Bauhaus-Universit\u00e4t Weimar in der die Studierenden k\u00fcnstlerische Antworten formulierten auf ihre unmittelbare Gegenwart der ersten globalen Pandemie-Welle. Als alle bisherigen Gewissheiten ausgehebelt schienen und die Zukunft so offen wie nie.<\/p>\n","protected":false},"author":36,"featured_media":8502,"parent":0,"menu_order":0,"comment_status":"closed","ping_status":"closed","template":"page-templates\/full-width.php","meta":{"footnotes":""},"class_list":["post-8429","page","type-page","status-publish","has-post-thumbnail","hentry"],"_links":{"self":[{"href":"https:\/\/www.uni-weimar.de\/projekte\/bauhaus-fm\/wp-json\/wp\/v2\/pages\/8429","targetHints":{"allow":["GET"]}}],"collection":[{"href":"https:\/\/www.uni-weimar.de\/projekte\/bauhaus-fm\/wp-json\/wp\/v2\/pages"}],"about":[{"href":"https:\/\/www.uni-weimar.de\/projekte\/bauhaus-fm\/wp-json\/wp\/v2\/types\/page"}],"author":[{"embeddable":true,"href":"https:\/\/www.uni-weimar.de\/projekte\/bauhaus-fm\/wp-json\/wp\/v2\/users\/36"}],"replies":[{"embeddable":true,"href":"https:\/\/www.uni-weimar.de\/projekte\/bauhaus-fm\/wp-json\/wp\/v2\/comments?post=8429"}],"version-history":[{"count":36,"href":"https:\/\/www.uni-weimar.de\/projekte\/bauhaus-fm\/wp-json\/wp\/v2\/pages\/8429\/revisions"}],"predecessor-version":[{"id":8988,"href":"https:\/\/www.uni-weimar.de\/projekte\/bauhaus-fm\/wp-json\/wp\/v2\/pages\/8429\/revisions\/8988"}],"wp:featuredmedia":[{"embeddable":true,"href":"https:\/\/www.uni-weimar.de\/projekte\/bauhaus-fm\/wp-json\/wp\/v2\/media\/8502"}],"wp:attachment":[{"href":"https:\/\/www.uni-weimar.de\/projekte\/bauhaus-fm\/wp-json\/wp\/v2\/media?parent=8429"}],"curies":[{"name":"wp","href":"https:\/\/api.w.org\/{rel}","templated":true}]}}