{"id":7183,"date":"2020-02-04T13:48:25","date_gmt":"2020-02-04T11:48:25","guid":{"rendered":"http:\/\/www.uni-weimar.de\/projekte\/bauhaus-fm\/?page_id=7183"},"modified":"2020-02-07T22:55:51","modified_gmt":"2020-02-07T20:55:51","slug":"48-hour-show-winter-2020","status":"publish","type":"page","link":"https:\/\/www.uni-weimar.de\/projekte\/bauhaus-fm\/48-hour-show-winter-2020\/","title":{"rendered":"48-Hour-Show Winter 2020"},"content":{"rendered":"<table>\n<tbody>\n<tr>\n<td><\/td>\n<td>\n<h3>Friday, 7 February<\/h3>\n<\/td>\n<td><\/td>\n<\/tr>\n<tr>\n<td>02 pm<\/td>\n<td>Welcome Show<\/td>\n<td>magazine<\/td>\n<\/tr>\n<tr>\n<td>04 pm<\/td>\n<td>ELW<\/td>\n<td><em>H\u00f6rst\u00fcck<\/em>, interview<\/td>\n<\/tr>\n<tr>\n<td>05 pm<\/td>\n<td>https:\/\/internet.fm\/onair<\/td>\n<td>talk show<\/td>\n<\/tr>\n<tr>\n<td>08 pm<\/td>\n<td>Audiobaukasten<\/td>\n<td>magazine<\/td>\n<\/tr>\n<tr>\n<td>10 pm<\/td>\n<td>Grammophon der Zukunft \u2013 The Spirit of Alberto Balsam<\/td>\n<td>music show<\/td>\n<\/tr>\n<tr>\n<td><\/td>\n<td>\n<h3>Saturday, 8 February<\/h3>\n<\/td>\n<td><\/td>\n<\/tr>\n<tr>\n<td>01 am<\/td>\n<td>Aperitif<\/td>\n<td>binaural feast<\/td>\n<\/tr>\n<tr>\n<td>02 am<\/td>\n<td>U.R. Country<\/td>\n<td>music show<\/td>\n<\/tr>\n<tr>\n<td>03 am<\/td>\n<td>Minority Report<\/td>\n<td>talk show<\/td>\n<\/tr>\n<tr>\n<td>04 am<\/td>\n<td>AstroTV.fm<\/td>\n<td>s\u00e9ance<\/td>\n<\/tr>\n<tr>\n<td>05 am<\/td>\n<td>Disobedient Indians<\/td>\n<td>political talk show<\/td>\n<\/tr>\n<tr>\n<td>07 am<\/td>\n<td>Noise Breakfast<\/td>\n<td>morning show<\/td>\n<\/tr>\n<tr>\n<td>08 am<\/td>\n<td>Freya and Cile<\/td>\n<td>talk show<\/td>\n<\/tr>\n<tr>\n<td>10 am<\/td>\n<td>Under the Radar<\/td>\n<td>music show<\/td>\n<\/tr>\n<tr>\n<td>11 am<\/td>\n<td>Voice Workshop<\/td>\n<td>talk show<\/td>\n<\/tr>\n<tr>\n<td>12 pm<\/td>\n<td>Stimmworkshop<\/td>\n<td>talk show<\/td>\n<\/tr>\n<tr>\n<td>01 pm<\/td>\n<td>Grammophon der Zukunft \u2013 Alternate Soundtrack to Twin Peaks<\/td>\n<td>music show<\/td>\n<\/tr>\n<tr>\n<td>03 pm<\/td>\n<td>Sergio<\/td>\n<td>personality show<\/td>\n<\/tr>\n<tr>\n<td>04 pm<\/td>\n<td>[Sk\u00e4it]<\/td>\n<td>radio play<\/td>\n<\/tr>\n<tr>\n<td>06 pm<\/td>\n<td>Art Show<\/td>\n<td>talk show<\/td>\n<\/tr>\n<tr>\n<td>07 pm<\/td>\n<td>A Skyjumper\u2019s Philosophy<\/td>\n<td>feature<\/td>\n<\/tr>\n<tr>\n<td>08 pm<\/td>\n<td>Hip Hop Is a Crimescene \u2013 Shots Fired<\/td>\n<td>music show<\/td>\n<\/tr>\n<tr>\n<td>10 pm<\/td>\n<td>Rollerderby<\/td>\n<td>musical<\/td>\n<\/tr>\n<tr>\n<td>11 pm<\/td>\n<td>Analogue Circuits Showcase<\/td>\n<td>talk show<\/td>\n<\/tr>\n<tr>\n<td><\/td>\n<td>\n<h3>Sunday, 9 February<\/h3>\n<\/td>\n<td><\/td>\n<\/tr>\n<tr>\n<td>12 am<\/td>\n<td>Robs \u2013 bauhaus.fm Session<\/td>\n<td>DJ set<\/td>\n<\/tr>\n<tr>\n<td>02 am<\/td>\n<td>Leftiandhiswhiskey<\/td>\n<td>drunk propaganda<\/td>\n<\/tr>\n<tr>\n<td>03 am<\/td>\n<td>zwischenzeit &#8211; field recording, ambient, drone mit <a href=\"http:\/\/clongclongmoo.org\">clongclongmoo<\/a><\/td>\n<td>mix<\/td>\n<\/tr>\n<tr>\n<td>05 am<\/td>\n<td>To Dream About It<\/td>\n<td>DJ set<\/td>\n<\/tr>\n<tr>\n<td>06 am<\/td>\n<td>Weird Noises<\/td>\n<td>music show<\/td>\n<\/tr>\n<tr>\n<td>07 am<\/td>\n<td>Die m\u00e4\u00dfig m\u00fcde Morningshow<\/td>\n<td>morning show<\/td>\n<\/tr>\n<tr>\n<td>08 am<\/td>\n<td>Schei\u00df Indie-Disco<\/td>\n<td>music show<\/td>\n<\/tr>\n<tr>\n<td>10 am<\/td>\n<td>Intershop<\/td>\n<td>intranational morning show<\/td>\n<\/tr>\n<tr>\n<td>12 am<\/td>\n<td>Goodbye Show<\/td>\n<td>magazine<\/td>\n<\/tr>\n<\/tbody>\n<\/table>\n<p><em>Image: Deutsche Fotothek \/ Vogel, Norbert.<\/em><\/p>\n","protected":false},"excerpt":{"rendered":"<p>Friday, 7 February 02 pm Welcome Show magazine 04 pm ELW H\u00f6rst\u00fcck, interview 05 pm https:\/\/internet.fm\/onair talk show 08 pm Audiobaukasten magazine 10 pm Grammophon der Zukunft \u2013 The Spirit of Alberto Balsam music show Saturday, 8 February 01 am Aperitif binaural feast 02 am U.R. Country music show 03 am Minority Report talk show [&hellip;]<\/p>\n","protected":false},"author":25,"featured_media":7191,"parent":0,"menu_order":0,"comment_status":"closed","ping_status":"closed","template":"","meta":{"footnotes":""},"class_list":["post-7183","page","type-page","status-publish","has-post-thumbnail","hentry"],"_links":{"self":[{"href":"https:\/\/www.uni-weimar.de\/projekte\/bauhaus-fm\/wp-json\/wp\/v2\/pages\/7183","targetHints":{"allow":["GET"]}}],"collection":[{"href":"https:\/\/www.uni-weimar.de\/projekte\/bauhaus-fm\/wp-json\/wp\/v2\/pages"}],"about":[{"href":"https:\/\/www.uni-weimar.de\/projekte\/bauhaus-fm\/wp-json\/wp\/v2\/types\/page"}],"author":[{"embeddable":true,"href":"https:\/\/www.uni-weimar.de\/projekte\/bauhaus-fm\/wp-json\/wp\/v2\/users\/25"}],"replies":[{"embeddable":true,"href":"https:\/\/www.uni-weimar.de\/projekte\/bauhaus-fm\/wp-json\/wp\/v2\/comments?post=7183"}],"version-history":[{"count":12,"href":"https:\/\/www.uni-weimar.de\/projekte\/bauhaus-fm\/wp-json\/wp\/v2\/pages\/7183\/revisions"}],"predecessor-version":[{"id":7215,"href":"https:\/\/www.uni-weimar.de\/projekte\/bauhaus-fm\/wp-json\/wp\/v2\/pages\/7183\/revisions\/7215"}],"wp:featuredmedia":[{"embeddable":true,"href":"https:\/\/www.uni-weimar.de\/projekte\/bauhaus-fm\/wp-json\/wp\/v2\/media\/7191"}],"wp:attachment":[{"href":"https:\/\/www.uni-weimar.de\/projekte\/bauhaus-fm\/wp-json\/wp\/v2\/media?parent=7183"}],"curies":[{"name":"wp","href":"https:\/\/api.w.org\/{rel}","templated":true}]}}