{"id":5199,"date":"2018-07-07T17:02:09","date_gmt":"2018-07-07T15:02:09","guid":{"rendered":"http:\/\/www.uni-weimar.de\/projekte\/bauhaus-fm\/?page_id=5199"},"modified":"2018-07-16T20:17:25","modified_gmt":"2018-07-16T18:17:25","slug":"48h-sendung-sommersemester-2018","status":"publish","type":"page","link":"https:\/\/www.uni-weimar.de\/projekte\/bauhaus-fm\/48h-sendung-sommersemester-2018\/","title":{"rendered":"48h-Sendung Sommersemester 2018"},"content":{"rendered":"<table>\n<tbody>\n<tr>\n<td><\/td>\n<td>\n<h3>Montag, 9. Juli 2018<\/h3>\n<\/td>\n<td><\/td>\n<\/tr>\n<tr>\n<td>19:00<\/td>\n<td>Radio Calling!<\/td>\n<td>Magazin<\/td>\n<\/tr>\n<tr>\n<td>20:00<\/td>\n<td><a href=\"https:\/\/www.uni-weimar.de\/projekte\/bauhaus-fm\/tag\/dangerous\/\">Dangerous<\/a><\/td>\n<td>Talk<\/td>\n<\/tr>\n<tr>\n<td>22:00<\/td>\n<td><a href=\"http:\/\/www.uni-weimar.de\/projekte\/bauhaus-fm\/rundfunk\/\">RundFunk<\/a><\/td>\n<td>Magazin<\/td>\n<\/tr>\n<tr>\n<td>23:00<\/td>\n<td><a href=\"http:\/\/www.uni-weimar.de\/projekte\/bauhaus-fm\/nachtstrecke-nacktschnecke\/\">Nachtstrecke\/Nacktschnecke<\/a><\/td>\n<td>Live<\/td>\n<\/tr>\n<tr>\n<td><\/td>\n<td>\n<h3>Dienstag, 10. Juli 2018<\/h3>\n<\/td>\n<td><\/td>\n<\/tr>\n<tr>\n<td>01:00<\/td>\n<td><a href=\"http:\/\/www.uni-weimar.de\/projekte\/bauhaus-fm\/das-weltweite-netzwerk-fuer-ein-bedingungsloses-grundeinkommen\/\">Das weltweite Netzwerk f\u00fcr ein bedingungsloses Grundeinkommen<\/a><\/td>\n<td>Radiokunst<\/td>\n<\/tr>\n<tr>\n<td>04:00<\/td>\n<td><a href=\"http:\/\/www.uni-weimar.de\/projekte\/bauhaus-fm\/toene-des-schreckens-ausgabe-7\/\">T\u00f6ne des Schreckens (Ausgabe 7)<\/a><\/td>\n<td>Musikmagazin<\/td>\n<\/tr>\n<tr>\n<td>05:00<\/td>\n<td>Waschmaschine<\/td>\n<td>Live<\/td>\n<\/tr>\n<tr>\n<td>07:00<\/td>\n<td>Duck and Cove On Air<br \/>\nMorgenmagazin zum neuen Polizeigesetz &#8211; zu Gast im Studio:<br \/>\nSteffen Dittes (Die Linke), Vorsitzender des Innenausschusses im Th\u00fcringer Landtag<\/td>\n<td>Morgenmagazin<\/td>\n<\/tr>\n<tr>\n<td>09:00<\/td>\n<td>Funky-Feature-Caf\u00e8 (Live-Sendung aus dem Atelier hinter dem Hauptgeb\u00e4ude)<\/td>\n<td>Magazin<\/td>\n<\/tr>\n<tr>\n<td>12:00<\/td>\n<td>Herzhaft und S\u00fcss On-Air &#8211; Das kulinarisch-musikalische-internationale Mittagsmagazin<\/td>\n<td>Magazin<\/td>\n<\/tr>\n<tr>\n<td>14:00<\/td>\n<td>After Hours &#8211; Herrenklub der ehrenwerten Gentlemen<br \/>\ndebattierende Herren \u00fcber Fortsetzungsgeschichten in der Rundfunklandschaft<\/td>\n<td>Talk<\/td>\n<\/tr>\n<tr>\n<td>16:00<\/td>\n<td>Music for Laboratories<\/td>\n<td>Musik<\/td>\n<\/tr>\n<tr>\n<td>18:00<\/td>\n<td>G\u00e4nsehaut On Air &#8211; die g\u00e4nsliche Show am h\u00e4utigen Abend<\/td>\n<td>Magazin<\/td>\n<\/tr>\n<tr>\n<td>20:00<\/td>\n<td><a href=\"http:\/\/www.uni-weimar.de\/projekte\/bauhaus-fm\/die-grosse-gloeckner-show\/\">Die gro\u00dfe Gl\u00f6ckner-Show<\/a><\/td>\n<td>Magazin<\/td>\n<\/tr>\n<tr>\n<td>21:00<\/td>\n<td><a href=\"http:\/\/www.uni-weimar.de\/projekte\/bauhaus-fm\/radio-schach\/\">Radio-Schach<\/a><\/td>\n<td>Sport<\/td>\n<\/tr>\n<tr>\n<td>22:00<\/td>\n<td><a href=\"http:\/\/www.uni-weimar.de\/projekte\/bauhaus-fm\/follow-action\/\">Follow Action<\/a><\/td>\n<td>Live<\/td>\n<\/tr>\n<tr>\n<td><\/td>\n<td>\n<h3>Mittwoch, 11. Juli 2018<\/h3>\n<\/td>\n<td><\/td>\n<\/tr>\n<tr>\n<td>00:00<\/td>\n<td><a href=\"http:\/\/www.uni-weimar.de\/projekte\/bauhaus-fm\/squadra-milano\/\">Squadra Milano &#8211; Live-DJ-Set<\/a><\/td>\n<td>Musik<\/td>\n<\/tr>\n<tr>\n<td>01:00<\/td>\n<td>Rh\u00f6nSounds &#8211; So klingt&#8217;s bei uns<\/td>\n<td>Magazin<\/td>\n<\/tr>\n<tr>\n<td>05:00<\/td>\n<td><a href=\"http:\/\/www.uni-weimar.de\/projekte\/bauhaus-fm\/grammophon-der-zukunft-2\/\">DJ Strecke + Grammophon der Zukunft<\/a><\/td>\n<td>Magazin<\/td>\n<\/tr>\n<tr style=\"background: #ccc;\">\n<td>08:00<\/td>\n<td><a href=\"https:\/\/www.radiolotte.de\/radio\/nsu-prozess.php\">Radio Lotte Live von der NSU-Urteilsverk\u00fcndung<\/a><\/td>\n<td><\/td>\n<\/tr>\n<tr>\n<td>12:00<\/td>\n<td>Zuckerschlecken<\/td>\n<td>Spielshow<\/td>\n<\/tr>\n<tr>\n<td>14:00<\/td>\n<td><a href=\"https:\/\/www.uni-weimar.de\/projekte\/bauhaus-fm\/category\/sendung\/nach-dem-kino\/\">Nach dem Kino<\/a><\/td>\n<td>Talk<\/td>\n<\/tr>\n<tr>\n<td>16:00<\/td>\n<td><a href=\"https:\/\/www.uni-weimar.de\/projekte\/bauhaus-fm\/category\/rundfunkorchester\/\">bauhaus.fm-Rundfunkorchester<\/a><\/td>\n<td>Radiokunst<\/td>\n<\/tr>\n<tr>\n<td>17:00<\/td>\n<td><a href=\"http:\/\/www.uni-weimar.de\/projekte\/bauhaus-fm\/abdrift\/\">&#8222;Abdrift&#8220; von Regine Elbers<\/a><\/td>\n<td>H\u00f6rspiel<\/td>\n<\/tr>\n<tr>\n<td>18:00<\/td>\n<td><a href=\"http:\/\/www.uni-weimar.de\/projekte\/bauhaus-fm\/sternstunde-der-bedeutungslosigkeit-teil-2\/\">Sternstunde der Bedeutungslosigkeit<\/a><\/td>\n<td>Magazin<\/td>\n<\/tr>\n<tr>\n<td>19:00<\/td>\n<td>Griechisch-T\u00fcrkischer Show<\/td>\n<td>Magazin<\/td>\n<\/tr>\n<tr>\n<td>20:00<\/td>\n<td><a href=\"http:\/\/www.uni-weimar.de\/projekte\/bauhaus-fm\/slow-radia-radio-feature-show\/\">Slow Radia Radio Feature Show<\/a><\/td>\n<td>Radiokunst<\/td>\n<\/tr>\n<tr>\n<td>22:00<\/td>\n<td>Radio Calling<\/td>\n<td>Magazin<\/td>\n<\/tr>\n<\/tbody>\n<\/table>\n","protected":false},"excerpt":{"rendered":"<p>Montag, 9. Juli 2018 19:00 Radio Calling! Magazin 20:00 Dangerous Talk 22:00 RundFunk Magazin 23:00 Nachtstrecke\/Nacktschnecke Live Dienstag, 10. Juli 2018 01:00 Das weltweite Netzwerk f\u00fcr ein bedingungsloses Grundeinkommen Radiokunst 04:00 T\u00f6ne des Schreckens (Ausgabe 7) Musikmagazin 05:00 Waschmaschine Live 07:00 Duck and Cove On Air Morgenmagazin zum neuen Polizeigesetz &#8211; zu Gast im Studio: [&hellip;]<\/p>\n","protected":false},"author":5,"featured_media":5207,"parent":0,"menu_order":0,"comment_status":"closed","ping_status":"closed","template":"","meta":{"footnotes":""},"class_list":["post-5199","page","type-page","status-publish","has-post-thumbnail","hentry"],"_links":{"self":[{"href":"https:\/\/www.uni-weimar.de\/projekte\/bauhaus-fm\/wp-json\/wp\/v2\/pages\/5199","targetHints":{"allow":["GET"]}}],"collection":[{"href":"https:\/\/www.uni-weimar.de\/projekte\/bauhaus-fm\/wp-json\/wp\/v2\/pages"}],"about":[{"href":"https:\/\/www.uni-weimar.de\/projekte\/bauhaus-fm\/wp-json\/wp\/v2\/types\/page"}],"author":[{"embeddable":true,"href":"https:\/\/www.uni-weimar.de\/projekte\/bauhaus-fm\/wp-json\/wp\/v2\/users\/5"}],"replies":[{"embeddable":true,"href":"https:\/\/www.uni-weimar.de\/projekte\/bauhaus-fm\/wp-json\/wp\/v2\/comments?post=5199"}],"version-history":[{"count":18,"href":"https:\/\/www.uni-weimar.de\/projekte\/bauhaus-fm\/wp-json\/wp\/v2\/pages\/5199\/revisions"}],"predecessor-version":[{"id":5298,"href":"https:\/\/www.uni-weimar.de\/projekte\/bauhaus-fm\/wp-json\/wp\/v2\/pages\/5199\/revisions\/5298"}],"wp:featuredmedia":[{"embeddable":true,"href":"https:\/\/www.uni-weimar.de\/projekte\/bauhaus-fm\/wp-json\/wp\/v2\/media\/5207"}],"wp:attachment":[{"href":"https:\/\/www.uni-weimar.de\/projekte\/bauhaus-fm\/wp-json\/wp\/v2\/media?parent=5199"}],"curies":[{"name":"wp","href":"https:\/\/api.w.org\/{rel}","templated":true}]}}