{"id":4468,"date":"2018-01-09T18:23:22","date_gmt":"2018-01-09T16:23:22","guid":{"rendered":"http:\/\/www.uni-weimar.de\/projekte\/bauhaus-fm\/?page_id=4468"},"modified":"2018-01-24T14:18:03","modified_gmt":"2018-01-24T12:18:03","slug":"53h-sendung-januar-2018","status":"publish","type":"page","link":"https:\/\/www.uni-weimar.de\/projekte\/bauhaus-fm\/53h-sendung-januar-2018\/","title":{"rendered":"53h Sendung Januar 2018"},"content":{"rendered":"<p><strong>Das war die\u00a053h Sendung. In den n\u00e4chsten Tagen folgen die fehlenden Mitschnitte.<\/strong><\/p>\n<table>\n<tbody>\n<tr>\n<td><\/td>\n<td>\n<h3>Montag, 15. Januar 2018<\/h3>\n<\/td>\n<td><\/td>\n<\/tr>\n<tr>\n<td>19:00<\/td>\n<td><a href=\"https:\/\/www.uni-weimar.de\/projekte\/bauhaus-fm\/bauhaus-fm-magazin-15-januar-2018\/\">bauhaus.fm Magazin<\/a><\/td>\n<td>Magazin<\/td>\n<\/tr>\n<tr>\n<td>21:00<\/td>\n<td><a href=\"http:\/\/www.uni-weimar.de\/projekte\/bauhaus-fm\/raptiloiden-musikmagazin-hip-hop\/\">Raptiloiden<\/a><\/td>\n<td>Musikmagazin<\/td>\n<\/tr>\n<tr>\n<td>23:00<\/td>\n<td><a href=\"http:\/\/www.uni-weimar.de\/projekte\/bauhaus-fm\/das-weltweite-netzwerk-fuer-ein-bedingungsloses-grundeinkommen-und-demien-bartok\/\">Das weltweite Netzwerk f\u00fcr ein bedingungsloses Grundeinkommen und Demien Bart\u00f3k<\/a><\/td>\n<td>Radiokunst<\/td>\n<\/tr>\n<tr>\n<td><\/td>\n<td>\n<h3>Dienstag, 16. Januar 2018<\/h3>\n<\/td>\n<td><\/td>\n<\/tr>\n<tr>\n<td>00:00<\/td>\n<td><a href=\"http:\/\/www.uni-weimar.de\/projekte\/bauhaus-fm\/das-weltweite-netzwerk-fuer-ein-bedingungsloses-grundeinkommen-und-demien-bartok\/\">Das weltweite Netzwerk f\u00fcr ein bedingungsloses Grundeinkommen und Demien Bart\u00f3k<\/a><\/td>\n<td>Radiokunst<\/td>\n<\/tr>\n<tr>\n<td>02:00<\/td>\n<td><a href=\"http:\/\/www.uni-weimar.de\/projekte\/bauhaus-fm\/dangerous-22\/\">Dangerous<\/a> <strong>[english]<\/strong><\/td>\n<td>Talk<\/td>\n<\/tr>\n<tr>\n<td>05:00<\/td>\n<td><a href=\"http:\/\/www.uni-weimar.de\/projekte\/bauhaus-fm\/listening-session\/\">Listening Session mit Ioannis Oriwol &#038; Max Broda<\/a><\/td>\n<td>Musikmagazin<\/td>\n<\/tr>\n<tr>\n<td>07:00<\/td>\n<td>Fr\u00fchsport<\/td>\n<td>Livestyle<\/td>\n<\/tr>\n<tr>\n<td>08:00<\/td>\n<td>Sechs Attribute<\/td>\n<td>Musikmagazin<\/td>\n<\/tr>\n<tr>\n<td>09:00<\/td>\n<td><a href=\"http:\/\/www.uni-weimar.de\/projekte\/bauhaus-fm\/so-true\/\">::: so true<\/a><\/td>\n<td>Telewahrheit<\/td>\n<\/tr>\n<tr>\n<td>11:00<\/td>\n<td><a href=\"http:\/\/www.uni-weimar.de\/projekte\/bauhaus-fm\/spazieren-mit-itten\/\">Experimentelles Spazieren mit Itten<\/a><\/td>\n<td>Radiokunst<\/td>\n<\/tr>\n<tr>\n<td>12:00<\/td>\n<td><a href=\"http:\/\/www.uni-weimar.de\/projekte\/bauhaus-fm\/radio-mundo\/\">Radio Mundo<\/a><\/td>\n<td>Magazin<\/td>\n<\/tr>\n<tr>\n<td>14:00<\/td>\n<td><a href=\"https:\/\/www.uni-weimar.de\/projekte\/bauhaus-fm\/category\/rundfunkorchester\/\">bauhaus.fm-Rundfunkorchester<\/a><\/td>\n<td>Klang\/Musik\/Jam<\/td>\n<\/tr>\n<tr>\n<td>16:00<\/td>\n<td>Nietzsche war kein Parsi<\/td>\n<td>Feature<\/td>\n<\/tr>\n<tr>\n<td>17:00<\/td>\n<td><a href=\"https:\/\/www.uni-weimar.de\/projekte\/bauhaus-fm\/tag\/seambauhausfm\/\">SEAM@bauhaus.fm<\/a><\/td>\n<td>Klang\/Musik<\/td>\n<\/tr>\n<tr>\n<td>19:00<\/td>\n<td><a href=\"http:\/\/www.uni-weimar.de\/projekte\/bauhaus-fm\/ein-radiogespraech-mit-serotonin\/\">Ein Radiogespr\u00e4ch mit Serotonin<\/a><\/td>\n<td>Talk<\/td>\n<\/tr>\n<tr>\n<td>20:00<\/td>\n<td><a href=\"http:\/\/www.uni-weimar.de\/projekte\/bauhaus-fm\/cheap-bauhaus\/\">new artistic strategies to tell jokes<\/a>\u00a0<strong>[english]<\/strong><\/td>\n<td>Talk<\/td>\n<\/tr>\n<tr>\n<td>21:00<\/td>\n<td><a href=\"http:\/\/www.uni-weimar.de\/projekte\/bauhaus-fm\/klanggefuehl-drumbass-special\/\">Klanggef\u00fchl<\/a><\/td>\n<td>Musikmagazin<\/td>\n<\/tr>\n<tr>\n<td>22:00<\/td>\n<td><a href=\"http:\/\/www.uni-weimar.de\/projekte\/bauhaus-fm\/ich-hoere-was-was-du-nicht-fuehlst\/\">Ich h\u00f6re was, was du nicht f\u00fchlst<\/a><\/td>\n<td>Magazin<\/td>\n<\/tr>\n<tr>\n<td><\/td>\n<td>\n<h3>Mittwoch, 17. Januar 2018<\/h3>\n<\/td>\n<td><\/td>\n<\/tr>\n<tr>\n<td>00:00<\/td>\n<td>Geschichten vom Herrn Keuner<\/td>\n<td>H\u00f6rspiel<\/td>\n<\/tr>\n<tr>\n<td>01:00<\/td>\n<td><a href=\"http:\/\/www.uni-weimar.de\/projekte\/bauhaus-fm\/youtube-vs-bitwig-vs-midi\/\">Youtube vs. Bitwig vs. MIDI<\/a><\/td>\n<td>Livejam<\/td>\n<\/tr>\n<tr>\n<td>02:00<\/td>\n<td><a href=\"http:\/\/www.uni-weimar.de\/projekte\/bauhaus-fm\/toene-des-schreckens-teil-iv\/\">T\u00f6ne des Schreckens Teil IV<\/a><\/td>\n<td>Musikmagazin<\/td>\n<\/tr>\n<tr>\n<td>04:00<\/td>\n<td><a href=\"http:\/\/www.uni-weimar.de\/projekte\/bauhaus-fm\/das-schlaflabor\/\">Schlaflabor<\/a><\/td>\n<td>Schnarchchor\/Radiokunst<\/td>\n<\/tr>\n<tr>\n<td>05:00<\/td>\n<td><a href=\"http:\/\/www.uni-weimar.de\/projekte\/bauhaus-fm\/fruehsport\/\">Fr\u00fchsport<\/a><\/td>\n<td>Livestyle<\/td>\n<\/tr>\n<tr>\n<td>06:00<\/td>\n<td><a href=\"http:\/\/www.uni-weimar.de\/projekte\/bauhaus-fm\/eine-sternstunde-der-bedeutungslosigkeit\/\">Eine Sternstunde der Bedeutungslosigkeit<\/a><\/td>\n<td>kein Morgenmagazin<\/td>\n<\/tr>\n<tr>\n<td>07:00<\/td>\n<td><a href=\"http:\/\/www.uni-weimar.de\/projekte\/bauhaus-fm\/radio-cure-2\/\">Radio Cure<\/a><\/td>\n<td>Radiokunst<\/td>\n<\/tr>\n<tr>\n<td>08:00<\/td>\n<td>Aufstehen mit Corinna und Selina<\/td>\n<td>Magazin<\/td>\n<\/tr>\n<tr>\n<td>10:00<\/td>\n<td><a href=\"http:\/\/www.uni-weimar.de\/projekte\/bauhaus-fm\/das-radio-fusselt\/\">Das Radio fusselt<\/a><\/td>\n<td>Radiokunst<\/td>\n<\/tr>\n<tr>\n<td>11:00<\/td>\n<td><a href=\"http:\/\/www.uni-weimar.de\/projekte\/bauhaus-fm\/after-hours-comeback-show\/\">After Hours &#8211; The Comeback Show<\/a><\/td>\n<td>Podcast<\/td>\n<\/tr>\n<tr>\n<td>13:00<\/td>\n<td><a href=\"http:\/\/www.uni-weimar.de\/projekte\/bauhaus-fm\/effekthascherei\/\">Effekthascherei<\/a><\/td>\n<td>Magazin<\/td>\n<\/tr>\n<tr>\n<td>14:00<\/td>\n<td><a href=\"https:\/\/www.uni-weimar.de\/projekte\/bauhaus-fm\/category\/sendung\/institut\/\">Institut f\u00fcr k\u00fcnstlerische Strahlung<\/a> <strong>[english]<\/strong><\/td>\n<td>Radiokunst<\/td>\n<\/tr>\n<tr>\n<td>16:00<\/td>\n<td><a href=\"http:\/\/www.uni-weimar.de\/projekte\/bauhaus-fm\/makikobe\/\">makikobe<\/a><\/td>\n<td>Musikmagazin<\/td>\n<\/tr>\n<tr>\n<td>17:00<\/td>\n<td><a href=\"http:\/\/www.uni-weimar.de\/projekte\/bauhaus-fm\/radiologie-zwischenverschnitt\/\">RADIOLOGIE . ZWISCHENverSCHNITT<\/a><\/td>\n<td>Radiokunst<\/td>\n<\/tr>\n<tr>\n<td>18:00<\/td>\n<td><a href=\"http:\/\/www.uni-weimar.de\/projekte\/bauhaus-fm\/trash-talk\/\">Trash Talk<\/a><\/td>\n<td>Talk<\/td>\n<\/tr>\n<tr>\n<td>18:30<\/td>\n<td><a href=\"http:\/\/www.uni-weimar.de\/projekte\/bauhaus-fm\/real-talk\/\">Real Talk<\/a><\/td>\n<td>Magazin<\/td>\n<\/tr>\n<tr>\n<td>19:30<\/td>\n<td><a href=\"http:\/\/www.uni-weimar.de\/projekte\/bauhaus-fm\/korpo-sonis\/\">Korpo Sonis<\/a><\/td>\n<td>Radiokunst<\/td>\n<\/tr>\n<tr>\n<td>20:00<\/td>\n<td><a href=\"http:\/\/www.uni-weimar.de\/projekte\/bauhaus-fm\/kontrapunkt\/\">Kontrapunkt<\/a><\/td>\n<td>Musikmagazin<\/td>\n<\/tr>\n<tr>\n<td>22:00<\/td>\n<td><a href=\"http:\/\/www.uni-weimar.de\/projekte\/bauhaus-fm\/der-maschinenraum-informiert\/\">Der Maschinenraum informiert<\/a><\/td>\n<td>Nerdmagazin<\/td>\n<\/tr>\n<tr>\n<td><strong>ca. 23:00<\/strong><\/td>\n<td><strong>Art&#8217;s Birthday: <a href=\"http:\/\/www.uni-weimar.de\/projekte\/bauhaus-fm\/a-fabulative-archipelago\/\">A Fabulative Archipelago<\/a><\/strong><\/td>\n<td>Radiokunst<\/td>\n<\/tr>\n<\/tbody>\n<\/table>\n","protected":false},"excerpt":{"rendered":"<p>Das war die\u00a053h Sendung. In den n\u00e4chsten Tagen folgen die fehlenden Mitschnitte. Montag, 15. Januar 2018 19:00 bauhaus.fm Magazin Magazin 21:00 Raptiloiden Musikmagazin 23:00 Das weltweite Netzwerk f\u00fcr ein bedingungsloses Grundeinkommen und Demien Bart\u00f3k Radiokunst Dienstag, 16. Januar 2018 00:00 Das weltweite Netzwerk f\u00fcr ein bedingungsloses Grundeinkommen und Demien Bart\u00f3k Radiokunst 02:00 Dangerous [english] Talk [&hellip;]<\/p>\n","protected":false},"author":5,"featured_media":4482,"parent":0,"menu_order":0,"comment_status":"closed","ping_status":"closed","template":"","meta":{"footnotes":""},"class_list":["post-4468","page","type-page","status-publish","has-post-thumbnail","hentry"],"_links":{"self":[{"href":"https:\/\/www.uni-weimar.de\/projekte\/bauhaus-fm\/wp-json\/wp\/v2\/pages\/4468","targetHints":{"allow":["GET"]}}],"collection":[{"href":"https:\/\/www.uni-weimar.de\/projekte\/bauhaus-fm\/wp-json\/wp\/v2\/pages"}],"about":[{"href":"https:\/\/www.uni-weimar.de\/projekte\/bauhaus-fm\/wp-json\/wp\/v2\/types\/page"}],"author":[{"embeddable":true,"href":"https:\/\/www.uni-weimar.de\/projekte\/bauhaus-fm\/wp-json\/wp\/v2\/users\/5"}],"replies":[{"embeddable":true,"href":"https:\/\/www.uni-weimar.de\/projekte\/bauhaus-fm\/wp-json\/wp\/v2\/comments?post=4468"}],"version-history":[{"count":62,"href":"https:\/\/www.uni-weimar.de\/projekte\/bauhaus-fm\/wp-json\/wp\/v2\/pages\/4468\/revisions"}],"predecessor-version":[{"id":4777,"href":"https:\/\/www.uni-weimar.de\/projekte\/bauhaus-fm\/wp-json\/wp\/v2\/pages\/4468\/revisions\/4777"}],"wp:featuredmedia":[{"embeddable":true,"href":"https:\/\/www.uni-weimar.de\/projekte\/bauhaus-fm\/wp-json\/wp\/v2\/media\/4482"}],"wp:attachment":[{"href":"https:\/\/www.uni-weimar.de\/projekte\/bauhaus-fm\/wp-json\/wp\/v2\/media?parent=4468"}],"curies":[{"name":"wp","href":"https:\/\/api.w.org\/{rel}","templated":true}]}}