{"id":1160,"date":"2015-07-09T19:00:33","date_gmt":"2015-07-09T17:00:33","guid":{"rendered":"http:\/\/www.uni-weimar.de\/projekte\/bauhaus-fm\/?page_id=1160"},"modified":"2016-01-31T23:22:17","modified_gmt":"2016-01-31T21:22:17","slug":"48h-sendung-juli-2015","status":"publish","type":"page","link":"https:\/\/www.uni-weimar.de\/projekte\/bauhaus-fm\/48h-sendung-juli-2015\/","title":{"rendered":"48h Sendung Juli 2015"},"content":{"rendered":"<p>Ab Donnerstag den 9. Juli, 19.00 Uhr bis Samstag den 11. Juli, 19.00 Uhr sendet bauhaus.fm wieder durchg\u00e4ngiges Programm von, \u00fcber und neben der <a href=\"http:\/\/www.uni-weimar.de\/de\/universitaet\/profil\/veranstaltungen\/veranstaltungen-2015\/summaery2015\/\">Summaery<\/a> der Bauhaus-Universit\u00e4t Weimar.<\/p>\n<p><!--more--><\/p>\n<h1>\nInfos zum Programm<\/h1>\n<h2>Donnerstag:<\/h2>\n<p>19.00 &#8211; Summaery meets 48h &#8211; ein kurzer einblick in frische Projekte vom Experimentellen Radio<br \/>\n21.00 &#8211; Pro Tools Outcomes &#8211; u.a. mit Dschingis Khan und einer Klangreise zum Mars<br \/>\n22.00 &#8211; Archivperle 2010: Freunde der Sehnsucht &#8211; Eine musikalische Butterfahrt mit Ihrem Reiseleiter Kapit\u00e4n Estragon. Orchestral begleitet von: Ich Schwitze Nie, Erika Stucky, Mariahilff, Tarran The Tailor, The Dead Brothers und anderen. Mit an Bord: D\u00f6rrfleisch, Rum und Kinetose. Bon Voyage &#8211; Eine Sendung von 2010<br \/>\n23.00 &#8211; Mega Nerd Super Talk &#8211; Der monologisierende Nerd<\/p>\n<h2>Freitag:<\/h2>\n<p>01.00 &#8211; Get Ur Freak On! &#8211; Sechs Stunden Female Rap &#8211; Das Doper than Dope Special<br \/>\n07.00 &#8211; Best Off SEAM SS14\/15 &#8211; Klangkunst aus dem Studio f\u00fcr Elektroakustische Musik<br \/>\n08.00 &#8211; Cranach und die Filmpiraten &#8211; Reportagen und Interviews pr\u00e4sentiert von Larissa Hamann und Anna Veltrup<br \/>\n10.00 &#8211; Archivperle 2015: Gaming jenseits von Spielsucht &#8211; Oculus Rift, Virtual Reality &#038; Video Game Music<br \/>\n13.00 &#8211; Big Bricks Music &#8211; die Musiksendung zum Label<br \/>\n15.00 &#8211; Stunk im Funk &#8211; Live von der Ausstellung &#8222;H\u00d6RG&#8217;R\u00c4TEN&#8220; in der Other Music Academy<br \/>\n17.00 &#8211; Steckr\u00fcbenwinter &#8211; Eine H\u00f6rspielproduktion in deutsch-franz\u00f6sischer Zusammenarbeit \u00fcber den 1. Weltkrieg<br \/>\n20.00 &#8211; Verarbeite, was dich verarbeitet &#8211; mit Live-Looper-Tommy Neuwirth aka The Basic Income Earth Network<\/p>\n<h2>\nSamstag<\/h2>\n<p>00.00 &#8211; Further Suns in Bloom &#8211; Radiowellen f\u00fcr den Weltraum<br \/>\n02.00 &#8211; Ein Kopfnickerchen vor des Morgens Grauen bereitgestellt von Bear With Me &#8211; Eine sanfte Nackenmassage f\u00fcr das arme Volk, das noch oder schon schaffen muss.<br \/>\n03.00 &#8211; Nachtmusik &#8211; Livekonzert von Igor &#038; Friends, Studenten der Hochschule f\u00fcr Musik Franz Liszt<br \/>\n05.00 &#8211; Gentle Lurch &#8211; Konzertmitschnitt aus dem hinterzimmer<br \/>\n06.00 &#8211; Chief in the Garden &#8211; Konzertmitschnitt aus dem hinterzimmer<br \/>\n07.00 &#8211; Edu, Jorge, Arthur &#038; Us. &#8211; Brazilian Breakfast mit Marlow &#038; Skoluda<br \/>\n09.00 &#8211; Strings Attached &#8211;  Warum dein Girl dich f\u00fcr einen Singer-Songwriter stehen lassen w\u00fcrde<br \/>\n10.00 &#8211; What&#8217;s up Backup? &#8211; R\u00fcckblick vom diesj\u00e4hrigen Filmfestival<br \/>\n11.00 &#8211; dwig live @ Tanzw\u00fcste &#8211; gem\u00fctliches Liveset von der Tanzw\u00fcste der Fusion 2015<br \/>\n12.00 &#8211; Schreiben f\u00fcr&#8217;s H\u00f6ren, h\u00f6ren was geschrieben wurde &#8211; von Jingles, \u00fcber Werbung bishin zu kleinen und gro\u00dfen H\u00f6rspielen<br \/>\n14.00 &#8211; Zwischen Polfilter und Patchkabel &#8211; Der Audiobaukasten live aus der Other Music Academy<br \/>\n16.00 &#8211; Interludes &#8211; \u00dcberbr\u00fcckungsmusik<br \/>\n17.00 &#8211; Rette uns wer kann! &#8211; Die Abschlusssendung live aus dem Glaskasten der Limona<br \/>\n&#8211; 19.00<\/p>\n","protected":false},"excerpt":{"rendered":"<p>Ab Donnerstag den 9. Juli, 19.00 Uhr bis Samstag den 11. Juli, 19.00 Uhr sendet bauhaus.fm wieder durchg\u00e4ngiges Programm von, \u00fcber und neben der Summaery der Bauhaus-Universit\u00e4t Weimar.<\/p>\n","protected":false},"author":5,"featured_media":1161,"parent":0,"menu_order":0,"comment_status":"closed","ping_status":"closed","template":"","meta":{"footnotes":""},"class_list":["post-1160","page","type-page","status-publish","has-post-thumbnail","hentry"],"_links":{"self":[{"href":"https:\/\/www.uni-weimar.de\/projekte\/bauhaus-fm\/wp-json\/wp\/v2\/pages\/1160","targetHints":{"allow":["GET"]}}],"collection":[{"href":"https:\/\/www.uni-weimar.de\/projekte\/bauhaus-fm\/wp-json\/wp\/v2\/pages"}],"about":[{"href":"https:\/\/www.uni-weimar.de\/projekte\/bauhaus-fm\/wp-json\/wp\/v2\/types\/page"}],"author":[{"embeddable":true,"href":"https:\/\/www.uni-weimar.de\/projekte\/bauhaus-fm\/wp-json\/wp\/v2\/users\/5"}],"replies":[{"embeddable":true,"href":"https:\/\/www.uni-weimar.de\/projekte\/bauhaus-fm\/wp-json\/wp\/v2\/comments?post=1160"}],"version-history":[{"count":3,"href":"https:\/\/www.uni-weimar.de\/projekte\/bauhaus-fm\/wp-json\/wp\/v2\/pages\/1160\/revisions"}],"predecessor-version":[{"id":1165,"href":"https:\/\/www.uni-weimar.de\/projekte\/bauhaus-fm\/wp-json\/wp\/v2\/pages\/1160\/revisions\/1165"}],"wp:featuredmedia":[{"embeddable":true,"href":"https:\/\/www.uni-weimar.de\/projekte\/bauhaus-fm\/wp-json\/wp\/v2\/media\/1161"}],"wp:attachment":[{"href":"https:\/\/www.uni-weimar.de\/projekte\/bauhaus-fm\/wp-json\/wp\/v2\/media?parent=1160"}],"curies":[{"name":"wp","href":"https:\/\/api.w.org\/{rel}","templated":true}]}}