{"id":10940,"date":"2026-05-08T14:42:17","date_gmt":"2026-05-08T12:42:17","guid":{"rendered":"https:\/\/www.uni-weimar.de\/projekte\/bauhaus-fm\/?page_id=10940"},"modified":"2026-05-08T14:42:18","modified_gmt":"2026-05-08T12:42:18","slug":"datenschutzinformation","status":"publish","type":"page","link":"https:\/\/www.uni-weimar.de\/projekte\/bauhaus-fm\/datenschutzinformation\/","title":{"rendered":"Datenschutzinformation"},"content":{"rendered":"<p><strong>Datenschutz<\/strong><\/p>\n<p><strong>I. Name und Anschrift des Verantwortlichen<\/strong><\/p>\n<p>Bauhaus-Universit\u00e4t Weimar, vertreten durch\u00a0<a href=\"https:\/\/www.uni-weimar.de\/de\/universitaet\/struktur\/universitaetsleitung\/\">den Pr\u00e4sident<\/a>en<br \/>\nGeschwister-Scholl-Stra\u00dfe 8, 99423 Weimar, Deutschland<br \/>\nTelefon:\u00a0<a href=\"tel:+493643581110\">+49 (0) 36 43\/58 11 10<\/a><\/p>\n\n<p>Interner Ansprechpartner:<\/p>\n<p>Eleftherios Krysalis<\/p>\n<p>K\u00fcnstlerischer Mitarbeiter, Professur Experimentelles Radio<\/p>\n<p>Fakult\u00e4t Kunst und Gestaltung<\/p>\n<p>Bauhaus-Universit\u00e4t Weimar<\/p>\n<p>Marienstra\u00dfe 5<\/p>\n<p>99423 Weimar<\/p>\n<p>E-Mail: eleftherios.krysalis@uni-weimar.de<\/p>\n<p><strong>II. Kontaktangaben der Datenschutzbeauftragten<\/strong><\/p>\n<p>B\u00fcro des Kanzlers<br \/>\nBelvederer Allee 6, 99423 Weimar, Deutschland<br \/>\nE-Mail:\u00a0<a href=\"https:\/\/www.uni-weimar.de\/de\/datenschutz\/\">datenschutz[at]uni-weimar.de<\/a> s<\/p>\n\n<p><strong>III. Bereitstellung der Website und Erstellung von Logfiles<\/strong><\/p>\n<ol>\n<li>Beschreibung und Umfang der Datenverarbeitung<\/li>\n<\/ol>\n<p>Wir verarbeiten personenbezogene Daten unserer Nutzenden grunds\u00e4tzlich nur, soweit dies zur Bereitstellung einer funktionsf\u00e4higen Website erforderlich ist.<\/p>\n<p>Bei jedem Aufruf unserer Internetseite erfasst unser System automatisiert Daten und Informationen vom Computersystem des aufrufenden Rechners.<br \/>\nFolgende Daten werden hierbei erhoben:<\/p>\n<p>(1) Informationen \u00fcber den Browsertyp und die verwendete Version<br \/>\n(2) Das Betriebssystem der Nutzenden<br \/>\n(3) Den Internet-Service-Provider der Nutzenden<br \/>\n(4) Die IP-Adresse der Nutzenden<br \/>\n(5) Datum und Uhrzeit des Zugriffs<br \/>\n(6) Websites, von denen das System der Nutzenden auf unsere Internetseite gelangt<br \/>\n(7) Websites, die vom System der Nutzenden \u00fcber unsere Website aufgerufen werden<\/p>\n<p>Diese Daten werden f\u00fcr die Dauer von maximal sieben Tagen in den Logfiles unseres Systems gespeichert, eine Speicherung dieser Daten zusammen mit anderen personenbezogenen Daten der Nutzenden findet nicht statt. Danach werden die IP-Adressen anonymisiert, so dass eine direkte Zuordnung des aufrufenden Clients somit nicht mehr m\u00f6glich ist. Diese anonymisierten Datens\u00e4tze werden langfristig zu Forensikzwecken gespeichert.<\/p>\n<ol start=\"2\">\n<li>Rechtsgrundlage f\u00fcr die Datenverarbeitung<\/li>\n<\/ol>\n<p>Rechtsgrundlage f\u00fcr die Speicherung der Daten und der Logfiles ist Art. 6 Abs. 1 lit. e i.V.m. Abs. 3 DSGVO i.V.m. \u00a7 16 Abs. 1 Th\u00fcrDSG. Die Information der \u00d6ffentlichkeit \u00fcber Studium und Forschung an der Bauhaus-Universit\u00e4t Weimar ist Teil unserer Aufgaben.<\/p>\n<ol start=\"3\">\n<li>Zweck der Datenverarbeitung<\/li>\n<\/ol>\n<p>Die vor\u00fcbergehende Speicherung der IP-Adresse durch das System ist notwendig, um eine Auslieferung der Website an den Rechner der Nutzenden zu erm\u00f6glichen. Die Speicherung in Logfiles erfolgt, um die Funktionsf\u00e4higkeit der Website sicherzustellen. Zudem dienen uns die Daten zur Sicherstellung der Sicherheit unserer informationstechnischen Systeme und zu Forensikzwecken.<\/p>\n<ol start=\"4\">\n<li>Dauer der Speicherung<\/li>\n<\/ol>\n<p>Die Daten werden gel\u00f6scht, sobald sie f\u00fcr die Erreichung des Zweckes ihrer Erhebung nicht mehr erforderlich sind. Im Falle der Erfassung der Daten zur Bereitstellung der Website ist dies der Fall, wenn die jeweilige Sitzung beendet ist.<br \/>\nDie IP-Adressen in Logfiles werden nach sieben Tagen anonymisiert, so dass eine direkte Zuordnung des aufrufenden Clients somit nicht mehr m\u00f6glich ist. Diese anonymisierten Datens\u00e4tze werden langfristig gespeichert.<\/p>\n\n<p><strong>IV. Verwendung von Cookies<\/strong><\/p>\n<ol>\n<li>Beschreibung und Umfang der Datenverarbeitung<\/li>\n<\/ol>\n<p>Unsere Webseite verwendet Cookies. Bei Cookies handelt es sich um Textdateien, die im Internetbrowser bzw. vom Internetbrowser auf dem Computersystem der Nutzenden gespeichert werden. Rufen Nutzende eine Website auf, so kann ein Cookie auf dem Betriebssystem der Nutzenden gespeichert werden. Dieses Cookie enth\u00e4lt eine charakteristische Zeichenfolge, die eine eindeutige Identifizierung des Browsers beim erneuten Aufrufen der Website erm\u00f6glicht.<\/p>\n<p>Wir setzen Cookies ein, um unsere Website nutzerfreundlicher zu gestalten. Einige Elemente unserer Internetseite erfordern es, dass der aufrufende Browser auch nach einem Seitenwechsel identifiziert werden kann.<\/p>\n<p>In den Cookies werden dabei folgende Daten gespeichert und \u00fcbermittelt:<\/p>\n<p>(1) Benutzereinstellung zum Opt-Out aus dem Webanalyseverfahren durch Matomo (ehemals PIWIK)<br \/>\n(2) bei Seiten mit Login die Sessionkennung<br \/>\n(3) Zeitpunkt des Aufrufs bestimmter Formulare zur Spamabwehr<\/p>\n<ol start=\"2\">\n<li>Rechtsgrundlage f\u00fcr die Datenverarbeitung<\/li>\n<\/ol>\n<p>Die Rechtsgrundlage f\u00fcr die Verarbeitung personenbezogener Daten unter Verwendung von Cookies ist Art. 6 Abs. 1 lit. e i.V.m. Abs. 3 DSGVO i.V.m. \u00a7 16 Abs. 1 Th\u00fcrDSG.<\/p>\n<ol start=\"3\">\n<li>Zweck der Datenverarbeitung<\/li>\n<\/ol>\n<p>Der Zweck der Verwendung technisch notwendiger Cookies ist, die Nutzung von Websites f\u00fcr die Nutzenden zu vereinfachen. Unsere Internetseite kann prinzipiell ohne Verwendung von Cookies genutzt werden. Einige Funktionen k\u00f6nnen allerdings ohne den Einsatz von Cookies nicht angeboten werden. F\u00fcr diese ist es erforderlich, dass der Browser auch nach einem Seitenwechsel wiedererkannt wird.<br \/>\nDie Anwendungen, f\u00fcr die wir Cookies ben\u00f6tigen, sind unter IV. 1. genannt.<br \/>\nDie durch technisch notwendige Cookies erhobenen Nutzerdaten werden nicht zur Erstellung von Nutzerprofilen verwendet.<\/p>\n<ol start=\"4\">\n<li>Dauer der Speicherung, Widerspruchs- und Beseitigungsm\u00f6glichkeit<\/li>\n<\/ol>\n<p>Cookies werden auf dem Rechner der Nutzenden gespeichert und von diesem an unserer Seite \u00fcbermittelt. Daher haben Sie als Nutzende auch die volle Kontrolle \u00fcber die Verwendung von Cookies. Durch eine \u00c4nderung der Einstellungen in Ihrem Internetbrowser k\u00f6nnen Sie die \u00dcbertragung von Cookies deaktivieren oder einschr\u00e4nken. Bereits gespeicherte Cookies k\u00f6nnen jederzeit gel\u00f6scht werden. Dies kann auch automatisiert erfolgen. Werden Cookies f\u00fcr unsere Website deaktiviert, k\u00f6nnen m\u00f6glicherweise nicht mehr alle Funktionen der Website vollumf\u00e4nglich genutzt werden.<\/p>\n<p><strong>V. Rechte der betroffenen Person<\/strong><\/p>\n<ol>\n<li>Auskunftsrecht<\/li>\n<\/ol>\n<p>Sie k\u00f6nnen von dem Verantwortlichen gem\u00e4\u00df Art. 15 DS-GVO Auskunft dar\u00fcber verlangen, ob und welche personenbezogenen Daten von Ihnen verarbeitet werden.<\/p>\n<ol start=\"2\">\n<li>Recht auf Berichtigung<\/li>\n<\/ol>\n<p>Sie haben ein Recht auf Berichtigung und\/oder Vervollst\u00e4ndigung Ihrer personenbezogenen Daten gem\u00e4\u00df Art. 16 DS-GVO, sofern diese unrichtig oder unvollst\u00e4ndig sind.<\/p>\n<ol start=\"3\">\n<li>Recht auf Einschr\u00e4nkung und L\u00f6schung der Verarbeitung<\/li>\n<\/ol>\n<p>Sie haben dar\u00fcber hinaus das Recht auf Einschr\u00e4nkung (Art. 17 DS-GVO) oder L\u00f6schung (Art. 18 DS-GVO) Ihrer personenbezogenen Daten.<\/p>\n<ol start=\"4\">\n<li>Widerspruchsrecht<\/li>\n<\/ol>\n<p>Beruht die Datenverarbeitung auf Art. 6 Abs. 1 lit. e DS-GVO haben Sie das Recht, jederzeit der Verarbeitung der Sie betreffenden personenbezogenen Daten zu widersprechen.<\/p>\n\n<p>F\u00fcr die Wahrnehmung Ihrer Rechte wenden Sie sich bitte an:<\/p>\n\n<p>Eleftherios Krysalis<\/p>\n<p>K\u00fcnstlerischer Mitarbeiter, Professur Experimentelles Radio<\/p>\n<p>Fakult\u00e4t Kunst und Gestaltung<\/p>\n<p>Bauhaus-Universit\u00e4t Weimar<\/p>\n<p>Marienstra\u00dfe 5<\/p>\n<p>99423 Weimar<\/p>\n<p>E-Mail: eleftherios.krysalis@uni-weimar.de<\/p>\n\n<ol start=\"5\">\n<li>Recht auf Beschwerde bei einer Aufsichtsbeh\u00f6rde<\/li>\n<\/ol>\n<p>Sie haben das Recht auf Beschwerde bei einer Aufsichtsbeh\u00f6rde gem\u00e4\u00df Art. 78 DSGVO.<\/p>\n\n\n\n\n","protected":false},"excerpt":{"rendered":"<p>Datenschutz I. Name und Anschrift des Verantwortlichen Bauhaus-Universit\u00e4t Weimar, vertreten durch\u00a0den Pr\u00e4sidenten Geschwister-Scholl-Stra\u00dfe 8, 99423 Weimar, Deutschland Telefon:\u00a0+49 (0) 36 43\/58 11 10 Interner Ansprechpartner: Eleftherios Krysalis K\u00fcnstlerischer Mitarbeiter, Professur Experimentelles Radio Fakult\u00e4t Kunst und Gestaltung Bauhaus-Universit\u00e4t Weimar Marienstra\u00dfe 5 99423 Weimar E-Mail: eleftherios.krysalis@uni-weimar.de II. Kontaktangaben der Datenschutzbeauftragten B\u00fcro des Kanzlers Belvederer Allee 6, 99423 [&hellip;]<\/p>\n","protected":false},"author":40,"featured_media":0,"parent":0,"menu_order":0,"comment_status":"closed","ping_status":"closed","template":"","meta":{"footnotes":""},"class_list":["post-10940","page","type-page","status-publish","hentry"],"_links":{"self":[{"href":"https:\/\/www.uni-weimar.de\/projekte\/bauhaus-fm\/wp-json\/wp\/v2\/pages\/10940","targetHints":{"allow":["GET"]}}],"collection":[{"href":"https:\/\/www.uni-weimar.de\/projekte\/bauhaus-fm\/wp-json\/wp\/v2\/pages"}],"about":[{"href":"https:\/\/www.uni-weimar.de\/projekte\/bauhaus-fm\/wp-json\/wp\/v2\/types\/page"}],"author":[{"embeddable":true,"href":"https:\/\/www.uni-weimar.de\/projekte\/bauhaus-fm\/wp-json\/wp\/v2\/users\/40"}],"replies":[{"embeddable":true,"href":"https:\/\/www.uni-weimar.de\/projekte\/bauhaus-fm\/wp-json\/wp\/v2\/comments?post=10940"}],"version-history":[{"count":1,"href":"https:\/\/www.uni-weimar.de\/projekte\/bauhaus-fm\/wp-json\/wp\/v2\/pages\/10940\/revisions"}],"predecessor-version":[{"id":10941,"href":"https:\/\/www.uni-weimar.de\/projekte\/bauhaus-fm\/wp-json\/wp\/v2\/pages\/10940\/revisions\/10941"}],"wp:attachment":[{"href":"https:\/\/www.uni-weimar.de\/projekte\/bauhaus-fm\/wp-json\/wp\/v2\/media?parent=10940"}],"curies":[{"name":"wp","href":"https:\/\/api.w.org\/{rel}","templated":true}]}}